{"id":3473,"date":"2023-09-15T21:03:43","date_gmt":"2023-09-15T21:03:43","guid":{"rendered":"https:\/\/payxusa.com\/dieu-khoan-va-dieu-kien\/"},"modified":"2025-02-18T09:29:11","modified_gmt":"2025-02-18T09:29:11","slug":"dieu-khoan-va-dieu-kien","status":"publish","type":"page","link":"https:\/\/www.payxusa.com\/vi\/dieu-khoan-va-dieu-kien\/","title":{"rendered":"\u0110i\u1ec1u kho\u1ea3n v\u00e0 \u0111i\u1ec1u ki\u1ec7n"},"content":{"rendered":"\t\t<div data-elementor-type=\"wp-page\" data-elementor-id=\"3473\" class=\"elementor elementor-3473 elementor-527\">\n\t\t\t\t\t\t<section class=\"elementor-section elementor-top-section elementor-element elementor-element-9acc6cd elementor-section-full_width elementor-section-height-min-height elementor-section-height-default elementor-section-items-middle\" data-id=\"9acc6cd\" data-element_type=\"section\" data-e-type=\"section\" data-settings=\"{&quot;background_background&quot;:&quot;classic&quot;}\">\n\t\t\t\t\t\t\t<div class=\"elementor-background-overlay\"><\/div>\n\t\t\t\t\t\t\t<div class=\"elementor-container elementor-column-gap-default\">\n\t\t\t\t\t<div class=\"elementor-column elementor-col-100 elementor-top-column elementor-element elementor-element-41eb05b\" data-id=\"41eb05b\" data-element_type=\"column\" data-e-type=\"column\">\n\t\t\t<div class=\"elementor-widget-wrap elementor-element-populated\">\n\t\t\t\t\t\t<div class=\"elementor-element elementor-element-8583e53 elementor-widget elementor-widget-heading\" data-id=\"8583e53\" data-element_type=\"widget\" data-e-type=\"widget\" data-widget_type=\"heading.default\">\n\t\t\t\t<div class=\"elementor-widget-container\">\n\t\t\t\t\t<h2 class=\"elementor-heading-title elementor-size-default\">\u0110i\u1ec1u kho\u1ea3n &amp; \u0110i\u1ec1u ki\u1ec7n<\/h2>\t\t\t\t<\/div>\n\t\t\t\t<\/div>\n\t\t\t\t\t<\/div>\n\t\t<\/div>\n\t\t\t\t\t<\/div>\n\t\t<\/section>\n\t\t\t\t<section class=\"elementor-section elementor-top-section elementor-element elementor-element-73644919 elementor-section-boxed elementor-section-height-default elementor-section-height-default\" data-id=\"73644919\" data-element_type=\"section\" data-e-type=\"section\">\n\t\t\t\t\t\t<div class=\"elementor-container elementor-column-gap-default\">\n\t\t\t\t\t<div class=\"elementor-column elementor-col-100 elementor-top-column elementor-element elementor-element-4a2b8886\" data-id=\"4a2b8886\" data-element_type=\"column\" data-e-type=\"column\">\n\t\t\t<div class=\"elementor-widget-wrap elementor-element-populated\">\n\t\t\t\t\t\t<div class=\"elementor-element elementor-element-50497800 elementor-widget elementor-widget-text-editor\" data-id=\"50497800\" data-element_type=\"widget\" data-e-type=\"widget\" data-widget_type=\"text-editor.default\">\n\t\t\t\t<div class=\"elementor-widget-container\">\n\t\t\t\t\t\t\t\t\t\n<h3 class=\"wp-block-heading\"><strong>Ng\u00e0y c\u00f3 hi\u1ec7u l\u1ef1c:<\/strong> 16 th\u00e1ng 1 n\u0103m 2025<\/h3>\n\n<p>C\u00e1c \u0110i\u1ec1u kho\u1ea3n v\u00e0 \u0110i\u1ec1u ki\u1ec7n n\u00e0y (&#8220;\u0110i\u1ec1u kho\u1ea3n&#8221;) chi ph\u1ed1i vi\u1ec7c b\u1ea1n truy c\u1eadp v\u00e0 s\u1eed d\u1ee5ng \u1ee9ng d\u1ee5ng di \u0111\u1ed9ng PayX (&#8220;\u1ee8ng d\u1ee5ng&#8221;) v\u00e0 trang web PayX ( <a href=\"http:\/\/www.payxusa.com\">www.PayXUSA.com<\/a> ) (&#8220;Trang web&#8221;), do Merced Companies Inc. (&#8220;Merced Companies&#8221;, &#8220;ch\u00fang t\u00f4i&#8221;, &#8220;c\u1ee7a ch\u00fang t\u00f4i&#8221;) cung c\u1ea5p. B\u1eb1ng c\u00e1ch s\u1eed d\u1ee5ng \u1ee8ng d\u1ee5ng ho\u1eb7c Trang web, b\u1ea1n \u0111\u1ed3ng \u00fd tu\u00e2n th\u1ee7 c\u00e1c \u0110i\u1ec1u kho\u1ea3n n\u00e0y. N\u1ebfu b\u1ea1n kh\u00f4ng \u0111\u1ed3ng \u00fd v\u1edbi c\u00e1c \u0110i\u1ec1u kho\u1ea3n n\u00e0y, vui l\u00f2ng kh\u00f4ng s\u1eed d\u1ee5ng \u1ee8ng d\u1ee5ng ho\u1eb7c Trang web.  <\/p>\n\n<h3 class=\"wp-block-heading\"><strong>1. \u0110\u1ecbnh ngh\u0129a<\/strong><\/h3>\n\n<p>\u0110\u1ec3 r\u00f5 r\u00e0ng, c\u00e1c \u0111\u1ecbnh ngh\u0129a sau \u0111\u00e2y \u00e1p d\u1ee5ng trong to\u00e0n b\u1ed9 c\u00e1c \u0110i\u1ec1u kho\u1ea3n n\u00e0y<\/p>\n\n<ol class=\"wp-block-list\">\n<li><strong>&#8220;D\u1ecbch v\u1ee5&#8221;<\/strong> \u0111\u1ec1 c\u1eadp \u0111\u1ebfn t\u1ea5t c\u1ea3 c\u00e1c t\u00ednh n\u0103ng, ch\u1ee9c n\u0103ng v\u00e0 n\u1ed9i dung \u0111\u01b0\u1ee3c cung c\u1ea5p th\u00f4ng qua \u1ee8ng d\u1ee5ng v\u00e0 Trang web.<\/li>\n\n<li> <strong>&#8220;\u1ee8ng d\u1ee5ng&#8221;<\/strong> \u0111\u1ec1 c\u1eadp \u0111\u1ebfn \u1ee9ng d\u1ee5ng di \u0111\u1ed9ng PayX.<\/li>\n\n<li><strong>&#8220;Trang web&#8221;<\/strong> \u0111\u1ec1 c\u1eadp \u0111\u1ebfn trang web PayX c\u00f3 \u0111\u1ecba ch\u1ec9 t\u1ea1i <a href=\"http:\/\/www.payxusa.com\">www.PayXUSA.com<\/a> .<\/li>\n\n<li><strong>&#8220;Ng\u01b0\u1eddi d\u00f9ng&#8221;<\/strong> l\u00e0 b\u1ea5t k\u1ef3 c\u00e1 nh\u00e2n ho\u1eb7c t\u1ed5 ch\u1ee9c n\u00e0o truy c\u1eadp ho\u1eb7c s\u1eed d\u1ee5ng \u1ee8ng d\u1ee5ng ho\u1eb7c Trang web<\/li>\n<\/ol>\n\n<h3 class=\"wp-block-heading\"><strong>2. S\u1eed d\u1ee5ng \u1ee8ng d\u1ee5ng v\u00e0 Trang web<\/strong><\/h3>\n\n<ol class=\"wp-block-list\">\n<li><strong>\u0110i\u1ec1u ki\u1ec7n<\/strong> : B\u1eb1ng c\u00e1ch s\u1eed d\u1ee5ng \u1ee8ng d\u1ee5ng ho\u1eb7c Trang web, b\u1ea1n tuy\u00ean b\u1ed1 v\u00e0 b\u1ea3o \u0111\u1ea3m r\u1eb1ng b\u1ea1n \u00edt nh\u1ea5t 18 tu\u1ed5i v\u00e0 c\u00f3 n\u0103ng l\u1ef1c ph\u00e1p l\u00fd \u0111\u1ec3 tham gia v\u00e0o c\u00e1c \u0110i\u1ec1u kho\u1ea3n n\u00e0y. N\u1ebfu b\u1ea1n \u0111ang s\u1eed d\u1ee5ng \u1ee8ng d\u1ee5ng ho\u1eb7c Trang web thay m\u1eb7t cho m\u1ed9t c\u00f4ng ty ho\u1eb7c t\u1ed5 ch\u1ee9c, b\u1ea1n tuy\u00ean b\u1ed1 v\u00e0 b\u1ea3o \u0111\u1ea3m th\u00eam r\u1eb1ng b\u1ea1n c\u00f3 th\u1ea9m quy\u1ec1n r\u00e0ng bu\u1ed9c th\u1ef1c th\u1ec3 \u0111\u00f3 v\u1edbi c\u00e1c \u0110i\u1ec1u kho\u1ea3n n\u00e0y. <\/li>\n\n<li> <strong>Gi\u1ea5y ph\u00e9p<\/strong> : Theo c\u00e1c \u0110i\u1ec1u kho\u1ea3n n\u00e0y, Merced Companies c\u1ea5p cho b\u1ea1n gi\u1ea5y ph\u00e9p c\u00f3 gi\u1edbi h\u1ea1n, kh\u00f4ng \u0111\u1ed9c quy\u1ec1n, kh\u00f4ng th\u1ec3 chuy\u1ec3n nh\u01b0\u1ee3ng v\u00e0 c\u00f3 th\u1ec3 thu h\u1ed3i \u0111\u1ec3 truy c\u1eadp v\u00e0 s\u1eed d\u1ee5ng \u1ee8ng d\u1ee5ng v\u00e0 Trang web cho m\u1ee5c \u0111\u00edch c\u00e1 nh\u00e2n, phi th\u01b0\u01a1ng m\u1ea1i c\u1ee7a b\u1ea1n. B\u1ea1n kh\u00f4ng \u0111\u01b0\u1ee3c sao ch\u00e9p, s\u1eeda \u0111\u1ed5i, ph\u00e2n ph\u1ed1i, b\u00e1n, cho thu\u00ea, c\u1ea5p ph\u00e9p l\u1ea1i, thi\u1ebft k\u1ebf ng\u01b0\u1ee3c ho\u1eb7c c\u1ed1 g\u1eafng tr\u00edch xu\u1ea5t m\u00e3 ngu\u1ed3n c\u1ee7a \u1ee8ng d\u1ee5ng ho\u1eb7c Trang web. <\/li>\n\n<li><strong>T\u00e0i kho\u1ea3n ng\u01b0\u1eddi d\u00f9ng<\/strong> : \u0110\u1ec3 truy c\u1eadp m\u1ed9t s\u1ed1 t\u00ednh n\u0103ng nh\u1ea5t \u0111\u1ecbnh, b\u1ea1n c\u00f3 th\u1ec3 c\u1ea7n t\u1ea1o m\u1ed9t t\u00e0i kho\u1ea3n. B\u1ea1n c\u00f3 tr\u00e1ch nhi\u1ec7m duy tr\u00ec t\u00ednh b\u1ea3o m\u1eadt c\u1ee7a th\u00f4ng tin \u0111\u0103ng nh\u1eadp t\u00e0i kho\u1ea3n v\u00e0 m\u1ecdi ho\u1ea1t \u0111\u1ed9ng trong t\u00e0i kho\u1ea3n c\u1ee7a b\u1ea1n. B\u1ea1n \u0111\u1ed3ng \u00fd cung c\u1ea5p th\u00f4ng tin ch\u00ednh x\u00e1c v\u00e0 \u0111\u1ea7y \u0111\u1ee7 khi t\u1ea1o t\u00e0i kho\u1ea3n v\u00e0 c\u1eadp nh\u1eadt k\u1ecbp th\u1eddi m\u1ecdi thay \u0111\u1ed5i.  <\/li>\n<\/ol>\n\n<h3 class=\"wp-block-heading\"><strong><strong>3. S\u1edf h\u1eefu tr\u00ed tu\u1ec7<\/strong><\/strong><\/h3>\n\n<p>\u1ee8ng d\u1ee5ng, Trang web v\u00e0 t\u1ea5t c\u1ea3 n\u1ed9i dung c\u1ee7a ch\u00fang\u2014bao g\u1ed3m nh\u01b0ng kh\u00f4ng gi\u1edbi h\u1ea1n \u1edf v\u0103n b\u1ea3n, \u0111\u1ed3 h\u1ecda, logo, bi\u1ec3u t\u01b0\u1ee3ng, h\u00ecnh \u1ea3nh, clip \u00e2m thanh, video, ph\u1ea7n m\u1ec1m v\u00e0 c\u00f4ng ngh\u1ec7 c\u01a1 b\u1ea3n\u2014l\u00e0 t\u00e0i s\u1ea3n \u0111\u1ed9c quy\u1ec1n c\u1ee7a Merced Companies ho\u1eb7c b\u00ean c\u1ea5p ph\u00e9p c\u1ee7a Merced Companies v\u00e0 \u0111\u01b0\u1ee3c b\u1ea3o v\u1ec7 b\u1edfi lu\u1eadt s\u1edf h\u1eefu tr\u00ed tu\u1ec7. B\u1ea1n kh\u00f4ng \u0111\u01b0\u1ee3c c\u1ea5p b\u1ea5t k\u1ef3 quy\u1ec1n ho\u1eb7c gi\u1ea5y ph\u00e9p n\u00e0o ngo\u00e0i nh\u1eefng quy\u1ec1n ho\u1eb7c gi\u1ea5y ph\u00e9p \u0111\u01b0\u1ee3c n\u00eau r\u00f5 trong c\u00e1c \u0110i\u1ec1u kho\u1ea3n n\u00e0y. <\/p>\n\n<h3 class=\"wp-block-heading\"><strong>4. H\u00e0nh vi b\u1ecb c\u1ea5m<\/strong><\/h3>\n\n<ol class=\"wp-block-list\">\n<li>  S\u1eed d\u1ee5ng \u1ee8ng d\u1ee5ng ho\u1eb7c Trang web cho b\u1ea5t k\u1ef3 m\u1ee5c \u0111\u00edch b\u1ea5t h\u1ee3p ph\u00e1p, tr\u00e1i ph\u00e9p ho\u1eb7c gian l\u1eadn n\u00e0o, ho\u1eb7c vi ph\u1ea1m c\u00e1c \u0110i\u1ec1u kho\u1ea3n n\u00e0y ho\u1eb7c b\u1ea5t k\u1ef3 lu\u1eadt hi\u1ec7n h\u00e0nh n\u00e0o.<\/li>\n\n<li>Can thi\u1ec7p ho\u1eb7c l\u00e0m gi\u00e1n \u0111o\u1ea1n ho\u1ea1t \u0111\u1ed9ng c\u1ee7a \u1ee8ng d\u1ee5ng, Trang web ho\u1eb7c m\u00e1y ch\u1ee7 v\u00e0 m\u1ea1ng \u0111\u01b0\u1ee3c k\u1ebft n\u1ed1i v\u1edbi ch\u00fang<\/li>\n\n<li>C\u1ed1 g\u1eafng truy c\u1eadp tr\u00e1i ph\u00e9p v\u00e0o t\u00e0i kho\u1ea3n, h\u1ec7 th\u1ed1ng ho\u1eb7c m\u1ea1ng c\u1ee7a ng\u01b0\u1eddi d\u00f9ng kh\u00e1c.<\/li>\n\n<li>T\u1ea3i l\u00ean m\u00e3 \u0111\u1ed9c h\u1ea1i, bao g\u1ed3m vi-r\u00fat ho\u1eb7c t\u1eadp l\u1ec7nh c\u00f3 h\u1ea1i.<\/li>\n\n<li>Tham gia v\u00e0o c\u00e1c ho\u1ea1t \u0111\u1ed9ng vi ph\u1ea1m quy\u1ec1n s\u1edf h\u1eefu tr\u00ed tu\u1ec7 ho\u1eb7c c\u00e1c quy\u1ec1n h\u1ee3p ph\u00e1p kh\u00e1c c\u1ee7a b\u00ean th\u1ee9 ba.<\/li>\n\n<li>Tham gia v\u00e0o c\u00e1c ho\u1ea1t \u0111\u1ed9ng c\u00f3 th\u1ec3 g\u00e2y h\u1ea1i, v\u00f4 hi\u1ec7u h\u00f3a, qu\u00e1 t\u1ea3i ho\u1eb7c l\u00e0m suy y\u1ebfu \u1ee8ng d\u1ee5ng ho\u1eb7c Trang web.<\/li>\n<\/ol>\n\n<h3 class=\"wp-block-heading\"><strong>5. Quy\u1ec1n ri\u00eang t\u01b0<\/strong><\/h3>\n\n<p>Quy\u1ec1n ri\u00eang t\u01b0 c\u1ee7a b\u1ea1n r\u1ea5t quan tr\u1ecdng \u0111\u1ed1i v\u1edbi ch\u00fang t\u00f4i. Vui l\u00f2ng xem l\u1ea1i Ch\u00ednh s\u00e1ch quy\u1ec1n ri\u00eang t\u01b0 c\u1ee7a ch\u00fang t\u00f4i \u0111\u1ec3 hi\u1ec3u c\u00e1ch ch\u00fang t\u00f4i thu th\u1eadp, s\u1eed d\u1ee5ng v\u00e0 ti\u1ebft l\u1ed9 th\u00f4ng tin c\u00e1 nh\u00e2n c\u1ee7a b\u1ea1n li\u00ean quan \u0111\u1ebfn \u1ee8ng d\u1ee5ng v\u00e0 Trang web. <\/p>\n\n<h3 class=\"wp-block-heading\"><strong>6. N\u1ed9i dung do ng\u01b0\u1eddi d\u00f9ng t\u1ea1o ra<\/strong><\/h3>\n\n<p>Ng\u01b0\u1eddi d\u00f9ng ch\u1ecbu ho\u00e0n to\u00e0n tr\u00e1ch nhi\u1ec7m v\u1ec1 b\u1ea5t k\u1ef3 n\u1ed9i dung n\u00e0o h\u1ecd g\u1eedi, t\u1ea3i l\u00ean ho\u1eb7c chia s\u1ebb th\u00f4ng qua \u1ee8ng d\u1ee5ng ho\u1eb7c Trang web. Merced Companies c\u00f3 quy\u1ec1n x\u00f3a b\u1ea5t k\u1ef3 n\u1ed9i dung n\u00e0o vi ph\u1ea1m c\u00e1c \u0110i\u1ec1u kho\u1ea3n n\u00e0y ho\u1eb7c lu\u1eadt hi\u1ec7n h\u00e0nh m\u00e0 kh\u00f4ng c\u1ea7n th\u00f4ng b\u00e1o tr\u01b0\u1edbc. <\/p>\n\n<h3 class=\"wp-block-heading\"><strong><strong>7. D\u1ecbch v\u1ee5 c\u1ee7a b\u00ean th\u1ee9 ba<\/strong><\/strong><\/h3>\n\n<p>\u1ee8ng d\u1ee5ng v\u00e0 Trang web c\u00f3 th\u1ec3 ch\u1ee9a c\u00e1c li\u00ean k\u1ebft \u0111\u1ebfn ho\u1eb7c t\u00edch h\u1ee3p v\u1edbi c\u00e1c trang web, d\u1ecbch v\u1ee5 ho\u1eb7c n\u1ed9i dung c\u1ee7a b\u00ean th\u1ee9 ba. Merced Companies kh\u00f4ng ch\u1ecbu tr\u00e1ch nhi\u1ec7m v\u1ec1 t\u00ednh kh\u1ea3 d\u1ee5ng, n\u1ed9i dung ho\u1eb7c ho\u1ea1t \u0111\u1ed9ng c\u1ee7a b\u00ean th\u1ee9 ba v\u00e0 vi\u1ec7c b\u1ea1n s\u1eed d\u1ee5ng c\u00e1c d\u1ecbch v\u1ee5 \u0111\u00f3 ph\u1ea3i tu\u00e2n theo c\u00e1c \u0111i\u1ec1u kho\u1ea3n v\u00e0 ch\u00ednh s\u00e1ch t\u01b0\u01a1ng \u1ee9ng c\u1ee7a h\u1ecd. <\/p>\n\n<h3 class=\"wp-block-heading\"><strong><strong>8. <strong>Tuy\u00ean b\u1ed1 t\u1eeb ch\u1ed1i b\u1ea3o h\u00e0nh<\/strong><\/strong><\/strong><\/h3>\n\n<p>\u1ee8ng d\u1ee5ng v\u00e0 Trang web \u0111\u01b0\u1ee3c cung c\u1ea5p &#8220;nguy\u00ean tr\u1ea1ng&#8221; v\u00e0 &#8220;khi c\u00f3 s\u1eb5n&#8221;, kh\u00f4ng c\u00f3 b\u1ea5t k\u1ef3 b\u1ea3o \u0111\u1ea3m n\u00e0o, d\u00f9 l\u00e0 r\u00f5 r\u00e0ng hay ng\u1ee5 \u00fd, bao g\u1ed3m nh\u01b0ng kh\u00f4ng gi\u1edbi h\u1ea1n \u1edf b\u1ea3o \u0111\u1ea3m v\u1ec1 kh\u1ea3 n\u0103ng b\u00e1n \u0111\u01b0\u1ee3c, ph\u00f9 h\u1ee3p v\u1edbi m\u1ee5c \u0111\u00edch c\u1ee5 th\u1ec3 ho\u1eb7c kh\u00f4ng vi ph\u1ea1m. Ch\u00fang t\u00f4i kh\u00f4ng \u0111\u1ea3m b\u1ea3o \u1ee8ng d\u1ee5ng ho\u1eb7c Trang web s\u1ebd kh\u00f4ng c\u00f3 l\u1ed7i, kh\u00f4ng b\u1ecb gi\u00e1n \u0111o\u1ea1n ho\u1eb7c an to\u00e0n. <\/p>\n\n<h3 class=\"wp-block-heading\"><strong><strong><strong>9. Gi\u1edbi h\u1ea1n tr\u00e1ch nhi\u1ec7m<\/strong><\/strong><\/strong><\/h3>\n\n<p>\u1ede ph\u1ea1m vi t\u1ed1i \u0111a \u0111\u01b0\u1ee3c ph\u00e1p lu\u1eadt cho ph\u00e9p, Merced Companies v\u00e0 c\u00e1c c\u00e1n b\u1ed9, gi\u00e1m \u0111\u1ed1c, nh\u00e2n vi\u00ean v\u00e0 \u0111\u1ea1i l\u00fd c\u1ee7a c\u00f4ng ty s\u1ebd kh\u00f4ng ch\u1ecbu tr\u00e1ch nhi\u1ec7m \u0111\u1ed1i v\u1edbi:<\/p>\n\n<ol class=\"wp-block-list\">\n<li>Thi\u1ec7t h\u1ea1i gi\u00e1n ti\u1ebfp, ng\u1eabu nhi\u00ean, h\u1eadu qu\u1ea3 ho\u1eb7c tr\u1eebng ph\u1ea1t.<\/li>\n\n<li>Vi\u1ec7c m\u1ea5t d\u1eef li\u1ec7u, doanh thu ho\u1eb7c l\u1ee3i nhu\u1eadn, d\u00f9 c\u00f3 th\u1ec3 l\u01b0\u1eddng tr\u01b0\u1edbc \u0111\u01b0\u1ee3c hay kh\u00f4ng.<\/li>\n\n<li>Thi\u1ec7t h\u1ea1i v\u01b0\u1ee3t qu\u00e1 t\u1ed5ng s\u1ed1 ti\u1ec1n b\u1ea1n \u0111\u00e3 tr\u1ea3 cho c\u00e1c d\u1ecbch v\u1ee5 trong 12 th\u00e1ng tr\u01b0\u1edbc khi y\u00eau c\u1ea7u b\u1ed3i th\u01b0\u1eddng.<\/li>\n<\/ol>\n\n<h3 class=\"wp-block-heading\"><strong><strong><strong><strong><strong>10. B\u1ed3i th\u01b0\u1eddng<\/strong><\/strong><\/strong><\/strong><\/strong><\/h3>\n\n<p>B\u1ea1n \u0111\u1ed3ng \u00fd b\u1ed3i th\u01b0\u1eddng, b\u1ea3o v\u1ec7 v\u00e0 gi\u1eef cho Merced Companies v\u00e0 c\u00e1c c\u00f4ng ty li\u00ean k\u1ebft, c\u00e1n b\u1ed9, gi\u00e1m \u0111\u1ed1c, nh\u00e2n vi\u00ean v\u00e0 \u0111\u1ea1i l\u00fd c\u1ee7a c\u00f4ng ty n\u00e0y kh\u00f4ng ph\u1ea3i ch\u1ecbu b\u1ea5t k\u1ef3 khi\u1ebfu n\u1ea1i, ngh\u0129a v\u1ee5, thi\u1ec7t h\u1ea1i, m\u1ea5t m\u00e1t ho\u1eb7c chi ph\u00ed n\u00e0o (bao g\u1ed3m c\u1ea3 ph\u00ed lu\u1eadt s\u01b0 h\u1ee3p l\u00fd) ph\u00e1t sinh t\u1eeb ho\u1eb7c li\u00ean quan \u0111\u1ebfn vi\u1ec7c b\u1ea1n s\u1eed d\u1ee5ng \u1ee8ng d\u1ee5ng ho\u1eb7c Trang web ho\u1eb7c vi ph\u1ea1m c\u00e1c \u0110i\u1ec1u kho\u1ea3n n\u00e0y.<\/p>\n\n<h3 class=\"wp-block-heading\"><strong><strong><strong><strong>11. Ch\u1ea5m d\u1ee9t<\/strong><\/strong><\/strong><\/strong><\/h3>\n\n<p>Merced Companies c\u00f3 th\u1ec3 \u0111\u00ecnh ch\u1ec9 ho\u1eb7c ch\u1ea5m d\u1ee9t quy\u1ec1n truy c\u1eadp c\u1ee7a b\u1ea1n v\u00e0o \u1ee8ng d\u1ee5ng ho\u1eb7c Trang web b\u1ea5t k\u1ef3 l\u00fac n\u00e0o, m\u00e0 kh\u00f4ng c\u1ea7n th\u00f4ng b\u00e1o, v\u00ec b\u1ea5t k\u1ef3 l\u00fd do g\u00ec, bao g\u1ed3m c\u1ea3 vi\u1ec7c vi ph\u1ea1m c\u00e1c \u0110i\u1ec1u kho\u1ea3n n\u00e0y. Sau khi ch\u1ea5m d\u1ee9t, b\u1ea1n ph\u1ea3i ng\u1eebng m\u1ecdi vi\u1ec7c s\u1eed d\u1ee5ng \u1ee8ng d\u1ee5ng ho\u1eb7c Trang web v\u00e0 x\u00f3a m\u1ecdi b\u1ea3n sao m\u00e0 b\u1ea1n s\u1edf h\u1eefu. <\/p>\n\n<h3 class=\"wp-block-heading\"><strong><strong><strong><strong>12. Lu\u1eadt \u0111i\u1ec1u ch\u1ec9nh v\u00e0 gi\u1ea3i quy\u1ebft tranh ch\u1ea5p<\/strong><\/strong><\/strong><\/strong><\/h3>\n\n<p>C\u00e1c \u0110i\u1ec1u kho\u1ea3n n\u00e0y \u0111\u01b0\u1ee3c \u0111i\u1ec1u ch\u1ec9nh b\u1edfi lu\u1eadt ph\u00e1p c\u1ee7a Ti\u1ec3u bang Delaware, Hoa K\u1ef3, m\u00e0 kh\u00f4ng t\u00ednh \u0111\u1ebfn c\u00e1c nguy\u00ean t\u1eafc xung \u0111\u1ed9t lu\u1eadt ph\u00e1p c\u1ee7a ti\u1ec3u bang n\u00e0y.<br> 12.1 <strong>Tr\u1ecdng t\u00e0i:<\/strong> M\u1ecdi tranh ch\u1ea5p s\u1ebd \u0111\u01b0\u1ee3c gi\u1ea3i quy\u1ebft th\u00f4ng qua tr\u1ecdng t\u00e0i r\u00e0ng bu\u1ed9c theo c\u00e1c quy t\u1eafc c\u1ee7a Hi\u1ec7p h\u1ed9i Tr\u1ecdng t\u00e0i Hoa K\u1ef3.<br> 12.2 <strong>Mi\u1ec5n tr\u1eeb h\u00e0nh \u0111\u1ed9ng t\u1eadp th\u1ec3:<\/strong> B\u1ea1n t\u1eeb b\u1ecf b\u1ea5t k\u1ef3 quy\u1ec1n n\u00e0o \u0111\u1ec3 tham gia v\u00e0o c\u00e1c v\u1ee5 ki\u1ec7n t\u1eadp th\u1ec3 ho\u1eb7c tr\u1ecdng t\u00e0i to\u00e0n t\u1eadp th\u1ec3<\/p>\n\n<h3 class=\"wp-block-heading\"><strong><strong><strong><strong>13. S\u1eeda \u0111\u1ed5i c\u00e1c \u0110i\u1ec1u kho\u1ea3n<\/strong><\/strong><\/strong><\/strong><\/h3>\n\n<p>Ch\u00fang t\u00f4i c\u00f3 th\u1ec3 s\u1eeda \u0111\u1ed5i c\u00e1c \u0110i\u1ec1u kho\u1ea3n n\u00e0y theo th\u1eddi gian. B\u1ea5t k\u1ef3 thay \u0111\u1ed5i n\u00e0o s\u1ebd c\u00f3 hi\u1ec7u l\u1ef1c khi \u0111\u0103ng c\u00e1c \u0110i\u1ec1u kho\u1ea3n \u0111\u00e3 c\u1eadp nh\u1eadt tr\u00ean \u1ee8ng d\u1ee5ng v\u00e0 Trang web. Vi\u1ec7c b\u1ea1n ti\u1ebfp t\u1ee5c s\u1eed d\u1ee5ng \u1ee8ng d\u1ee5ng ho\u1eb7c Trang web sau khi c\u00e1c b\u1ea3n c\u1eadp nh\u1eadt nh\u01b0 v\u1eady c\u1ea5u th\u00e0nh s\u1ef1 ch\u1ea5p thu\u1eadn c\u1ee7a b\u1ea1n \u0111\u1ed1i v\u1edbi c\u00e1c \u0110i\u1ec1u kho\u1ea3n \u0111\u00e3 s\u1eeda \u0111\u1ed5i.  <\/p>\n\n<h3 class=\"wp-block-heading\"><strong><strong><strong><strong>14. Li\u00ean h\u1ec7 v\u1edbi ch\u00fang t\u00f4i<\/strong><\/strong><\/strong><\/strong><\/h3>\n\n<p>N\u1ebfu b\u1ea1n c\u00f3 b\u1ea5t k\u1ef3 c\u00e2u h\u1ecfi ho\u1eb7c th\u1eafc m\u1eafc n\u00e0o li\u00ean quan \u0111\u1ebfn c\u00e1c \u0110i\u1ec1u kho\u1ea3n n\u00e0y, vui l\u00f2ng li\u00ean h\u1ec7 v\u1edbi ch\u00fang t\u00f4i theo \u0111\u1ecba ch\u1ec9 <strong><a href=\"mailto:info@payxusa.com\">info@payxusa.com<\/a><\/strong> .<\/p>\n<hr class=\"wp-block-separator has-alpha-channel-opacity\">\n<p><strong>B\u1eb1ng c\u00e1ch s\u1eed d\u1ee5ng \u1ee8ng d\u1ee5ng ho\u1eb7c Trang web PayX, b\u1ea1n \u0111\u1ed3ng \u00fd v\u1edbi c\u00e1c \u0110i\u1ec1u kho\u1ea3n v\u00e0 \u0110i\u1ec1u ki\u1ec7n n\u00e0y.<\/strong><strong><br><\/strong>C\u1eadp nh\u1eadt l\u1ea7n cu\u1ed1i: 16 th\u00e1ng 1 n\u0103m 2025<\/p>\n\t\t\t\t\t\t\t\t<\/div>\n\t\t\t\t<\/div>\n\t\t\t\t\t<\/div>\n\t\t<\/div>\n\t\t\t\t\t<\/div>\n\t\t<\/section>\n\t\t\t\t<\/div>\n\t\t","protected":false},"excerpt":{"rendered":"<p>\u0110i\u1ec1u kho\u1ea3n &amp; \u0110i\u1ec1u ki\u1ec7n Ng\u00e0y c\u00f3 hi\u1ec7u l\u1ef1c: 16 th\u00e1ng 1 n\u0103m 2025 C\u00e1c \u0110i\u1ec1u kho\u1ea3n v\u00e0 \u0110i\u1ec1u ki\u1ec7n n\u00e0y (&#8220;\u0110i\u1ec1u kho\u1ea3n&#8221;) chi ph\u1ed1i vi\u1ec7c b\u1ea1n truy c\u1eadp v\u00e0 s\u1eed d\u1ee5ng \u1ee9ng d\u1ee5ng di \u0111\u1ed9ng PayX (&#8220;\u1ee8ng d\u1ee5ng&#8221;) v\u00e0 trang web PayX ( www.PayXUSA.com ) (&#8220;Trang web&#8221;), do Merced Companies Inc. (&#8220;Merced Companies&#8221;, &#8220;ch\u00fang <\/p>\n","protected":false},"author":1,"featured_media":0,"parent":0,"menu_order":0,"comment_status":"closed","ping_status":"closed","template":"","meta":{"_acf_changed":false,"footnotes":""},"class_list":["post-3473","page","type-page","status-publish","hentry"],"acf":[],"yoast_head":"<!-- This site is optimized with the Yoast SEO plugin v27.3 - https:\/\/yoast.com\/product\/yoast-seo-wordpress\/ -->\n<title>\u0110i\u1ec1u kho\u1ea3n v\u00e0 \u0111i\u1ec1u ki\u1ec7n - PayX<\/title>\n<meta name=\"robots\" content=\"index, follow, max-snippet:-1, max-image-preview:large, max-video-preview:-1\" \/>\n<link rel=\"canonical\" href=\"https:\/\/www.payxusa.com\/vi\/dieu-khoan-va-dieu-kien\/\" \/>\n<meta property=\"og:locale\" content=\"vi_VN\" \/>\n<meta property=\"og:type\" content=\"article\" \/>\n<meta property=\"og:title\" content=\"\u0110i\u1ec1u kho\u1ea3n v\u00e0 \u0111i\u1ec1u ki\u1ec7n - PayX\" \/>\n<meta property=\"og:description\" content=\"\u0110i\u1ec1u kho\u1ea3n &amp; \u0110i\u1ec1u ki\u1ec7n Ng\u00e0y c\u00f3 hi\u1ec7u l\u1ef1c: 16 th\u00e1ng 1 n\u0103m 2025 C\u00e1c \u0110i\u1ec1u kho\u1ea3n v\u00e0 \u0110i\u1ec1u ki\u1ec7n n\u00e0y (&#8220;\u0110i\u1ec1u kho\u1ea3n&#8221;) chi ph\u1ed1i vi\u1ec7c b\u1ea1n truy c\u1eadp v\u00e0 s\u1eed d\u1ee5ng \u1ee9ng d\u1ee5ng di \u0111\u1ed9ng PayX (&#8220;\u1ee8ng d\u1ee5ng&#8221;) v\u00e0 trang web PayX ( www.PayXUSA.com ) (&#8220;Trang web&#8221;), do Merced Companies Inc. (&#8220;Merced Companies&#8221;, &#8220;ch\u00fang\" \/>\n<meta property=\"og:url\" content=\"https:\/\/www.payxusa.com\/vi\/dieu-khoan-va-dieu-kien\/\" \/>\n<meta property=\"og:site_name\" content=\"PayX\" \/>\n<meta property=\"article:modified_time\" content=\"2025-02-18T09:29:11+00:00\" \/>\n<meta name=\"twitter:card\" content=\"summary_large_image\" \/>\n<meta name=\"twitter:label1\" content=\"Est. reading time\" \/>\n\t<meta name=\"twitter:data1\" content=\"11 minutes\" \/>\n<script type=\"application\/ld+json\" class=\"yoast-schema-graph\">{\"@context\":\"https:\\\/\\\/schema.org\",\"@graph\":[{\"@type\":\"WebPage\",\"@id\":\"https:\\\/\\\/www.payxusa.com\\\/vi\\\/dieu-khoan-va-dieu-kien\\\/\",\"url\":\"https:\\\/\\\/www.payxusa.com\\\/vi\\\/dieu-khoan-va-dieu-kien\\\/\",\"name\":\"\u0110i\u1ec1u kho\u1ea3n v\u00e0 \u0111i\u1ec1u ki\u1ec7n - PayX\",\"isPartOf\":{\"@id\":\"https:\\\/\\\/www.payxusa.com\\\/vi\\\/#website\"},\"datePublished\":\"2023-09-15T21:03:43+00:00\",\"dateModified\":\"2025-02-18T09:29:11+00:00\",\"breadcrumb\":{\"@id\":\"https:\\\/\\\/www.payxusa.com\\\/vi\\\/dieu-khoan-va-dieu-kien\\\/#breadcrumb\"},\"inLanguage\":\"vi-VN\",\"potentialAction\":[{\"@type\":\"ReadAction\",\"target\":[\"https:\\\/\\\/www.payxusa.com\\\/vi\\\/dieu-khoan-va-dieu-kien\\\/\"]}]},{\"@type\":\"BreadcrumbList\",\"@id\":\"https:\\\/\\\/www.payxusa.com\\\/vi\\\/dieu-khoan-va-dieu-kien\\\/#breadcrumb\",\"itemListElement\":[{\"@type\":\"ListItem\",\"position\":1,\"name\":\"Home\",\"item\":\"https:\\\/\\\/www.payxusa.com\\\/vi\\\/\"},{\"@type\":\"ListItem\",\"position\":2,\"name\":\"\u0110i\u1ec1u kho\u1ea3n v\u00e0 \u0111i\u1ec1u ki\u1ec7n\"}]},{\"@type\":\"WebSite\",\"@id\":\"https:\\\/\\\/www.payxusa.com\\\/vi\\\/#website\",\"url\":\"https:\\\/\\\/www.payxusa.com\\\/vi\\\/\",\"name\":\"PayX\",\"description\":\"Send Money Back Home Instantly\",\"potentialAction\":[{\"@type\":\"SearchAction\",\"target\":{\"@type\":\"EntryPoint\",\"urlTemplate\":\"https:\\\/\\\/www.payxusa.com\\\/vi\\\/?s={search_term_string}\"},\"query-input\":{\"@type\":\"PropertyValueSpecification\",\"valueRequired\":true,\"valueName\":\"search_term_string\"}}],\"inLanguage\":\"vi-VN\"}]}<\/script>\n<!-- \/ Yoast SEO plugin. -->","yoast_head_json":{"title":"\u0110i\u1ec1u kho\u1ea3n v\u00e0 \u0111i\u1ec1u ki\u1ec7n - PayX","robots":{"index":"index","follow":"follow","max-snippet":"max-snippet:-1","max-image-preview":"max-image-preview:large","max-video-preview":"max-video-preview:-1"},"canonical":"https:\/\/www.payxusa.com\/vi\/dieu-khoan-va-dieu-kien\/","og_locale":"vi_VN","og_type":"article","og_title":"\u0110i\u1ec1u kho\u1ea3n v\u00e0 \u0111i\u1ec1u ki\u1ec7n - PayX","og_description":"\u0110i\u1ec1u kho\u1ea3n &amp; \u0110i\u1ec1u ki\u1ec7n Ng\u00e0y c\u00f3 hi\u1ec7u l\u1ef1c: 16 th\u00e1ng 1 n\u0103m 2025 C\u00e1c \u0110i\u1ec1u kho\u1ea3n v\u00e0 \u0110i\u1ec1u ki\u1ec7n n\u00e0y (&#8220;\u0110i\u1ec1u kho\u1ea3n&#8221;) chi ph\u1ed1i vi\u1ec7c b\u1ea1n truy c\u1eadp v\u00e0 s\u1eed d\u1ee5ng \u1ee9ng d\u1ee5ng di \u0111\u1ed9ng PayX (&#8220;\u1ee8ng d\u1ee5ng&#8221;) v\u00e0 trang web PayX ( www.PayXUSA.com ) (&#8220;Trang web&#8221;), do Merced Companies Inc. (&#8220;Merced Companies&#8221;, &#8220;ch\u00fang","og_url":"https:\/\/www.payxusa.com\/vi\/dieu-khoan-va-dieu-kien\/","og_site_name":"PayX","article_modified_time":"2025-02-18T09:29:11+00:00","twitter_card":"summary_large_image","twitter_misc":{"Est. reading time":"11 minutes"},"schema":{"@context":"https:\/\/schema.org","@graph":[{"@type":"WebPage","@id":"https:\/\/www.payxusa.com\/vi\/dieu-khoan-va-dieu-kien\/","url":"https:\/\/www.payxusa.com\/vi\/dieu-khoan-va-dieu-kien\/","name":"\u0110i\u1ec1u kho\u1ea3n v\u00e0 \u0111i\u1ec1u ki\u1ec7n - PayX","isPartOf":{"@id":"https:\/\/www.payxusa.com\/vi\/#website"},"datePublished":"2023-09-15T21:03:43+00:00","dateModified":"2025-02-18T09:29:11+00:00","breadcrumb":{"@id":"https:\/\/www.payxusa.com\/vi\/dieu-khoan-va-dieu-kien\/#breadcrumb"},"inLanguage":"vi-VN","potentialAction":[{"@type":"ReadAction","target":["https:\/\/www.payxusa.com\/vi\/dieu-khoan-va-dieu-kien\/"]}]},{"@type":"BreadcrumbList","@id":"https:\/\/www.payxusa.com\/vi\/dieu-khoan-va-dieu-kien\/#breadcrumb","itemListElement":[{"@type":"ListItem","position":1,"name":"Home","item":"https:\/\/www.payxusa.com\/vi\/"},{"@type":"ListItem","position":2,"name":"\u0110i\u1ec1u kho\u1ea3n v\u00e0 \u0111i\u1ec1u ki\u1ec7n"}]},{"@type":"WebSite","@id":"https:\/\/www.payxusa.com\/vi\/#website","url":"https:\/\/www.payxusa.com\/vi\/","name":"PayX","description":"Send Money Back Home Instantly","potentialAction":[{"@type":"SearchAction","target":{"@type":"EntryPoint","urlTemplate":"https:\/\/www.payxusa.com\/vi\/?s={search_term_string}"},"query-input":{"@type":"PropertyValueSpecification","valueRequired":true,"valueName":"search_term_string"}}],"inLanguage":"vi-VN"}]}},"_links":{"self":[{"href":"https:\/\/www.payxusa.com\/vi\/wp-json\/wp\/v2\/pages\/3473","targetHints":{"allow":["GET"]}}],"collection":[{"href":"https:\/\/www.payxusa.com\/vi\/wp-json\/wp\/v2\/pages"}],"about":[{"href":"https:\/\/www.payxusa.com\/vi\/wp-json\/wp\/v2\/types\/page"}],"author":[{"embeddable":true,"href":"https:\/\/www.payxusa.com\/vi\/wp-json\/wp\/v2\/users\/1"}],"replies":[{"embeddable":true,"href":"https:\/\/www.payxusa.com\/vi\/wp-json\/wp\/v2\/comments?post=3473"}],"version-history":[{"count":3,"href":"https:\/\/www.payxusa.com\/vi\/wp-json\/wp\/v2\/pages\/3473\/revisions"}],"predecessor-version":[{"id":3903,"href":"https:\/\/www.payxusa.com\/vi\/wp-json\/wp\/v2\/pages\/3473\/revisions\/3903"}],"wp:attachment":[{"href":"https:\/\/www.payxusa.com\/vi\/wp-json\/wp\/v2\/media?parent=3473"}],"curies":[{"name":"wp","href":"https:\/\/api.w.org\/{rel}","templated":true}]}}