{"id":3360,"date":"2023-09-15T21:03:43","date_gmt":"2023-09-15T21:03:43","guid":{"rendered":"https:\/\/payxusa.com\/ung-ho\/"},"modified":"2025-02-18T10:54:00","modified_gmt":"2025-02-18T10:54:00","slug":"su%cc%a3-giup-do%cc%89","status":"publish","type":"page","link":"https:\/\/www.payxusa.com\/vi\/su%cc%a3-giup-do%cc%89\/","title":{"rendered":"S\u01b0\u0323 Giu\u0341p D\u01a1\u0309"},"content":{"rendered":"\t\t<div data-elementor-type=\"wp-page\" data-elementor-id=\"3360\" class=\"elementor elementor-3360 elementor-2059\">\n\t\t\t\t\t\t<section class=\"elementor-section elementor-top-section elementor-element elementor-element-7ead009 elementor-section-full_width elementor-section-height-min-height elementor-section-height-default elementor-section-items-middle\" data-id=\"7ead009\" data-element_type=\"section\" data-e-type=\"section\" data-settings=\"{&quot;background_background&quot;:&quot;classic&quot;}\">\n\t\t\t\t\t\t\t<div class=\"elementor-background-overlay\"><\/div>\n\t\t\t\t\t\t\t<div class=\"elementor-container elementor-column-gap-default\">\n\t\t\t\t\t<div class=\"elementor-column elementor-col-100 elementor-top-column elementor-element elementor-element-5c1af48\" data-id=\"5c1af48\" data-element_type=\"column\" data-e-type=\"column\">\n\t\t\t<div class=\"elementor-widget-wrap elementor-element-populated\">\n\t\t\t\t\t\t<div class=\"elementor-element elementor-element-829e2d4 elementor-widget elementor-widget-heading\" data-id=\"829e2d4\" data-element_type=\"widget\" data-e-type=\"widget\" data-widget_type=\"heading.default\">\n\t\t\t\t<div class=\"elementor-widget-container\">\n\t\t\t\t\t<h2 class=\"elementor-heading-title elementor-size-default\">S\u01b0\u0323 Giu\u0341p D\u01a1\u0309<\/h2>\t\t\t\t<\/div>\n\t\t\t\t<\/div>\n\t\t\t\t\t<\/div>\n\t\t<\/div>\n\t\t\t\t\t<\/div>\n\t\t<\/section>\n\t\t\t\t<section class=\"elementor-section elementor-top-section elementor-element elementor-element-fe31ea2 elementor-section-boxed elementor-section-height-default elementor-section-height-default\" data-id=\"fe31ea2\" data-element_type=\"section\" data-e-type=\"section\">\n\t\t\t\t\t\t<div class=\"elementor-container elementor-column-gap-default\">\n\t\t\t\t\t<div class=\"elementor-column elementor-col-100 elementor-top-column elementor-element elementor-element-2403396\" data-id=\"2403396\" data-element_type=\"column\" data-e-type=\"column\">\n\t\t\t<div class=\"elementor-widget-wrap elementor-element-populated\">\n\t\t\t\t\t\t<section class=\"elementor-section elementor-inner-section elementor-element elementor-element-e733647 elementor-section-boxed elementor-section-height-default elementor-section-height-default\" data-id=\"e733647\" data-element_type=\"section\" data-e-type=\"section\">\n\t\t\t\t\t\t<div class=\"elementor-container elementor-column-gap-default\">\n\t\t\t\t\t<div class=\"elementor-column elementor-col-100 elementor-inner-column elementor-element elementor-element-bdcec8f\" data-id=\"bdcec8f\" data-element_type=\"column\" data-e-type=\"column\">\n\t\t\t<div class=\"elementor-widget-wrap elementor-element-populated\">\n\t\t\t\t\t\t<div class=\"elementor-element elementor-element-c753433 elementor-widget elementor-widget-heading\" data-id=\"c753433\" data-element_type=\"widget\" data-e-type=\"widget\" data-widget_type=\"heading.default\">\n\t\t\t\t<div class=\"elementor-widget-container\">\n\t\t\t\t\t<h2 class=\"elementor-heading-title elementor-size-default\">Chi ti\u1ebft<\/h2>\t\t\t\t<\/div>\n\t\t\t\t<\/div>\n\t\t\t\t<div class=\"elementor-element elementor-element-75cfc61 elementor-widget elementor-widget-text-editor\" data-id=\"75cfc61\" data-element_type=\"widget\" data-e-type=\"widget\" data-widget_type=\"text-editor.default\">\n\t\t\t\t<div class=\"elementor-widget-container\">\n\t\t\t\t\t\t\t\t\t<span style=\"font-weight: 400;\">B\u1ea1n c\u1ea7n tr\u1ee3 gi\u00fap? \u0110\u1ed9i ng\u0169 h\u1ed7 tr\u1ee3 c\u1ee7a ch\u00fang t\u00f4i lu\u00f4n s\u1eb5n s\u00e0ng ph\u1ee5c v\u1ee5 b\u1ea1n 24\/7. Cho d\u00f9 b\u1ea1n c\u00f3 th\u1eafc m\u1eafc v\u1ec1 giao d\u1ecbch, b\u1ea3o m\u1eadt hay thi\u1ebft l\u1eadp t\u00e0i kho\u1ea3n, ch\u00fang t\u00f4i ch\u1ec9 c\u00e1ch b\u1ea1n m\u1ed9t tin nh\u1eafn. Truy c\u1eadp trang C\u00e2u <span style=\"color: #0000ff;\"><strong><a style=\"color: #0000ff;\" href=\"https:\/\/payxusa.com\/vi\/cau-hoi-thuong-gap\/\">h\u1ecfi th\u01b0\u1eddng g\u1eb7p<\/a><\/strong><\/span> c\u1ee7a ch\u00fang t\u00f4i \u0111\u1ec3 bi\u1ebft c\u00e2u tr\u1ea3 l\u1eddi nhanh ho\u1eb7c li\u00ean h\u1ec7 tr\u1ef1c ti\u1ebfp v\u1edbi ch\u00fang t\u00f4i \u0111\u1ec3 \u0111\u01b0\u1ee3c h\u1ed7 tr\u1ee3 c\u00e1 nh\u00e2n. <\/span>\t\t\t\t\t\t\t\t<\/div>\n\t\t\t\t<\/div>\n\t\t\t\t\t<\/div>\n\t\t<\/div>\n\t\t\t\t\t<\/div>\n\t\t<\/section>\n\t\t\t\t\t<\/div>\n\t\t<\/div>\n\t\t\t\t\t<\/div>\n\t\t<\/section>\n\t\t\t\t<\/div>\n\t\t","protected":false},"excerpt":{"rendered":"<p>S\u01b0\u0323 Giu\u0341p D\u01a1\u0309 Chi ti\u1ebft B\u1ea1n c\u1ea7n tr\u1ee3 gi\u00fap? \u0110\u1ed9i ng\u0169 h\u1ed7 tr\u1ee3 c\u1ee7a ch\u00fang t\u00f4i lu\u00f4n s\u1eb5n s\u00e0ng ph\u1ee5c v\u1ee5 b\u1ea1n 24\/7. Cho d\u00f9 b\u1ea1n c\u00f3 th\u1eafc m\u1eafc v\u1ec1 giao d\u1ecbch, b\u1ea3o m\u1eadt hay thi\u1ebft l\u1eadp t\u00e0i kho\u1ea3n, ch\u00fang t\u00f4i ch\u1ec9 c\u00e1ch b\u1ea1n m\u1ed9t tin nh\u1eafn. Truy c\u1eadp trang C\u00e2u h\u1ecfi th\u01b0\u1eddng g\u1eb7p c\u1ee7a <\/p>\n","protected":false},"author":1,"featured_media":0,"parent":0,"menu_order":0,"comment_status":"closed","ping_status":"closed","template":"","meta":{"_acf_changed":false,"footnotes":""},"class_list":["post-3360","page","type-page","status-publish","hentry"],"acf":[],"yoast_head":"<!-- This site is optimized with the Yoast SEO plugin v27.3 - https:\/\/yoast.com\/product\/yoast-seo-wordpress\/ -->\n<title>S\u01b0\u0323 Giu\u0341p D\u01a1\u0309 - PayX<\/title>\n<meta name=\"robots\" content=\"index, follow, max-snippet:-1, max-image-preview:large, max-video-preview:-1\" \/>\n<link rel=\"canonical\" href=\"https:\/\/www.payxusa.com\/vi\/su\u0323-giup-do\u0309\/\" \/>\n<meta property=\"og:locale\" content=\"vi_VN\" \/>\n<meta property=\"og:type\" content=\"article\" \/>\n<meta property=\"og:title\" content=\"S\u01b0\u0323 Giu\u0341p D\u01a1\u0309 - PayX\" \/>\n<meta property=\"og:description\" content=\"S\u01b0\u0323 Giu\u0341p D\u01a1\u0309 Chi ti\u1ebft B\u1ea1n c\u1ea7n tr\u1ee3 gi\u00fap? \u0110\u1ed9i ng\u0169 h\u1ed7 tr\u1ee3 c\u1ee7a ch\u00fang t\u00f4i lu\u00f4n s\u1eb5n s\u00e0ng ph\u1ee5c v\u1ee5 b\u1ea1n 24\/7. Cho d\u00f9 b\u1ea1n c\u00f3 th\u1eafc m\u1eafc v\u1ec1 giao d\u1ecbch, b\u1ea3o m\u1eadt hay thi\u1ebft l\u1eadp t\u00e0i kho\u1ea3n, ch\u00fang t\u00f4i ch\u1ec9 c\u00e1ch b\u1ea1n m\u1ed9t tin nh\u1eafn. Truy c\u1eadp trang C\u00e2u h\u1ecfi th\u01b0\u1eddng g\u1eb7p c\u1ee7a\" \/>\n<meta property=\"og:url\" content=\"https:\/\/www.payxusa.com\/vi\/su\u0323-giup-do\u0309\/\" \/>\n<meta property=\"og:site_name\" content=\"PayX\" \/>\n<meta property=\"article:modified_time\" content=\"2025-02-18T10:54:00+00:00\" \/>\n<meta name=\"twitter:card\" content=\"summary_large_image\" \/>\n<meta name=\"twitter:label1\" content=\"Est. reading time\" \/>\n\t<meta name=\"twitter:data1\" content=\"1 minute\" \/>\n<script type=\"application\/ld+json\" class=\"yoast-schema-graph\">{\"@context\":\"https:\\\/\\\/schema.org\",\"@graph\":[{\"@type\":\"WebPage\",\"@id\":\"https:\\\/\\\/www.payxusa.com\\\/vi\\\/su%cc%a3-giup-do%cc%89\\\/\",\"url\":\"https:\\\/\\\/www.payxusa.com\\\/vi\\\/su%cc%a3-giup-do%cc%89\\\/\",\"name\":\"S\u01b0\u0323 Giu\u0341p D\u01a1\u0309 - PayX\",\"isPartOf\":{\"@id\":\"https:\\\/\\\/www.payxusa.com\\\/vi\\\/#website\"},\"datePublished\":\"2023-09-15T21:03:43+00:00\",\"dateModified\":\"2025-02-18T10:54:00+00:00\",\"breadcrumb\":{\"@id\":\"https:\\\/\\\/www.payxusa.com\\\/vi\\\/su%cc%a3-giup-do%cc%89\\\/#breadcrumb\"},\"inLanguage\":\"vi-VN\",\"potentialAction\":[{\"@type\":\"ReadAction\",\"target\":[\"https:\\\/\\\/www.payxusa.com\\\/vi\\\/su%cc%a3-giup-do%cc%89\\\/\"]}]},{\"@type\":\"BreadcrumbList\",\"@id\":\"https:\\\/\\\/www.payxusa.com\\\/vi\\\/su%cc%a3-giup-do%cc%89\\\/#breadcrumb\",\"itemListElement\":[{\"@type\":\"ListItem\",\"position\":1,\"name\":\"Home\",\"item\":\"https:\\\/\\\/www.payxusa.com\\\/vi\\\/\"},{\"@type\":\"ListItem\",\"position\":2,\"name\":\"S\u01b0\u0323 Giu\u0341p D\u01a1\u0309\"}]},{\"@type\":\"WebSite\",\"@id\":\"https:\\\/\\\/www.payxusa.com\\\/vi\\\/#website\",\"url\":\"https:\\\/\\\/www.payxusa.com\\\/vi\\\/\",\"name\":\"PayX\",\"description\":\"Send Money Back Home Instantly\",\"potentialAction\":[{\"@type\":\"SearchAction\",\"target\":{\"@type\":\"EntryPoint\",\"urlTemplate\":\"https:\\\/\\\/www.payxusa.com\\\/vi\\\/?s={search_term_string}\"},\"query-input\":{\"@type\":\"PropertyValueSpecification\",\"valueRequired\":true,\"valueName\":\"search_term_string\"}}],\"inLanguage\":\"vi-VN\"}]}<\/script>\n<!-- \/ Yoast SEO plugin. -->","yoast_head_json":{"title":"S\u01b0\u0323 Giu\u0341p D\u01a1\u0309 - PayX","robots":{"index":"index","follow":"follow","max-snippet":"max-snippet:-1","max-image-preview":"max-image-preview:large","max-video-preview":"max-video-preview:-1"},"canonical":"https:\/\/www.payxusa.com\/vi\/su\u0323-giup-do\u0309\/","og_locale":"vi_VN","og_type":"article","og_title":"S\u01b0\u0323 Giu\u0341p D\u01a1\u0309 - PayX","og_description":"S\u01b0\u0323 Giu\u0341p D\u01a1\u0309 Chi ti\u1ebft B\u1ea1n c\u1ea7n tr\u1ee3 gi\u00fap? \u0110\u1ed9i ng\u0169 h\u1ed7 tr\u1ee3 c\u1ee7a ch\u00fang t\u00f4i lu\u00f4n s\u1eb5n s\u00e0ng ph\u1ee5c v\u1ee5 b\u1ea1n 24\/7. Cho d\u00f9 b\u1ea1n c\u00f3 th\u1eafc m\u1eafc v\u1ec1 giao d\u1ecbch, b\u1ea3o m\u1eadt hay thi\u1ebft l\u1eadp t\u00e0i kho\u1ea3n, ch\u00fang t\u00f4i ch\u1ec9 c\u00e1ch b\u1ea1n m\u1ed9t tin nh\u1eafn. Truy c\u1eadp trang C\u00e2u h\u1ecfi th\u01b0\u1eddng g\u1eb7p c\u1ee7a","og_url":"https:\/\/www.payxusa.com\/vi\/su\u0323-giup-do\u0309\/","og_site_name":"PayX","article_modified_time":"2025-02-18T10:54:00+00:00","twitter_card":"summary_large_image","twitter_misc":{"Est. reading time":"1 minute"},"schema":{"@context":"https:\/\/schema.org","@graph":[{"@type":"WebPage","@id":"https:\/\/www.payxusa.com\/vi\/su%cc%a3-giup-do%cc%89\/","url":"https:\/\/www.payxusa.com\/vi\/su%cc%a3-giup-do%cc%89\/","name":"S\u01b0\u0323 Giu\u0341p D\u01a1\u0309 - PayX","isPartOf":{"@id":"https:\/\/www.payxusa.com\/vi\/#website"},"datePublished":"2023-09-15T21:03:43+00:00","dateModified":"2025-02-18T10:54:00+00:00","breadcrumb":{"@id":"https:\/\/www.payxusa.com\/vi\/su%cc%a3-giup-do%cc%89\/#breadcrumb"},"inLanguage":"vi-VN","potentialAction":[{"@type":"ReadAction","target":["https:\/\/www.payxusa.com\/vi\/su%cc%a3-giup-do%cc%89\/"]}]},{"@type":"BreadcrumbList","@id":"https:\/\/www.payxusa.com\/vi\/su%cc%a3-giup-do%cc%89\/#breadcrumb","itemListElement":[{"@type":"ListItem","position":1,"name":"Home","item":"https:\/\/www.payxusa.com\/vi\/"},{"@type":"ListItem","position":2,"name":"S\u01b0\u0323 Giu\u0341p D\u01a1\u0309"}]},{"@type":"WebSite","@id":"https:\/\/www.payxusa.com\/vi\/#website","url":"https:\/\/www.payxusa.com\/vi\/","name":"PayX","description":"Send Money Back Home Instantly","potentialAction":[{"@type":"SearchAction","target":{"@type":"EntryPoint","urlTemplate":"https:\/\/www.payxusa.com\/vi\/?s={search_term_string}"},"query-input":{"@type":"PropertyValueSpecification","valueRequired":true,"valueName":"search_term_string"}}],"inLanguage":"vi-VN"}]}},"_links":{"self":[{"href":"https:\/\/www.payxusa.com\/vi\/wp-json\/wp\/v2\/pages\/3360","targetHints":{"allow":["GET"]}}],"collection":[{"href":"https:\/\/www.payxusa.com\/vi\/wp-json\/wp\/v2\/pages"}],"about":[{"href":"https:\/\/www.payxusa.com\/vi\/wp-json\/wp\/v2\/types\/page"}],"author":[{"embeddable":true,"href":"https:\/\/www.payxusa.com\/vi\/wp-json\/wp\/v2\/users\/1"}],"replies":[{"embeddable":true,"href":"https:\/\/www.payxusa.com\/vi\/wp-json\/wp\/v2\/comments?post=3360"}],"version-history":[{"count":11,"href":"https:\/\/www.payxusa.com\/vi\/wp-json\/wp\/v2\/pages\/3360\/revisions"}],"predecessor-version":[{"id":3930,"href":"https:\/\/www.payxusa.com\/vi\/wp-json\/wp\/v2\/pages\/3360\/revisions\/3930"}],"wp:attachment":[{"href":"https:\/\/www.payxusa.com\/vi\/wp-json\/wp\/v2\/media?parent=3360"}],"curies":[{"name":"wp","href":"https:\/\/api.w.org\/{rel}","templated":true}]}}