{"id":3256,"date":"2023-09-12T06:10:32","date_gmt":"2023-09-12T06:10:32","guid":{"rendered":"https:\/\/payxusa.com\/doi\/"},"modified":"2025-04-01T05:28:06","modified_gmt":"2025-04-01T05:28:06","slug":"doi","status":"publish","type":"page","link":"https:\/\/www.payxusa.com\/vi\/doi\/","title":{"rendered":"\u0110\u1ed9i"},"content":{"rendered":"\t\t<div data-elementor-type=\"wp-page\" data-elementor-id=\"3256\" class=\"elementor elementor-3256 elementor-1644\">\n\t\t\t\t\t\t<section class=\"elementor-section elementor-top-section elementor-element elementor-element-cd418d7 elementor-section-full_width elementor-section-height-min-height elementor-section-height-default elementor-section-items-middle\" data-id=\"cd418d7\" data-element_type=\"section\" data-e-type=\"section\" data-settings=\"{&quot;background_background&quot;:&quot;classic&quot;}\">\n\t\t\t\t\t\t\t<div class=\"elementor-background-overlay\"><\/div>\n\t\t\t\t\t\t\t<div class=\"elementor-container elementor-column-gap-default\">\n\t\t\t\t\t<div class=\"elementor-column elementor-col-100 elementor-top-column elementor-element elementor-element-2f0cb0d\" data-id=\"2f0cb0d\" data-element_type=\"column\" data-e-type=\"column\">\n\t\t\t<div class=\"elementor-widget-wrap elementor-element-populated\">\n\t\t\t\t\t\t<div class=\"elementor-element elementor-element-839884c elementor-widget elementor-widget-heading\" data-id=\"839884c\" data-element_type=\"widget\" data-e-type=\"widget\" data-widget_type=\"heading.default\">\n\t\t\t\t<div class=\"elementor-widget-container\">\n\t\t\t\t\t<h2 class=\"elementor-heading-title elementor-size-default\">\u0110\u1ed9i<\/h2>\t\t\t\t<\/div>\n\t\t\t\t<\/div>\n\t\t\t\t\t<\/div>\n\t\t<\/div>\n\t\t\t\t\t<\/div>\n\t\t<\/section>\n\t\t\t\t<div class=\"elementor-section elementor-top-section elementor-element elementor-element-4bf9b97 elementor-section-full_width elementor-section-content-middle elementor-section-height-default elementor-section-height-default\" data-id=\"4bf9b97\" data-element_type=\"section\" data-e-type=\"section\" data-settings=\"{&quot;background_background&quot;:&quot;classic&quot;}\">\n\t\t\t\t\t\t<div class=\"elementor-container elementor-column-gap-no\">\n\t\t\t\t\t<div class=\"elementor-column elementor-col-100 elementor-top-column elementor-element elementor-element-ff39604\" data-id=\"ff39604\" data-element_type=\"column\" data-e-type=\"column\">\n\t\t\t<div class=\"elementor-widget-wrap elementor-element-populated\">\n\t\t\t\t\t\t<div class=\"elementor-element elementor-element-d3036d5 elementor-widget__width-initial elementor-widget elementor-widget-text-editor\" data-id=\"d3036d5\" data-element_type=\"widget\" data-e-type=\"widget\" data-widget_type=\"text-editor.default\">\n\t\t\t\t<div class=\"elementor-widget-container\">\n\t\t\t\t\t\t\t\t\t<p><span style=\"font-weight: 400;\">G\u1eb7p g\u1ee1 nh\u1eefng ng\u01b0\u1eddi c\u00f3 t\u1ea7m nh\u00ecn xa tr\u00f4ng r\u1ed9ng \u0111\u1eb1ng sau PayX. T\u00ecm hi\u1ec3u th\u00eam v\u1ec1 \u0111\u1ed9i ng\u0169 l\u00e3nh \u0111\u1ea1o v\u00e0 ban c\u1ed1 v\u1ea5n c\u1ee7a ch\u00fang t\u00f4i, bao g\u1ed3m c\u00e1c chuy\u00ean gia d\u00e0y d\u1ea1n kinh nghi\u1ec7m trong l\u0129nh v\u1ef1c c\u00f4ng ngh\u1ec7 t\u00e0i ch\u00ednh, c\u00f4ng ngh\u1ec7 blockchain v\u00e0 thanh to\u00e1n xuy\u00ean bi\u00ean gi\u1edbi. C\u00f9ng nhau, h\u1ecd \u0111ang th\u00fac \u0111\u1ea9y s\u1ef1 \u0111\u1ed5i m\u1edbi v\u00e0 \u0111\u1ecbnh h\u00ecnh t\u01b0\u01a1ng lai c\u1ee7a c\u00e1c gi\u1ea3i ph\u00e1p chuy\u1ec3n ti\u1ec1n to\u00e0n c\u1ea7u.  <\/span><\/p>\t\t\t\t\t\t\t\t<\/div>\n\t\t\t\t<\/div>\n\t\t\t\t\t<\/div>\n\t\t<\/div>\n\t\t\t\t\t<\/div>\n\t\t<\/div>\n\t\t\t\t<section class=\"elementor-section elementor-top-section elementor-element elementor-element-30f78f5 elementor-section-boxed elementor-section-height-default elementor-section-height-default\" data-id=\"30f78f5\" data-element_type=\"section\" data-e-type=\"section\">\n\t\t\t\t\t\t<div class=\"elementor-container elementor-column-gap-default\">\n\t\t\t\t\t<div class=\"elementor-column elementor-col-100 elementor-top-column elementor-element elementor-element-36d2b79\" data-id=\"36d2b79\" data-element_type=\"column\" data-e-type=\"column\">\n\t\t\t<div class=\"elementor-widget-wrap elementor-element-populated\">\n\t\t\t\t\t\t<section class=\"elementor-section elementor-inner-section elementor-element elementor-element-ef9b3c4 elementor-section-content-middle elementor-section-boxed elementor-section-height-default elementor-section-height-default\" data-id=\"ef9b3c4\" data-element_type=\"section\" data-e-type=\"section\" data-settings=\"{&quot;background_background&quot;:&quot;classic&quot;}\">\n\t\t\t\t\t\t<div class=\"elementor-container elementor-column-gap-default\">\n\t\t\t\t\t<div class=\"elementor-column elementor-col-50 elementor-inner-column elementor-element elementor-element-cbefe01\" data-id=\"cbefe01\" data-element_type=\"column\" data-e-type=\"column\">\n\t\t\t<div class=\"elementor-widget-wrap elementor-element-populated\">\n\t\t\t\t\t\t<div class=\"elementor-element elementor-element-360d6d8 team-image elementor-widget elementor-widget-image\" data-id=\"360d6d8\" data-element_type=\"widget\" data-e-type=\"widget\" data-widget_type=\"image.default\">\n\t\t\t\t<div class=\"elementor-widget-container\">\n\t\t\t\t\t\t\t\t\t\t\t\t\t\t\t<img fetchpriority=\"high\" decoding=\"async\" width=\"465\" height=\"400\" src=\"https:\/\/www.payxusa.com\/wp-content\/uploads\/2025\/01\/Tim-Nguyen-1.jpg\" class=\"attachment-full size-full wp-image-2797\" alt=\"\" srcset=\"https:\/\/www.payxusa.com\/wp-content\/uploads\/2025\/01\/Tim-Nguyen-1.jpg 465w, https:\/\/www.payxusa.com\/wp-content\/uploads\/2025\/01\/Tim-Nguyen-1-300x258.jpg 300w\" sizes=\"(max-width: 465px) 100vw, 465px\" \/>\t\t\t\t\t\t\t\t\t\t\t\t\t\t\t<\/div>\n\t\t\t\t<\/div>\n\t\t\t\t\t<\/div>\n\t\t<\/div>\n\t\t\t\t<div class=\"elementor-column elementor-col-50 elementor-inner-column elementor-element elementor-element-27fe363\" data-id=\"27fe363\" data-element_type=\"column\" data-e-type=\"column\">\n\t\t\t<div class=\"elementor-widget-wrap elementor-element-populated\">\n\t\t\t\t\t\t<div class=\"elementor-element elementor-element-2e88d7b elementor-widget elementor-widget-heading\" data-id=\"2e88d7b\" data-element_type=\"widget\" data-e-type=\"widget\" data-widget_type=\"heading.default\">\n\t\t\t\t<div class=\"elementor-widget-container\">\n\t\t\t\t\t<h3 class=\"elementor-heading-title elementor-size-default\">Tim Nguy\u1ec5n<\/h3>\t\t\t\t<\/div>\n\t\t\t\t<\/div>\n\t\t\t\t<div class=\"elementor-element elementor-element-e55df09 elementor-widget elementor-widget-heading\" data-id=\"e55df09\" data-element_type=\"widget\" data-e-type=\"widget\" data-widget_type=\"heading.default\">\n\t\t\t\t<div class=\"elementor-widget-container\">\n\t\t\t\t\t<h4 class=\"elementor-heading-title elementor-size-default\">Ng\u01b0\u1eddi s\u00e1ng l\u1eadp &amp; T\u1ed5ng gi\u00e1m \u0111\u1ed1c \u0111i\u1ec1u h\u00e0nh\n<\/h4>\t\t\t\t<\/div>\n\t\t\t\t<\/div>\n\t\t\t\t<div class=\"elementor-element elementor-element-a4f3f94 elementor-widget elementor-widget-text-editor\" data-id=\"a4f3f94\" data-element_type=\"widget\" data-e-type=\"widget\" data-widget_type=\"text-editor.default\">\n\t\t\t\t<div class=\"elementor-widget-container\">\n\t\t\t\t\t\t\t\t\t<p>Tim Nguyen l\u00e0 m\u1ed9t nh\u00e0 l\u00e3nh \u0111\u1ea1o l\u1ed7i l\u1ea1c v\u1edbi h\u01a1n 15 n\u0103m kinh nghi\u1ec7m trong l\u0129nh v\u1ef1c c\u00f4ng ngh\u1ec7 t\u00e0i ch\u00ednh v\u00e0 c\u00f4ng ngh\u1ec7. V\u1edbi t\u01b0 c\u00e1ch l\u00e0 CEO c\u1ee7a PayX, \u00f4ng c\u00f3 th\u00e0nh t\u00edch \u0111\u00e3 \u0111\u01b0\u1ee3c ch\u1ee9ng minh t\u1eeb c\u00e1c t\u1ed5 ch\u1ee9c n\u1ed5i ti\u1ebfng nh\u01b0 Experian Consumer Services v\u00e0 Accenture. S\u1ef1 l\u00e3nh \u0111\u1ea1o c\u00f3 t\u1ea7m nh\u00ecn xa c\u1ee7a Tim \u0111ang \u0111\u1ecbnh h\u00ecnh PayX tr\u1edf th\u00e0nh c\u00f4ng ty ti\u00ean phong to\u00e0n c\u1ea7u trong l\u0129nh v\u1ef1c chuy\u1ec3n ti\u1ec1n xuy\u00ean bi\u00ean gi\u1edbi<\/p>\t\t\t\t\t\t\t\t<\/div>\n\t\t\t\t<\/div>\n\t\t\t\t<div class=\"elementor-element elementor-element-41cad40 elementor-view-stacked team-icons elementor-shape-circle elementor-widget elementor-widget-icon\" data-id=\"41cad40\" data-element_type=\"widget\" data-e-type=\"widget\" data-widget_type=\"icon.default\">\n\t\t\t\t<div class=\"elementor-widget-container\">\n\t\t\t\t\t\t\t<div class=\"elementor-icon-wrapper\">\n\t\t\t<a class=\"elementor-icon\" href=\"https:\/\/www.linkedin.com\/in\/tim-n-2630b1328\/\" target=\"_blank\">\n\t\t\t<i aria-hidden=\"true\" class=\"fab fa-linkedin-in\"><\/i>\t\t\t<\/a>\n\t\t<\/div>\n\t\t\t\t\t\t<\/div>\n\t\t\t\t<\/div>\n\t\t\t\t\t<\/div>\n\t\t<\/div>\n\t\t\t\t\t<\/div>\n\t\t<\/section>\n\t\t\t\t<section class=\"elementor-section elementor-inner-section elementor-element elementor-element-647f3b9 elementor-section-content-middle elementor-section-boxed elementor-section-height-default elementor-section-height-default\" data-id=\"647f3b9\" data-element_type=\"section\" data-e-type=\"section\" data-settings=\"{&quot;background_background&quot;:&quot;classic&quot;}\">\n\t\t\t\t\t\t<div class=\"elementor-container elementor-column-gap-default\">\n\t\t\t\t\t<div class=\"elementor-column elementor-col-50 elementor-inner-column elementor-element elementor-element-28fc2a8\" data-id=\"28fc2a8\" data-element_type=\"column\" data-e-type=\"column\">\n\t\t\t<div class=\"elementor-widget-wrap elementor-element-populated\">\n\t\t\t\t\t\t<div class=\"elementor-element elementor-element-f3d0157 team-image elementor-widget elementor-widget-image\" data-id=\"f3d0157\" data-element_type=\"widget\" data-e-type=\"widget\" data-widget_type=\"image.default\">\n\t\t\t\t<div class=\"elementor-widget-container\">\n\t\t\t\t\t\t\t\t\t\t\t\t\t\t\t<img decoding=\"async\" width=\"465\" height=\"400\" src=\"https:\/\/www.payxusa.com\/wp-content\/uploads\/2025\/01\/David-Yan.jpg\" class=\"attachment-full size-full wp-image-2794\" alt=\"\" srcset=\"https:\/\/www.payxusa.com\/wp-content\/uploads\/2025\/01\/David-Yan.jpg 465w, https:\/\/www.payxusa.com\/wp-content\/uploads\/2025\/01\/David-Yan-300x258.jpg 300w\" sizes=\"(max-width: 465px) 100vw, 465px\" \/>\t\t\t\t\t\t\t\t\t\t\t\t\t\t\t<\/div>\n\t\t\t\t<\/div>\n\t\t\t\t\t<\/div>\n\t\t<\/div>\n\t\t\t\t<div class=\"elementor-column elementor-col-50 elementor-inner-column elementor-element elementor-element-ce91ba2\" data-id=\"ce91ba2\" data-element_type=\"column\" data-e-type=\"column\">\n\t\t\t<div class=\"elementor-widget-wrap elementor-element-populated\">\n\t\t\t\t\t\t<div class=\"elementor-element elementor-element-8197fd7 elementor-widget elementor-widget-heading\" data-id=\"8197fd7\" data-element_type=\"widget\" data-e-type=\"widget\" data-widget_type=\"heading.default\">\n\t\t\t\t<div class=\"elementor-widget-container\">\n\t\t\t\t\t<h3 class=\"elementor-heading-title elementor-size-default\">Ti\u1ebfn s\u0129 David Yan\u200b<\/h3>\t\t\t\t<\/div>\n\t\t\t\t<\/div>\n\t\t\t\t<div class=\"elementor-element elementor-element-b01e47f elementor-widget elementor-widget-heading\" data-id=\"b01e47f\" data-element_type=\"widget\" data-e-type=\"widget\" data-widget_type=\"heading.default\">\n\t\t\t\t<div class=\"elementor-widget-container\">\n\t\t\t\t\t<h4 class=\"elementor-heading-title elementor-size-default\">Gi\u00e1m \u0111\u1ed1c s\u1ea3n ph\u1ea9m ch\u00ednh\u200b<\/h4>\t\t\t\t<\/div>\n\t\t\t\t<\/div>\n\t\t\t\t<div class=\"elementor-element elementor-element-48de1af elementor-widget elementor-widget-text-editor\" data-id=\"48de1af\" data-element_type=\"widget\" data-e-type=\"widget\" data-widget_type=\"text-editor.default\">\n\t\t\t\t<div class=\"elementor-widget-container\">\n\t\t\t\t\t\t\t\t\t<p>Ti\u1ebfn s\u0129 David Yan, m\u1ed9t chuy\u00ean gia v\u1ec1 c\u00f4ng ngh\u1ec7 t\u00e0i ch\u00ednh, ch\u1ee9ng kho\u00e1n h\u00f3a v\u00e0 t\u00e0i s\u1ea3n k\u1ef9 thu\u1eadt s\u1ed1, t\u1ef1 h\u00e0o c\u00f3 g\u1ea7n 25 n\u0103m kinh nghi\u1ec7m to\u00e0n c\u1ea7u. \u00d4ng \u0111\u00e3 gi\u1eef c\u00e1c vai tr\u00f2 quan tr\u1ecdng t\u1ea1i c\u00e1c t\u1ed5 ch\u1ee9c t\u00e0i ch\u00ednh uy t\u00edn, bao g\u1ed3m Credit Suisse, Merrill Lynch, PingAn Group v\u00e0 Fosun Group. V\u1edbi s\u1ef1 hi\u1ec3u bi\u1ebft s\u00e2u s\u1eafc v\u1ec1 c\u00e1c s\u1ea3n ph\u1ea9m c\u00f3 c\u1ea5u tr\u00fac v\u00e0 \u0111\u1ed5i m\u1edbi, Ti\u1ebfn s\u0129 Yan \u0111\u00f3ng vai tr\u00f2 quan tr\u1ecdng trong vi\u1ec7c th\u00fac \u0111\u1ea9y s\u1ef1 ph\u00e1t tri\u1ec3n c\u1ee7a c\u00e1c gi\u1ea3i ph\u00e1p t\u00e0i ch\u00ednh ti\u00ean ti\u1ebfn t\u1ea1i PayX.  <\/p>\t\t\t\t\t\t\t\t<\/div>\n\t\t\t\t<\/div>\n\t\t\t\t<div class=\"elementor-element elementor-element-c47ad05 elementor-view-stacked team-icons elementor-shape-circle elementor-widget elementor-widget-icon\" data-id=\"c47ad05\" data-element_type=\"widget\" data-e-type=\"widget\" data-widget_type=\"icon.default\">\n\t\t\t\t<div class=\"elementor-widget-container\">\n\t\t\t\t\t\t\t<div class=\"elementor-icon-wrapper\">\n\t\t\t<div class=\"elementor-icon\">\n\t\t\t<i aria-hidden=\"true\" class=\"fab fa-linkedin-in\"><\/i>\t\t\t<\/div>\n\t\t<\/div>\n\t\t\t\t\t\t<\/div>\n\t\t\t\t<\/div>\n\t\t\t\t\t<\/div>\n\t\t<\/div>\n\t\t\t\t\t<\/div>\n\t\t<\/section>\n\t\t\t\t<section class=\"elementor-section elementor-inner-section elementor-element elementor-element-d5459cd elementor-section-content-middle elementor-section-boxed elementor-section-height-default elementor-section-height-default\" data-id=\"d5459cd\" data-element_type=\"section\" data-e-type=\"section\" data-settings=\"{&quot;background_background&quot;:&quot;classic&quot;}\">\n\t\t\t\t\t\t<div class=\"elementor-container elementor-column-gap-default\">\n\t\t\t\t\t<div class=\"elementor-column elementor-col-50 elementor-inner-column elementor-element elementor-element-3e44203\" data-id=\"3e44203\" data-element_type=\"column\" data-e-type=\"column\">\n\t\t\t<div class=\"elementor-widget-wrap elementor-element-populated\">\n\t\t\t\t\t\t<div class=\"elementor-element elementor-element-17fa21f team-image elementor-widget elementor-widget-image\" data-id=\"17fa21f\" data-element_type=\"widget\" data-e-type=\"widget\" data-widget_type=\"image.default\">\n\t\t\t\t<div class=\"elementor-widget-container\">\n\t\t\t\t\t\t\t\t\t\t\t\t\t\t\t<img decoding=\"async\" width=\"465\" height=\"400\" src=\"https:\/\/www.payxusa.com\/wp-content\/uploads\/2025\/01\/Gurvinder-Batra.jpg\" class=\"attachment-full size-full wp-image-2795\" alt=\"\" srcset=\"https:\/\/www.payxusa.com\/wp-content\/uploads\/2025\/01\/Gurvinder-Batra.jpg 465w, https:\/\/www.payxusa.com\/wp-content\/uploads\/2025\/01\/Gurvinder-Batra-300x258.jpg 300w\" sizes=\"(max-width: 465px) 100vw, 465px\" \/>\t\t\t\t\t\t\t\t\t\t\t\t\t\t\t<\/div>\n\t\t\t\t<\/div>\n\t\t\t\t\t<\/div>\n\t\t<\/div>\n\t\t\t\t<div class=\"elementor-column elementor-col-50 elementor-inner-column elementor-element elementor-element-dd291e0\" data-id=\"dd291e0\" data-element_type=\"column\" data-e-type=\"column\">\n\t\t\t<div class=\"elementor-widget-wrap elementor-element-populated\">\n\t\t\t\t\t\t<div class=\"elementor-element elementor-element-9e68ba8 elementor-widget elementor-widget-heading\" data-id=\"9e68ba8\" data-element_type=\"widget\" data-e-type=\"widget\" data-widget_type=\"heading.default\">\n\t\t\t\t<div class=\"elementor-widget-container\">\n\t\t\t\t\t<h3 class=\"elementor-heading-title elementor-size-default\">Gurvinder Batra<\/h3>\t\t\t\t<\/div>\n\t\t\t\t<\/div>\n\t\t\t\t<div class=\"elementor-element elementor-element-f5ad016 elementor-widget elementor-widget-heading\" data-id=\"f5ad016\" data-element_type=\"widget\" data-e-type=\"widget\" data-widget_type=\"heading.default\">\n\t\t\t\t<div class=\"elementor-widget-container\">\n\t\t\t\t\t<h4 class=\"elementor-heading-title elementor-size-default\">Gi\u00e1m \u0111\u1ed1c c\u00f4ng ngh\u1ec7\n<\/h4>\t\t\t\t<\/div>\n\t\t\t\t<\/div>\n\t\t\t\t<div class=\"elementor-element elementor-element-04fe8ed elementor-widget elementor-widget-text-editor\" data-id=\"04fe8ed\" data-element_type=\"widget\" data-e-type=\"widget\" data-widget_type=\"text-editor.default\">\n\t\t\t\t<div class=\"elementor-widget-container\">\n\t\t\t\t\t\t\t\t\t<p>Gurvinder Batra l\u00e0 m\u1ed9t nh\u00e0 l\u00e3nh \u0111\u1ea1o c\u00f4ng ngh\u1ec7 c\u00f3 nhi\u1ec1u kinh nghi\u1ec7m trong vi\u1ec7c h\u01b0\u1edbng d\u1eabn c\u00e1c c\u00f4ng ty kh\u1edfi nghi\u1ec7p v\u00e0 doanh nghi\u1ec7p v\u01b0\u1ee3t qua nh\u1eefng th\u00e1ch th\u1ee9c k\u1ef9 thu\u1eadt ph\u1ee9c t\u1ea1p. L\u00e0 \u0110\u1ed3ng s\u00e1ng l\u1eadp v\u00e0 Gi\u00e1m \u0111\u1ed1c c\u00f4ng ngh\u1ec7 c\u1ee7a KiwiTech, \u00f4ng \u0111\u00e3 l\u00e3nh \u0111\u1ea1o c\u00e1c s\u00e1ng ki\u1ebfn R&amp;D v\u00e0 gi\u00e1m s\u00e1t ph\u00e1t tri\u1ec3n c\u00f4ng ngh\u1ec7. T\u1ea1i PayX, Gurvinder \u00e1p d\u1ee5ng chuy\u00ean m\u00f4n s\u00e2u r\u1ed9ng c\u1ee7a m\u00ecnh \u0111\u1ec3 d\u1eabn \u0111\u1ea7u \u0111\u1ed5i m\u1edbi v\u00e0 \u0111\u1ea3m b\u1ea3o ho\u1ea1t \u0111\u1ed9ng li\u1ec1n m\u1ea1ch.  <\/p>\t\t\t\t\t\t\t\t<\/div>\n\t\t\t\t<\/div>\n\t\t\t\t<div class=\"elementor-element elementor-element-2e49d56 elementor-view-stacked team-icons elementor-shape-circle elementor-widget elementor-widget-icon\" data-id=\"2e49d56\" data-element_type=\"widget\" data-e-type=\"widget\" data-widget_type=\"icon.default\">\n\t\t\t\t<div class=\"elementor-widget-container\">\n\t\t\t\t\t\t\t<div class=\"elementor-icon-wrapper\">\n\t\t\t<a class=\"elementor-icon\" href=\"https:\/\/www.linkedin.com\/in\/gsbatra\/\" target=\"_blank\">\n\t\t\t<i aria-hidden=\"true\" class=\"fab fa-linkedin-in\"><\/i>\t\t\t<\/a>\n\t\t<\/div>\n\t\t\t\t\t\t<\/div>\n\t\t\t\t<\/div>\n\t\t\t\t\t<\/div>\n\t\t<\/div>\n\t\t\t\t\t<\/div>\n\t\t<\/section>\n\t\t\t\t\t<\/div>\n\t\t<\/div>\n\t\t\t\t\t<\/div>\n\t\t<\/section>\n\t\t\t\t<\/div>\n\t\t","protected":false},"excerpt":{"rendered":"<p>\u0110\u1ed9i G\u1eb7p g\u1ee1 nh\u1eefng ng\u01b0\u1eddi c\u00f3 t\u1ea7m nh\u00ecn xa tr\u00f4ng r\u1ed9ng \u0111\u1eb1ng sau PayX. T\u00ecm hi\u1ec3u th\u00eam v\u1ec1 \u0111\u1ed9i ng\u0169 l\u00e3nh \u0111\u1ea1o v\u00e0 ban c\u1ed1 v\u1ea5n c\u1ee7a ch\u00fang t\u00f4i, bao g\u1ed3m c\u00e1c chuy\u00ean gia d\u00e0y d\u1ea1n kinh nghi\u1ec7m trong l\u0129nh v\u1ef1c c\u00f4ng ngh\u1ec7 t\u00e0i ch\u00ednh, c\u00f4ng ngh\u1ec7 blockchain v\u00e0 thanh to\u00e1n xuy\u00ean bi\u00ean gi\u1edbi. C\u00f9ng <\/p>\n","protected":false},"author":1,"featured_media":0,"parent":0,"menu_order":0,"comment_status":"closed","ping_status":"closed","template":"","meta":{"_acf_changed":false,"footnotes":""},"class_list":["post-3256","page","type-page","status-publish","hentry"],"acf":[],"yoast_head":"<!-- This site is optimized with the Yoast SEO plugin v27.3 - https:\/\/yoast.com\/product\/yoast-seo-wordpress\/ -->\n<title>\u0110\u1ed9i - PayX<\/title>\n<meta name=\"robots\" content=\"index, follow, max-snippet:-1, max-image-preview:large, max-video-preview:-1\" \/>\n<link rel=\"canonical\" href=\"https:\/\/www.payxusa.com\/vi\/doi\/\" \/>\n<meta property=\"og:locale\" content=\"vi_VN\" \/>\n<meta property=\"og:type\" content=\"article\" \/>\n<meta property=\"og:title\" content=\"\u0110\u1ed9i - PayX\" \/>\n<meta property=\"og:description\" content=\"\u0110\u1ed9i G\u1eb7p g\u1ee1 nh\u1eefng ng\u01b0\u1eddi c\u00f3 t\u1ea7m nh\u00ecn xa tr\u00f4ng r\u1ed9ng \u0111\u1eb1ng sau PayX. T\u00ecm hi\u1ec3u th\u00eam v\u1ec1 \u0111\u1ed9i ng\u0169 l\u00e3nh \u0111\u1ea1o v\u00e0 ban c\u1ed1 v\u1ea5n c\u1ee7a ch\u00fang t\u00f4i, bao g\u1ed3m c\u00e1c chuy\u00ean gia d\u00e0y d\u1ea1n kinh nghi\u1ec7m trong l\u0129nh v\u1ef1c c\u00f4ng ngh\u1ec7 t\u00e0i ch\u00ednh, c\u00f4ng ngh\u1ec7 blockchain v\u00e0 thanh to\u00e1n xuy\u00ean bi\u00ean gi\u1edbi. C\u00f9ng\" \/>\n<meta property=\"og:url\" content=\"https:\/\/www.payxusa.com\/vi\/doi\/\" \/>\n<meta property=\"og:site_name\" content=\"PayX\" \/>\n<meta property=\"article:modified_time\" content=\"2025-04-01T05:28:06+00:00\" \/>\n<meta property=\"og:image\" content=\"https:\/\/payxusa.com\/wp-content\/uploads\/2025\/01\/Tim-Nguyen-1.jpg\" \/>\n<meta name=\"twitter:card\" content=\"summary_large_image\" \/>\n<meta name=\"twitter:label1\" content=\"Est. reading time\" \/>\n\t<meta name=\"twitter:data1\" content=\"3 minutes\" \/>\n<script type=\"application\/ld+json\" class=\"yoast-schema-graph\">{\"@context\":\"https:\\\/\\\/schema.org\",\"@graph\":[{\"@type\":\"WebPage\",\"@id\":\"https:\\\/\\\/www.payxusa.com\\\/vi\\\/doi\\\/\",\"url\":\"https:\\\/\\\/www.payxusa.com\\\/vi\\\/doi\\\/\",\"name\":\"\u0110\u1ed9i - PayX\",\"isPartOf\":{\"@id\":\"https:\\\/\\\/www.payxusa.com\\\/vi\\\/#website\"},\"primaryImageOfPage\":{\"@id\":\"https:\\\/\\\/www.payxusa.com\\\/vi\\\/doi\\\/#primaryimage\"},\"image\":{\"@id\":\"https:\\\/\\\/www.payxusa.com\\\/vi\\\/doi\\\/#primaryimage\"},\"thumbnailUrl\":\"https:\\\/\\\/payxusa.com\\\/wp-content\\\/uploads\\\/2025\\\/01\\\/Tim-Nguyen-1.jpg\",\"datePublished\":\"2023-09-12T06:10:32+00:00\",\"dateModified\":\"2025-04-01T05:28:06+00:00\",\"breadcrumb\":{\"@id\":\"https:\\\/\\\/www.payxusa.com\\\/vi\\\/doi\\\/#breadcrumb\"},\"inLanguage\":\"vi-VN\",\"potentialAction\":[{\"@type\":\"ReadAction\",\"target\":[\"https:\\\/\\\/www.payxusa.com\\\/vi\\\/doi\\\/\"]}]},{\"@type\":\"ImageObject\",\"inLanguage\":\"vi-VN\",\"@id\":\"https:\\\/\\\/www.payxusa.com\\\/vi\\\/doi\\\/#primaryimage\",\"url\":\"https:\\\/\\\/payxusa.com\\\/wp-content\\\/uploads\\\/2025\\\/01\\\/Tim-Nguyen-1.jpg\",\"contentUrl\":\"https:\\\/\\\/payxusa.com\\\/wp-content\\\/uploads\\\/2025\\\/01\\\/Tim-Nguyen-1.jpg\"},{\"@type\":\"BreadcrumbList\",\"@id\":\"https:\\\/\\\/www.payxusa.com\\\/vi\\\/doi\\\/#breadcrumb\",\"itemListElement\":[{\"@type\":\"ListItem\",\"position\":1,\"name\":\"Home\",\"item\":\"https:\\\/\\\/www.payxusa.com\\\/vi\\\/\"},{\"@type\":\"ListItem\",\"position\":2,\"name\":\"\u0110\u1ed9i\"}]},{\"@type\":\"WebSite\",\"@id\":\"https:\\\/\\\/www.payxusa.com\\\/vi\\\/#website\",\"url\":\"https:\\\/\\\/www.payxusa.com\\\/vi\\\/\",\"name\":\"PayX\",\"description\":\"Send Money Back Home Instantly\",\"potentialAction\":[{\"@type\":\"SearchAction\",\"target\":{\"@type\":\"EntryPoint\",\"urlTemplate\":\"https:\\\/\\\/www.payxusa.com\\\/vi\\\/?s={search_term_string}\"},\"query-input\":{\"@type\":\"PropertyValueSpecification\",\"valueRequired\":true,\"valueName\":\"search_term_string\"}}],\"inLanguage\":\"vi-VN\"}]}<\/script>\n<!-- \/ Yoast SEO plugin. -->","yoast_head_json":{"title":"\u0110\u1ed9i - PayX","robots":{"index":"index","follow":"follow","max-snippet":"max-snippet:-1","max-image-preview":"max-image-preview:large","max-video-preview":"max-video-preview:-1"},"canonical":"https:\/\/www.payxusa.com\/vi\/doi\/","og_locale":"vi_VN","og_type":"article","og_title":"\u0110\u1ed9i - PayX","og_description":"\u0110\u1ed9i G\u1eb7p g\u1ee1 nh\u1eefng ng\u01b0\u1eddi c\u00f3 t\u1ea7m nh\u00ecn xa tr\u00f4ng r\u1ed9ng \u0111\u1eb1ng sau PayX. T\u00ecm hi\u1ec3u th\u00eam v\u1ec1 \u0111\u1ed9i ng\u0169 l\u00e3nh \u0111\u1ea1o v\u00e0 ban c\u1ed1 v\u1ea5n c\u1ee7a ch\u00fang t\u00f4i, bao g\u1ed3m c\u00e1c chuy\u00ean gia d\u00e0y d\u1ea1n kinh nghi\u1ec7m trong l\u0129nh v\u1ef1c c\u00f4ng ngh\u1ec7 t\u00e0i ch\u00ednh, c\u00f4ng ngh\u1ec7 blockchain v\u00e0 thanh to\u00e1n xuy\u00ean bi\u00ean gi\u1edbi. C\u00f9ng","og_url":"https:\/\/www.payxusa.com\/vi\/doi\/","og_site_name":"PayX","article_modified_time":"2025-04-01T05:28:06+00:00","og_image":[{"url":"https:\/\/payxusa.com\/wp-content\/uploads\/2025\/01\/Tim-Nguyen-1.jpg","type":"","width":"","height":""}],"twitter_card":"summary_large_image","twitter_misc":{"Est. reading time":"3 minutes"},"schema":{"@context":"https:\/\/schema.org","@graph":[{"@type":"WebPage","@id":"https:\/\/www.payxusa.com\/vi\/doi\/","url":"https:\/\/www.payxusa.com\/vi\/doi\/","name":"\u0110\u1ed9i - PayX","isPartOf":{"@id":"https:\/\/www.payxusa.com\/vi\/#website"},"primaryImageOfPage":{"@id":"https:\/\/www.payxusa.com\/vi\/doi\/#primaryimage"},"image":{"@id":"https:\/\/www.payxusa.com\/vi\/doi\/#primaryimage"},"thumbnailUrl":"https:\/\/payxusa.com\/wp-content\/uploads\/2025\/01\/Tim-Nguyen-1.jpg","datePublished":"2023-09-12T06:10:32+00:00","dateModified":"2025-04-01T05:28:06+00:00","breadcrumb":{"@id":"https:\/\/www.payxusa.com\/vi\/doi\/#breadcrumb"},"inLanguage":"vi-VN","potentialAction":[{"@type":"ReadAction","target":["https:\/\/www.payxusa.com\/vi\/doi\/"]}]},{"@type":"ImageObject","inLanguage":"vi-VN","@id":"https:\/\/www.payxusa.com\/vi\/doi\/#primaryimage","url":"https:\/\/payxusa.com\/wp-content\/uploads\/2025\/01\/Tim-Nguyen-1.jpg","contentUrl":"https:\/\/payxusa.com\/wp-content\/uploads\/2025\/01\/Tim-Nguyen-1.jpg"},{"@type":"BreadcrumbList","@id":"https:\/\/www.payxusa.com\/vi\/doi\/#breadcrumb","itemListElement":[{"@type":"ListItem","position":1,"name":"Home","item":"https:\/\/www.payxusa.com\/vi\/"},{"@type":"ListItem","position":2,"name":"\u0110\u1ed9i"}]},{"@type":"WebSite","@id":"https:\/\/www.payxusa.com\/vi\/#website","url":"https:\/\/www.payxusa.com\/vi\/","name":"PayX","description":"Send Money Back Home Instantly","potentialAction":[{"@type":"SearchAction","target":{"@type":"EntryPoint","urlTemplate":"https:\/\/www.payxusa.com\/vi\/?s={search_term_string}"},"query-input":{"@type":"PropertyValueSpecification","valueRequired":true,"valueName":"search_term_string"}}],"inLanguage":"vi-VN"}]}},"_links":{"self":[{"href":"https:\/\/www.payxusa.com\/vi\/wp-json\/wp\/v2\/pages\/3256","targetHints":{"allow":["GET"]}}],"collection":[{"href":"https:\/\/www.payxusa.com\/vi\/wp-json\/wp\/v2\/pages"}],"about":[{"href":"https:\/\/www.payxusa.com\/vi\/wp-json\/wp\/v2\/types\/page"}],"author":[{"embeddable":true,"href":"https:\/\/www.payxusa.com\/vi\/wp-json\/wp\/v2\/users\/1"}],"replies":[{"embeddable":true,"href":"https:\/\/www.payxusa.com\/vi\/wp-json\/wp\/v2\/comments?post=3256"}],"version-history":[{"count":5,"href":"https:\/\/www.payxusa.com\/vi\/wp-json\/wp\/v2\/pages\/3256\/revisions"}],"predecessor-version":[{"id":4575,"href":"https:\/\/www.payxusa.com\/vi\/wp-json\/wp\/v2\/pages\/3256\/revisions\/4575"}],"wp:attachment":[{"href":"https:\/\/www.payxusa.com\/vi\/wp-json\/wp\/v2\/media?parent=3256"}],"curies":[{"name":"wp","href":"https:\/\/api.w.org\/{rel}","templated":true}]}}