{"id":3242,"date":"2023-09-15T21:03:43","date_gmt":"2023-09-15T21:03:43","guid":{"rendered":"https:\/\/payxusa.com\/payx-loi\/"},"modified":"2025-02-18T06:35:23","modified_gmt":"2025-02-18T06:35:23","slug":"payx-loi","status":"publish","type":"page","link":"https:\/\/www.payxusa.com\/vi\/payx-loi\/","title":{"rendered":"PayX L\u00f5i"},"content":{"rendered":"\t\t<div data-elementor-type=\"wp-page\" data-elementor-id=\"3242\" class=\"elementor elementor-3242 elementor-2025\">\n\t\t\t\t\t\t<section class=\"elementor-section elementor-top-section elementor-element elementor-element-7ead009 elementor-section-full_width elementor-section-height-min-height elementor-section-height-default elementor-section-items-middle\" data-id=\"7ead009\" data-element_type=\"section\" data-e-type=\"section\" data-settings=\"{&quot;background_background&quot;:&quot;classic&quot;}\">\n\t\t\t\t\t\t\t<div class=\"elementor-background-overlay\"><\/div>\n\t\t\t\t\t\t\t<div class=\"elementor-container elementor-column-gap-default\">\n\t\t\t\t\t<div class=\"elementor-column elementor-col-100 elementor-top-column elementor-element elementor-element-5c1af48\" data-id=\"5c1af48\" data-element_type=\"column\" data-e-type=\"column\">\n\t\t\t<div class=\"elementor-widget-wrap elementor-element-populated\">\n\t\t\t\t\t\t<div class=\"elementor-element elementor-element-829e2d4 elementor-widget elementor-widget-heading\" data-id=\"829e2d4\" data-element_type=\"widget\" data-e-type=\"widget\" data-widget_type=\"heading.default\">\n\t\t\t\t<div class=\"elementor-widget-container\">\n\t\t\t\t\t<h2 class=\"elementor-heading-title elementor-size-default\">PayX L\u00f5i<\/h2>\t\t\t\t<\/div>\n\t\t\t\t<\/div>\n\t\t\t\t\t<\/div>\n\t\t<\/div>\n\t\t\t\t\t<\/div>\n\t\t<\/section>\n\t\t\t\t<section class=\"elementor-section elementor-top-section elementor-element elementor-element-fe31ea2 elementor-section-boxed elementor-section-height-default elementor-section-height-default\" data-id=\"fe31ea2\" data-element_type=\"section\" data-e-type=\"section\">\n\t\t\t\t\t\t<div class=\"elementor-container elementor-column-gap-default\">\n\t\t\t\t\t<div class=\"elementor-column elementor-col-100 elementor-top-column elementor-element elementor-element-2403396\" data-id=\"2403396\" data-element_type=\"column\" data-e-type=\"column\">\n\t\t\t<div class=\"elementor-widget-wrap elementor-element-populated\">\n\t\t\t\t\t\t<section class=\"elementor-section elementor-inner-section elementor-element elementor-element-e733647 elementor-section-boxed elementor-section-height-default elementor-section-height-default\" data-id=\"e733647\" data-element_type=\"section\" data-e-type=\"section\">\n\t\t\t\t\t\t<div class=\"elementor-container elementor-column-gap-default\">\n\t\t\t\t\t<div class=\"elementor-column elementor-col-100 elementor-inner-column elementor-element elementor-element-bdcec8f\" data-id=\"bdcec8f\" data-element_type=\"column\" data-e-type=\"column\">\n\t\t\t<div class=\"elementor-widget-wrap elementor-element-populated\">\n\t\t\t\t\t\t<div class=\"elementor-element elementor-element-c753433 elementor-widget elementor-widget-heading\" data-id=\"c753433\" data-element_type=\"widget\" data-e-type=\"widget\" data-widget_type=\"heading.default\">\n\t\t\t\t<div class=\"elementor-widget-container\">\n\t\t\t\t\t<h2 class=\"elementor-heading-title elementor-size-default\">Chi ti\u1ebft<\/h2>\t\t\t\t<\/div>\n\t\t\t\t<\/div>\n\t\t\t\t<div class=\"elementor-element elementor-element-75cfc61 elementor-widget elementor-widget-text-editor\" data-id=\"75cfc61\" data-element_type=\"widget\" data-e-type=\"widget\" data-widget_type=\"text-editor.default\">\n\t\t\t\t<div class=\"elementor-widget-container\">\n\t\t\t\t\t\t\t\t\t<p><span style=\"font-weight: 400;\">PayX Core l\u00e0 m\u1ed9t \u0111\u01b0\u1eddng ray thanh to\u00e1n d\u1ef1a tr\u00ean blockchain \u0111\u01b0\u1ee3c thi\u1ebft k\u1ebf cho c\u00e1c t\u1ed5 ch\u1ee9c nh\u01b0 ng\u00e2n h\u00e0ng, t\u1ed5 ch\u1ee9c t\u00e0i ch\u00ednh v\u00e0 t\u1ed5 ch\u1ee9c c\u00f4ng ngh\u1ec7 t\u00e0i ch\u00ednh. N\u00f3 t\u1eadn d\u1ee5ng m\u1ea1ng l\u01b0\u1edbi blockchain ri\u00eang \u0111\u01b0\u1ee3c x\u00e2y d\u1ef1ng tr\u00ean Qan v\u00e0 s\u1eed d\u1ee5ng c\u00e1c \u0111\u1ed3ng ti\u1ec1n \u1ed5n \u0111\u1ecbnh h\u00e0ng \u0111\u1ea7u v\u00e0 c\u00e1c \u0111\u1ed1i t\u00e1c S\u00e0n giao d\u1ecbch t\u1eadp trung (CEX) khu v\u1ef1c \u0111\u1ec3 cho ph\u00e9p chuy\u1ec3n ti\u1ec1n xuy\u00ean bi\u00ean gi\u1edbi nhanh ch\u00f3ng, hi\u1ec7u qu\u1ea3 v\u00e0 ti\u1ebft ki\u1ec7m chi ph\u00ed. Trong khi \u0111ang \u0111\u01b0\u1ee3c ph\u00e1t tri\u1ec3n, PayX Core cung c\u1ea5p c\u00e1c t\u00ednh n\u0103ng s\u00e1ng t\u1ea1o sau:  <\/span><\/p>\t\t\t\t\t\t\t\t<\/div>\n\t\t\t\t<\/div>\n\t\t\t\t<div class=\"elementor-element elementor-element-0ae21cd elementor-widget elementor-widget-text-editor\" data-id=\"0ae21cd\" data-element_type=\"widget\" data-e-type=\"widget\" data-widget_type=\"text-editor.default\">\n\t\t\t\t<div class=\"elementor-widget-container\">\n\t\t\t\t\t\t\t\t\t<ul><li style=\"font-weight: 400;\" aria-level=\"1\"><b>M\u1ea1ng Blockchain ri\u00eang t\u01b0<\/b> <span style=\"font-weight: 400;\">: \u0110\u01b0\u1ee3c x\u00e2y d\u1ef1ng tr\u00ean Qan \u0111\u1ec3 giao d\u1ecbch an to\u00e0n v\u00e0 hi\u1ec7u qu\u1ea3.<\/span><\/li><li style=\"font-weight: 400;\" aria-level=\"1\"><b>Stablecoin v\u00e0 \u0110\u1ed1i t\u00e1c CEX<\/b> <span style=\"font-weight: 400;\">: T\u1ea1o \u0111i\u1ec1u ki\u1ec7n thu\u1eadn l\u1ee3i cho vi\u1ec7c chuy\u1ec3n ti\u1ec1n xuy\u00ean bi\u00ean gi\u1edbi b\u1eb1ng c\u00e1ch s\u1eed d\u1ee5ng stablecoin v\u00e0 c\u00e1c \u0111\u1ed1i t\u00e1c CEX khu v\u1ef1c.<\/span><\/li><li style=\"font-weight: 400;\" aria-level=\"1\"><b>Gi\u1ea3i ph\u00e1p KYC t\u00edch h\u1ee3p<\/b> <span style=\"font-weight: 400;\">: K\u1ebft h\u1ee3p c\u00e1c gi\u1ea3i ph\u00e1p KYC v\u00e0 AML d\u1ef1a tr\u00ean AI\/ML \u0111\u1ec3 t\u0103ng c\u01b0\u1eddng tu\u00e2n th\u1ee7.<\/span><\/li><li style=\"font-weight: 400;\" aria-level=\"1\"><b>T\u00edch h\u1ee3p API<\/b> <span style=\"font-weight: 400;\">: Cung c\u1ea5p API \u0111\u1ec3 t\u00edch h\u1ee3p li\u1ec1n m\u1ea1ch v\u1edbi c\u00e1c t\u1ed5 ch\u1ee9c v\u00e0 c\u01a1 s\u1edf \u0111\u1ed1i t\u00e1c.<\/span><\/li><li style=\"font-weight: 400;\" aria-level=\"1\"><b>B\u1ea3ng \u0111i\u1ec1u khi\u1ec3n th\u1eddi gian th\u1ef1c<\/b> <span>: Cung c\u1ea5p cho c\u00e1c t\u1ed5 ch\u1ee9c v\u00e0 doanh nghi\u1ec7p v\u1eeba v\u00e0 nh\u1ecf c\u00e1c c\u00f4ng c\u1ee5 qu\u1ea3n l\u00fd v\u00e0 theo d\u00f5i thanh to\u00e1n to\u00e0n di\u1ec7n.<\/span><\/li><\/ul>\t\t\t\t\t\t\t\t<\/div>\n\t\t\t\t<\/div>\n\t\t\t\t<div class=\"elementor-element elementor-element-b24d13c elementor-widget elementor-widget-text-editor\" data-id=\"b24d13c\" data-element_type=\"widget\" data-e-type=\"widget\" data-widget_type=\"text-editor.default\">\n\t\t\t\t<div class=\"elementor-widget-container\">\n\t\t\t\t\t\t\t\t\t<p><span style=\"font-weight: 400;\">PayX Core \u0111\u01b0\u1ee3c thi\u1ebft k\u1ebf \u0111\u1ec3 \u0111\u1ecbnh ngh\u0129a l\u1ea1i c\u00e1c kho\u1ea3n thanh to\u00e1n xuy\u00ean bi\u00ean gi\u1edbi c\u1ee7a t\u1ed5 ch\u1ee9c b\u1eb1ng c\u00e1ch cung c\u1ea5p gi\u1ea3i ph\u00e1p thay th\u1ebf nhanh h\u01a1n, r\u1ebb h\u01a1n v\u00e0 minh b\u1ea1ch h\u01a1n cho c\u00e1c h\u1ec7 th\u1ed1ng chuy\u1ec3n ti\u1ec1n truy\u1ec1n th\u1ed1ng.<\/span><\/p>\t\t\t\t\t\t\t\t<\/div>\n\t\t\t\t<\/div>\n\t\t\t\t<div class=\"elementor-element elementor-element-2ff8759 elementor-widget elementor-widget-text-editor\" data-id=\"2ff8759\" data-element_type=\"widget\" data-e-type=\"widget\" data-widget_type=\"text-editor.default\">\n\t\t\t\t<div class=\"elementor-widget-container\">\n\t\t\t\t\t\t\t\t\t<p><strong>B\u1ea1n c\u00f3 th\u1eafc m\u1eafc? Ch\u00fang t\u00f4i \u1edf \u0111\u00e2y \u0111\u1ec3 gi\u00fap b\u1ea1n! <\/strong><br>B\u1ea1n mu\u1ed1n t\u00ecm hi\u1ec3u th\u00eam v\u1ec1 PayX Core v\u00e0 c\u00e1ch n\u00f3 c\u00f3 th\u1ec3 h\u1ee3p l\u00fd h\u00f3a c\u00e1c kho\u1ea3n thanh to\u00e1n xuy\u00ean bi\u00ean gi\u1edbi cho t\u1ed5 ch\u1ee9c c\u1ee7a b\u1ea1n? Cho d\u00f9 b\u1ea1n c\u00f3 th\u1eafc m\u1eafc v\u1ec1 m\u1ea1ng l\u01b0\u1edbi blockchain, t\u00edch h\u1ee3p stablecoin hay quan h\u1ec7 \u0111\u1ed1i t\u00e1c c\u1ee7a ch\u00fang t\u00f4i, nh\u00f3m c\u1ee7a ch\u00fang t\u00f4i lu\u00f4n s\u1eb5n s\u00e0ng h\u1ed7 tr\u1ee3 b\u1ea1n. H\u00e3y \u0111i\u1ec1n v\u00e0o bi\u1ec3u m\u1eabu b\u00ean d\u01b0\u1edbi v\u00e0 ch\u00fang t\u00f4i s\u1ebd s\u1edbm ph\u1ea3n h\u1ed3i b\u1ea1n!  <\/p>\t\t\t\t\t\t\t\t<\/div>\n\t\t\t\t<\/div>\n\t\t\t\t<div class=\"elementor-element elementor-element-189792a elementor-widget__width-initial elementor-widget-tablet__width-inherit elementor-widget elementor-widget-wpforms\" data-id=\"189792a\" data-element_type=\"widget\" data-e-type=\"widget\" data-widget_type=\"wpforms.default\">\n\t\t\t\t<div class=\"elementor-widget-container\">\n\t\t\t\t\t<div class=\"wpforms-container wpforms-container-full wpforms-render-modern\" id=\"wpforms-2387\"><form id=\"wpforms-form-2387\" class=\"wpforms-validate wpforms-form wpforms-ajax-form\" data-formid=\"2387\" method=\"post\" enctype=\"multipart\/form-data\" action=\"\/vi\/wp-json\/wp\/v2\/pages\/3242\" data-token=\"c3eeaa9862b9722521cb570a039f97d9\" data-token-time=\"1776385266\"><noscript class=\"wpforms-error-noscript\">Please enable JavaScript in your browser to complete this form.<\/noscript><div id=\"wpforms-error-noscript\" style=\"display: none;\">Please enable JavaScript in your browser to complete this form.<\/div><div class=\"wpforms-field-container\"><div id=\"wpforms-2387-field_1-container\" class=\"wpforms-field wpforms-field-name\" data-field-id=\"1\"><fieldset><legend class=\"wpforms-field-label\">Name <span class=\"wpforms-required-label\" aria-hidden=\"true\">*<\/span><\/legend><div class=\"wpforms-field-row wpforms-field-large\"><div class=\"wpforms-field-row-block wpforms-first wpforms-one-half\"><input type=\"text\" id=\"wpforms-2387-field_1\" class=\"wpforms-field-name-first wpforms-field-required\" name=\"wpforms[fields][1][first]\" aria-errormessage=\"wpforms-2387-field_1-error\" required><label for=\"wpforms-2387-field_1\" class=\"wpforms-field-sublabel after\">First<\/label><\/div><div class=\"wpforms-field-row-block wpforms-one-half\"><input type=\"text\" id=\"wpforms-2387-field_1-last\" class=\"wpforms-field-name-last wpforms-field-required\" name=\"wpforms[fields][1][last]\" aria-errormessage=\"wpforms-2387-field_1-last-error\" required><label for=\"wpforms-2387-field_1-last\" class=\"wpforms-field-sublabel after\">Last<\/label><\/div><\/div><\/fieldset><\/div>\t\t<div id=\"wpforms-2387-field_4-container\"\n\t\t\tclass=\"wpforms-field wpforms-field-text\"\n\t\t\tdata-field-type=\"text\"\n\t\t\tdata-field-id=\"4\"\n\t\t\t>\n\t\t\t<label class=\"wpforms-field-label\" for=\"wpforms-2387-field_4\" >Message Email Name<\/label>\n\t\t\t<input type=\"text\" id=\"wpforms-2387-field_4\" class=\"wpforms-field-medium\" name=\"wpforms[fields][4]\" >\n\t\t<\/div>\n\t\t<div id=\"wpforms-2387-field_2-container\" class=\"wpforms-field wpforms-field-email\" data-field-id=\"2\"><label class=\"wpforms-field-label\" for=\"wpforms-2387-field_2\">Email <span class=\"wpforms-required-label\" aria-hidden=\"true\">*<\/span><\/label><input type=\"email\" id=\"wpforms-2387-field_2\" class=\"wpforms-field-large wpforms-field-required\" name=\"wpforms[fields][2]\" spellcheck=\"false\" aria-errormessage=\"wpforms-2387-field_2-error\" required><\/div><div id=\"wpforms-2387-field_3-container\" class=\"wpforms-field wpforms-field-textarea\" data-field-id=\"3\"><label class=\"wpforms-field-label\" for=\"wpforms-2387-field_3\">Message<\/label><textarea id=\"wpforms-2387-field_3\" class=\"wpforms-field-large\" name=\"wpforms[fields][3]\" aria-errormessage=\"wpforms-2387-field_3-error\" ><\/textarea><\/div><script>\n\t\t\t\t( function() {\n\t\t\t\t\tconst style = document.createElement( 'style' );\n\t\t\t\t\tstyle.appendChild( document.createTextNode( '#wpforms-2387-field_4-container { position: absolute !important; overflow: hidden !important; display: inline !important; height: 1px !important; width: 1px !important; z-index: -1000 !important; padding: 0 !important; } #wpforms-2387-field_4-container input { visibility: hidden; } #wpforms-conversational-form-page #wpforms-2387-field_4-container label { counter-increment: none; }' ) );\n\t\t\t\t\tdocument.head.appendChild( style );\n\t\t\t\t\tdocument.currentScript?.remove();\n\t\t\t\t} )();\n\t\t\t<\/script><\/div><!-- .wpforms-field-container --><div class=\"wpforms-submit-container\" ><input type=\"hidden\" name=\"wpforms[id]\" value=\"2387\"><input type=\"hidden\" name=\"page_title\" value=\"\"><input type=\"hidden\" name=\"page_url\" value=\"https:\/\/www.payxusa.com\/vi\/wp-json\/wp\/v2\/pages\/3242\"><input type=\"hidden\" name=\"url_referer\" value=\"\"><button type=\"submit\" name=\"wpforms[submit]\" id=\"wpforms-submit-2387\" class=\"wpforms-submit\" data-alt-text=\"Sending...\" data-submit-text=\"Submit\" aria-live=\"assertive\" value=\"wpforms-submit\">Submit<\/button><img decoding=\"async\" src=\"https:\/\/www.payxusa.com\/wp-content\/plugins\/wpforms-lite\/assets\/images\/submit-spin.svg\" class=\"wpforms-submit-spinner\" style=\"display: none;\" width=\"26\" height=\"26\" alt=\"Loading\"><\/div><\/form><\/div>  <!-- .wpforms-container -->\t\t\t\t<\/div>\n\t\t\t\t<\/div>\n\t\t\t\t\t<\/div>\n\t\t<\/div>\n\t\t\t\t\t<\/div>\n\t\t<\/section>\n\t\t\t\t\t<\/div>\n\t\t<\/div>\n\t\t\t\t\t<\/div>\n\t\t<\/section>\n\t\t\t\t<\/div>\n\t\t","protected":false},"excerpt":{"rendered":"<p>PayX L\u00f5i Chi ti\u1ebft PayX Core l\u00e0 m\u1ed9t \u0111\u01b0\u1eddng ray thanh to\u00e1n d\u1ef1a tr\u00ean blockchain \u0111\u01b0\u1ee3c thi\u1ebft k\u1ebf cho c\u00e1c t\u1ed5 ch\u1ee9c nh\u01b0 ng\u00e2n h\u00e0ng, t\u1ed5 ch\u1ee9c t\u00e0i ch\u00ednh v\u00e0 t\u1ed5 ch\u1ee9c c\u00f4ng ngh\u1ec7 t\u00e0i ch\u00ednh. N\u00f3 t\u1eadn d\u1ee5ng m\u1ea1ng l\u01b0\u1edbi blockchain ri\u00eang \u0111\u01b0\u1ee3c x\u00e2y d\u1ef1ng tr\u00ean Qan v\u00e0 s\u1eed d\u1ee5ng c\u00e1c \u0111\u1ed3ng ti\u1ec1n \u1ed5n <\/p>\n","protected":false},"author":1,"featured_media":0,"parent":0,"menu_order":0,"comment_status":"closed","ping_status":"closed","template":"","meta":{"_acf_changed":false,"footnotes":""},"class_list":["post-3242","page","type-page","status-publish","hentry"],"acf":[],"yoast_head":"<!-- This site is optimized with the Yoast SEO plugin v27.3 - https:\/\/yoast.com\/product\/yoast-seo-wordpress\/ -->\n<title>PayX L\u00f5i - PayX<\/title>\n<meta name=\"robots\" content=\"index, follow, max-snippet:-1, max-image-preview:large, max-video-preview:-1\" \/>\n<link rel=\"canonical\" href=\"https:\/\/www.payxusa.com\/vi\/payx-loi\/\" \/>\n<meta property=\"og:locale\" content=\"vi_VN\" \/>\n<meta property=\"og:type\" content=\"article\" \/>\n<meta property=\"og:title\" content=\"PayX L\u00f5i - PayX\" \/>\n<meta property=\"og:description\" content=\"PayX L\u00f5i Chi ti\u1ebft PayX Core l\u00e0 m\u1ed9t \u0111\u01b0\u1eddng ray thanh to\u00e1n d\u1ef1a tr\u00ean blockchain \u0111\u01b0\u1ee3c thi\u1ebft k\u1ebf cho c\u00e1c t\u1ed5 ch\u1ee9c nh\u01b0 ng\u00e2n h\u00e0ng, t\u1ed5 ch\u1ee9c t\u00e0i ch\u00ednh v\u00e0 t\u1ed5 ch\u1ee9c c\u00f4ng ngh\u1ec7 t\u00e0i ch\u00ednh. N\u00f3 t\u1eadn d\u1ee5ng m\u1ea1ng l\u01b0\u1edbi blockchain ri\u00eang \u0111\u01b0\u1ee3c x\u00e2y d\u1ef1ng tr\u00ean Qan v\u00e0 s\u1eed d\u1ee5ng c\u00e1c \u0111\u1ed3ng ti\u1ec1n \u1ed5n\" \/>\n<meta property=\"og:url\" content=\"https:\/\/www.payxusa.com\/vi\/payx-loi\/\" \/>\n<meta property=\"og:site_name\" content=\"PayX\" \/>\n<meta property=\"article:modified_time\" content=\"2025-02-18T06:35:23+00:00\" \/>\n<meta property=\"og:image\" content=\"https:\/\/payxusa.com\/wp-content\/plugins\/wpforms-lite\/assets\/images\/submit-spin.svg\" \/>\n<meta name=\"twitter:card\" content=\"summary_large_image\" \/>\n<meta name=\"twitter:label1\" content=\"Est. reading time\" \/>\n\t<meta name=\"twitter:data1\" content=\"3 minutes\" \/>\n<script type=\"application\/ld+json\" class=\"yoast-schema-graph\">{\"@context\":\"https:\\\/\\\/schema.org\",\"@graph\":[{\"@type\":\"WebPage\",\"@id\":\"https:\\\/\\\/www.payxusa.com\\\/vi\\\/payx-loi\\\/\",\"url\":\"https:\\\/\\\/www.payxusa.com\\\/vi\\\/payx-loi\\\/\",\"name\":\"PayX L\u00f5i - PayX\",\"isPartOf\":{\"@id\":\"https:\\\/\\\/www.payxusa.com\\\/vi\\\/#website\"},\"primaryImageOfPage\":{\"@id\":\"https:\\\/\\\/www.payxusa.com\\\/vi\\\/payx-loi\\\/#primaryimage\"},\"image\":{\"@id\":\"https:\\\/\\\/www.payxusa.com\\\/vi\\\/payx-loi\\\/#primaryimage\"},\"thumbnailUrl\":\"https:\\\/\\\/payxusa.com\\\/wp-content\\\/plugins\\\/wpforms-lite\\\/assets\\\/images\\\/submit-spin.svg\",\"datePublished\":\"2023-09-15T21:03:43+00:00\",\"dateModified\":\"2025-02-18T06:35:23+00:00\",\"breadcrumb\":{\"@id\":\"https:\\\/\\\/www.payxusa.com\\\/vi\\\/payx-loi\\\/#breadcrumb\"},\"inLanguage\":\"vi-VN\",\"potentialAction\":[{\"@type\":\"ReadAction\",\"target\":[\"https:\\\/\\\/www.payxusa.com\\\/vi\\\/payx-loi\\\/\"]}]},{\"@type\":\"ImageObject\",\"inLanguage\":\"vi-VN\",\"@id\":\"https:\\\/\\\/www.payxusa.com\\\/vi\\\/payx-loi\\\/#primaryimage\",\"url\":\"https:\\\/\\\/payxusa.com\\\/wp-content\\\/plugins\\\/wpforms-lite\\\/assets\\\/images\\\/submit-spin.svg\",\"contentUrl\":\"https:\\\/\\\/payxusa.com\\\/wp-content\\\/plugins\\\/wpforms-lite\\\/assets\\\/images\\\/submit-spin.svg\"},{\"@type\":\"BreadcrumbList\",\"@id\":\"https:\\\/\\\/www.payxusa.com\\\/vi\\\/payx-loi\\\/#breadcrumb\",\"itemListElement\":[{\"@type\":\"ListItem\",\"position\":1,\"name\":\"Home\",\"item\":\"https:\\\/\\\/www.payxusa.com\\\/vi\\\/\"},{\"@type\":\"ListItem\",\"position\":2,\"name\":\"PayX L\u00f5i\"}]},{\"@type\":\"WebSite\",\"@id\":\"https:\\\/\\\/www.payxusa.com\\\/vi\\\/#website\",\"url\":\"https:\\\/\\\/www.payxusa.com\\\/vi\\\/\",\"name\":\"PayX\",\"description\":\"Send Money Back Home Instantly\",\"potentialAction\":[{\"@type\":\"SearchAction\",\"target\":{\"@type\":\"EntryPoint\",\"urlTemplate\":\"https:\\\/\\\/www.payxusa.com\\\/vi\\\/?s={search_term_string}\"},\"query-input\":{\"@type\":\"PropertyValueSpecification\",\"valueRequired\":true,\"valueName\":\"search_term_string\"}}],\"inLanguage\":\"vi-VN\"}]}<\/script>\n<!-- \/ Yoast SEO plugin. -->","yoast_head_json":{"title":"PayX L\u00f5i - PayX","robots":{"index":"index","follow":"follow","max-snippet":"max-snippet:-1","max-image-preview":"max-image-preview:large","max-video-preview":"max-video-preview:-1"},"canonical":"https:\/\/www.payxusa.com\/vi\/payx-loi\/","og_locale":"vi_VN","og_type":"article","og_title":"PayX L\u00f5i - PayX","og_description":"PayX L\u00f5i Chi ti\u1ebft PayX Core l\u00e0 m\u1ed9t \u0111\u01b0\u1eddng ray thanh to\u00e1n d\u1ef1a tr\u00ean blockchain \u0111\u01b0\u1ee3c thi\u1ebft k\u1ebf cho c\u00e1c t\u1ed5 ch\u1ee9c nh\u01b0 ng\u00e2n h\u00e0ng, t\u1ed5 ch\u1ee9c t\u00e0i ch\u00ednh v\u00e0 t\u1ed5 ch\u1ee9c c\u00f4ng ngh\u1ec7 t\u00e0i ch\u00ednh. N\u00f3 t\u1eadn d\u1ee5ng m\u1ea1ng l\u01b0\u1edbi blockchain ri\u00eang \u0111\u01b0\u1ee3c x\u00e2y d\u1ef1ng tr\u00ean Qan v\u00e0 s\u1eed d\u1ee5ng c\u00e1c \u0111\u1ed3ng ti\u1ec1n \u1ed5n","og_url":"https:\/\/www.payxusa.com\/vi\/payx-loi\/","og_site_name":"PayX","article_modified_time":"2025-02-18T06:35:23+00:00","og_image":[{"url":"https:\/\/payxusa.com\/wp-content\/plugins\/wpforms-lite\/assets\/images\/submit-spin.svg","type":"","width":"","height":""}],"twitter_card":"summary_large_image","twitter_misc":{"Est. reading time":"3 minutes"},"schema":{"@context":"https:\/\/schema.org","@graph":[{"@type":"WebPage","@id":"https:\/\/www.payxusa.com\/vi\/payx-loi\/","url":"https:\/\/www.payxusa.com\/vi\/payx-loi\/","name":"PayX L\u00f5i - PayX","isPartOf":{"@id":"https:\/\/www.payxusa.com\/vi\/#website"},"primaryImageOfPage":{"@id":"https:\/\/www.payxusa.com\/vi\/payx-loi\/#primaryimage"},"image":{"@id":"https:\/\/www.payxusa.com\/vi\/payx-loi\/#primaryimage"},"thumbnailUrl":"https:\/\/payxusa.com\/wp-content\/plugins\/wpforms-lite\/assets\/images\/submit-spin.svg","datePublished":"2023-09-15T21:03:43+00:00","dateModified":"2025-02-18T06:35:23+00:00","breadcrumb":{"@id":"https:\/\/www.payxusa.com\/vi\/payx-loi\/#breadcrumb"},"inLanguage":"vi-VN","potentialAction":[{"@type":"ReadAction","target":["https:\/\/www.payxusa.com\/vi\/payx-loi\/"]}]},{"@type":"ImageObject","inLanguage":"vi-VN","@id":"https:\/\/www.payxusa.com\/vi\/payx-loi\/#primaryimage","url":"https:\/\/payxusa.com\/wp-content\/plugins\/wpforms-lite\/assets\/images\/submit-spin.svg","contentUrl":"https:\/\/payxusa.com\/wp-content\/plugins\/wpforms-lite\/assets\/images\/submit-spin.svg"},{"@type":"BreadcrumbList","@id":"https:\/\/www.payxusa.com\/vi\/payx-loi\/#breadcrumb","itemListElement":[{"@type":"ListItem","position":1,"name":"Home","item":"https:\/\/www.payxusa.com\/vi\/"},{"@type":"ListItem","position":2,"name":"PayX L\u00f5i"}]},{"@type":"WebSite","@id":"https:\/\/www.payxusa.com\/vi\/#website","url":"https:\/\/www.payxusa.com\/vi\/","name":"PayX","description":"Send Money Back Home Instantly","potentialAction":[{"@type":"SearchAction","target":{"@type":"EntryPoint","urlTemplate":"https:\/\/www.payxusa.com\/vi\/?s={search_term_string}"},"query-input":{"@type":"PropertyValueSpecification","valueRequired":true,"valueName":"search_term_string"}}],"inLanguage":"vi-VN"}]}},"_links":{"self":[{"href":"https:\/\/www.payxusa.com\/vi\/wp-json\/wp\/v2\/pages\/3242","targetHints":{"allow":["GET"]}}],"collection":[{"href":"https:\/\/www.payxusa.com\/vi\/wp-json\/wp\/v2\/pages"}],"about":[{"href":"https:\/\/www.payxusa.com\/vi\/wp-json\/wp\/v2\/types\/page"}],"author":[{"embeddable":true,"href":"https:\/\/www.payxusa.com\/vi\/wp-json\/wp\/v2\/users\/1"}],"replies":[{"embeddable":true,"href":"https:\/\/www.payxusa.com\/vi\/wp-json\/wp\/v2\/comments?post=3242"}],"version-history":[{"count":2,"href":"https:\/\/www.payxusa.com\/vi\/wp-json\/wp\/v2\/pages\/3242\/revisions"}],"predecessor-version":[{"id":3849,"href":"https:\/\/www.payxusa.com\/vi\/wp-json\/wp\/v2\/pages\/3242\/revisions\/3849"}],"wp:attachment":[{"href":"https:\/\/www.payxusa.com\/vi\/wp-json\/wp\/v2\/media?parent=3242"}],"curies":[{"name":"wp","href":"https:\/\/api.w.org\/{rel}","templated":true}]}}