{"id":3228,"date":"2023-09-15T21:03:43","date_gmt":"2023-09-15T21:03:43","guid":{"rendered":"https:\/\/payxusa.com\/dich-vu-chuyen-tien-payx\/"},"modified":"2025-02-18T06:31:05","modified_gmt":"2025-02-18T06:31:05","slug":"dich-vu-chuyen-tien-payx","status":"publish","type":"page","link":"https:\/\/www.payxusa.com\/vi\/dich-vu-chuyen-tien-payx\/","title":{"rendered":"D\u1ecbch v\u1ee5 chuy\u1ec3n ti\u1ec1n PayX"},"content":{"rendered":"\t\t<div data-elementor-type=\"wp-page\" data-elementor-id=\"3228\" class=\"elementor elementor-3228 elementor-2023\">\n\t\t\t\t\t\t<section class=\"elementor-section elementor-top-section elementor-element elementor-element-caa3002 elementor-section-full_width elementor-section-height-min-height elementor-section-height-default elementor-section-items-middle\" data-id=\"caa3002\" data-element_type=\"section\" data-e-type=\"section\" data-settings=\"{&quot;background_background&quot;:&quot;classic&quot;}\">\n\t\t\t\t\t\t\t<div class=\"elementor-background-overlay\"><\/div>\n\t\t\t\t\t\t\t<div class=\"elementor-container elementor-column-gap-default\">\n\t\t\t\t\t<div class=\"elementor-column elementor-col-100 elementor-top-column elementor-element elementor-element-7d64a28\" data-id=\"7d64a28\" data-element_type=\"column\" data-e-type=\"column\">\n\t\t\t<div class=\"elementor-widget-wrap elementor-element-populated\">\n\t\t\t\t\t\t<div class=\"elementor-element elementor-element-bdaaf5b elementor-widget elementor-widget-heading\" data-id=\"bdaaf5b\" data-element_type=\"widget\" data-e-type=\"widget\" data-widget_type=\"heading.default\">\n\t\t\t\t<div class=\"elementor-widget-container\">\n\t\t\t\t\t<h2 class=\"elementor-heading-title elementor-size-default\">Chuy\u1ec3n ti\u1ec1n PayX<\/h2>\t\t\t\t<\/div>\n\t\t\t\t<\/div>\n\t\t\t\t\t<\/div>\n\t\t<\/div>\n\t\t\t\t\t<\/div>\n\t\t<\/section>\n\t\t\t\t<section class=\"elementor-section elementor-top-section elementor-element elementor-element-cc6621e elementor-section-boxed elementor-section-height-default elementor-section-height-default\" data-id=\"cc6621e\" data-element_type=\"section\" data-e-type=\"section\">\n\t\t\t\t\t\t<div class=\"elementor-container elementor-column-gap-default\">\n\t\t\t\t\t<div class=\"elementor-column elementor-col-100 elementor-top-column elementor-element elementor-element-2666329\" data-id=\"2666329\" data-element_type=\"column\" data-e-type=\"column\">\n\t\t\t<div class=\"elementor-widget-wrap elementor-element-populated\">\n\t\t\t\t\t\t<section class=\"elementor-section elementor-inner-section elementor-element elementor-element-ee95b6e elementor-section-boxed elementor-section-height-default elementor-section-height-default\" data-id=\"ee95b6e\" data-element_type=\"section\" data-e-type=\"section\">\n\t\t\t\t\t\t<div class=\"elementor-container elementor-column-gap-default\">\n\t\t\t\t\t<div class=\"elementor-column elementor-col-100 elementor-inner-column elementor-element elementor-element-7b51225\" data-id=\"7b51225\" data-element_type=\"column\" data-e-type=\"column\">\n\t\t\t<div class=\"elementor-widget-wrap elementor-element-populated\">\n\t\t\t\t\t\t<div class=\"elementor-element elementor-element-3bbebe6 elementor-widget elementor-widget-heading\" data-id=\"3bbebe6\" data-element_type=\"widget\" data-e-type=\"widget\" data-widget_type=\"heading.default\">\n\t\t\t\t<div class=\"elementor-widget-container\">\n\t\t\t\t\t<h2 class=\"elementor-heading-title elementor-size-default\">Chi ti\u1ebft<\/h2>\t\t\t\t<\/div>\n\t\t\t\t<\/div>\n\t\t\t\t<div class=\"elementor-element elementor-element-4c7aa91 elementor-widget elementor-widget-text-editor\" data-id=\"4c7aa91\" data-element_type=\"widget\" data-e-type=\"widget\" data-widget_type=\"text-editor.default\">\n\t\t\t\t<div class=\"elementor-widget-container\">\n\t\t\t\t\t\t\t\t\t<p><span style=\"font-weight: 400;\">D\u1ecbch v\u1ee5 chuy\u1ec3n ti\u1ec1n k\u1ef9 thu\u1eadt s\u1ed1 PayX c\u00e1ch m\u1ea1ng h\u00f3a vi\u1ec7c chuy\u1ec3n ti\u1ec1n qu\u1ed1c t\u1ebf cho c\u00e1 nh\u00e2n v\u00e0 doanh nghi\u1ec7p v\u1eeba v\u00e0 nh\u1ecf. V\u1edbi kh\u1ea3 n\u0103ng thanh to\u00e1n theo th\u1eddi gian th\u1ef1c t\u1eeb Hoa K\u1ef3 \u0111\u1ebfn Ch\u00e2u \u00c1, PayX \u0111\u1ea3m b\u1ea3o thanh to\u00e1n ngay l\u1eadp t\u1ee9c \u0111\u01b0\u1ee3c g\u1eedi tr\u1ef1c ti\u1ebfp \u0111\u1ebfn t\u00e0i kho\u1ea3n ng\u00e2n h\u00e0ng \u0111\u1ecba ph\u01b0\u01a1ng, th\u1ebb ghi n\u1ee3 Visa ho\u1eb7c v\u00ed \u0111i\u1ec7n t\u1eed c\u1ee7a ng\u01b0\u1eddi nh\u1eadn. N\u1ec1n t\u1ea3ng c\u1ee7a ch\u00fang t\u00f4i c\u0169ng n\u1ed5i b\u1eadt khi cung c\u1ea5p h\u1ed7 tr\u1ee3 ng\u00f4n ng\u1eef b\u1ea3n \u0111\u1ecba trong \u1ee9ng d\u1ee5ng, \u0111\u1ea3m b\u1ea3o tr\u1ea3i nghi\u1ec7m d\u1ec5 ti\u1ebfp c\u1eadn v\u00e0 th\u00e2n thi\u1ec7n v\u1edbi ng\u01b0\u1eddi d\u00f9ng cho t\u1ea5t c\u1ea3 m\u1ecdi ng\u01b0\u1eddi. Th\u00eam v\u00e0o \u0111\u00f3, ch\u00fang t\u00f4i cung c\u1ea5p m\u1ee9c ph\u00ed giao d\u1ecbch r\u1ebb nh\u1ea5t hi\u1ec7n c\u00f3, gi\u00fap vi\u1ec7c chuy\u1ec3n ti\u1ec1n xuy\u00ean bi\u00ean gi\u1edbi tr\u1edf n\u00ean d\u1ec5 d\u00e0ng h\u01a1n bao gi\u1edd h\u1ebft.   <\/span><\/p>\t\t\t\t\t\t\t\t<\/div>\n\t\t\t\t<\/div>\n\t\t\t\t<div class=\"elementor-element elementor-element-65bc4a7 elementor-widget elementor-widget-text-editor\" data-id=\"65bc4a7\" data-element_type=\"widget\" data-e-type=\"widget\" data-widget_type=\"text-editor.default\">\n\t\t\t\t<div class=\"elementor-widget-container\">\n\t\t\t\t\t\t\t\t\t<p><strong>B\u1ea1n c\u00f3 th\u1eafc m\u1eafc? Ch\u00fang t\u00f4i \u1edf \u0111\u00e2y \u0111\u1ec3 gi\u00fap b\u1ea1n! <\/strong><br>B\u1ea1n c\u1ea7n th\u00eam th\u00f4ng tin chi ti\u1ebft v\u1ec1 D\u1ecbch v\u1ee5 chuy\u1ec3n ti\u1ec1n k\u1ef9 thu\u1eadt s\u1ed1 PayX? Cho d\u00f9 \u0111\u00f3 l\u00e0 v\u1ec1 ph\u00ed giao d\u1ecbch, qu\u1ed1c gia \u0111\u01b0\u1ee3c h\u1ed7 tr\u1ee3 hay ph\u01b0\u01a1ng th\u1ee9c thanh to\u00e1n, nh\u00f3m c\u1ee7a ch\u00fang t\u00f4i lu\u00f4n s\u1eb5n s\u00e0ng h\u1ed7 tr\u1ee3 b\u1ea1n. H\u00e3y \u0111i\u1ec1n v\u00e0o bi\u1ec3u m\u1eabu b\u00ean d\u01b0\u1edbi v\u00e0 ch\u00fang t\u00f4i s\u1ebd ph\u1ea3n h\u1ed3i b\u1ea1n s\u1edbm nh\u1ea5t c\u00f3 th\u1ec3.  <\/p>\t\t\t\t\t\t\t\t<\/div>\n\t\t\t\t<\/div>\n\t\t\t\t<div class=\"elementor-element elementor-element-cdb32ad elementor-widget__width-initial elementor-widget-tablet__width-inherit elementor-widget elementor-widget-wpforms\" data-id=\"cdb32ad\" data-element_type=\"widget\" data-e-type=\"widget\" data-widget_type=\"wpforms.default\">\n\t\t\t\t<div class=\"elementor-widget-container\">\n\t\t\t\t\t<div class=\"wpforms-container wpforms-container-full wpforms-render-modern\" id=\"wpforms-1958\"><form id=\"wpforms-form-1958\" class=\"wpforms-validate wpforms-form wpforms-ajax-form\" data-formid=\"1958\" method=\"post\" enctype=\"multipart\/form-data\" action=\"\/vi\/wp-json\/wp\/v2\/pages\/3228\" data-token=\"932894c2cccf3fd1677b3359ef313c77\" data-token-time=\"1776385256\"><noscript class=\"wpforms-error-noscript\">Please enable JavaScript in your browser to complete this form.<\/noscript><div id=\"wpforms-error-noscript\" style=\"display: none;\">Please enable JavaScript in your browser to complete this form.<\/div><div class=\"wpforms-field-container\">\t\t<div id=\"wpforms-1958-field_4-container\"\n\t\t\tclass=\"wpforms-field wpforms-field-text\"\n\t\t\tdata-field-type=\"text\"\n\t\t\tdata-field-id=\"4\"\n\t\t\t>\n\t\t\t<label class=\"wpforms-field-label\" for=\"wpforms-1958-field_4\" >Name Email Message<\/label>\n\t\t\t<input type=\"text\" id=\"wpforms-1958-field_4\" class=\"wpforms-field-medium\" name=\"wpforms[fields][4]\" >\n\t\t<\/div>\n\t\t<div id=\"wpforms-1958-field_1-container\" class=\"wpforms-field wpforms-field-name\" data-field-id=\"1\"><fieldset><legend class=\"wpforms-field-label\">Name <span class=\"wpforms-required-label\" aria-hidden=\"true\">*<\/span><\/legend><div class=\"wpforms-field-row wpforms-field-large\"><div class=\"wpforms-field-row-block wpforms-first wpforms-one-half\"><input type=\"text\" id=\"wpforms-1958-field_1\" class=\"wpforms-field-name-first wpforms-field-required\" name=\"wpforms[fields][1][first]\" aria-errormessage=\"wpforms-1958-field_1-error\" required><label for=\"wpforms-1958-field_1\" class=\"wpforms-field-sublabel after\">First<\/label><\/div><div class=\"wpforms-field-row-block wpforms-one-half\"><input type=\"text\" id=\"wpforms-1958-field_1-last\" class=\"wpforms-field-name-last wpforms-field-required\" name=\"wpforms[fields][1][last]\" aria-errormessage=\"wpforms-1958-field_1-last-error\" required><label for=\"wpforms-1958-field_1-last\" class=\"wpforms-field-sublabel after\">Last<\/label><\/div><\/div><\/fieldset><\/div><div id=\"wpforms-1958-field_2-container\" class=\"wpforms-field wpforms-field-email\" data-field-id=\"2\"><label class=\"wpforms-field-label\" for=\"wpforms-1958-field_2\">Email <span class=\"wpforms-required-label\" aria-hidden=\"true\">*<\/span><\/label><input type=\"email\" id=\"wpforms-1958-field_2\" class=\"wpforms-field-large wpforms-field-required\" name=\"wpforms[fields][2]\" spellcheck=\"false\" aria-errormessage=\"wpforms-1958-field_2-error\" required><\/div><div id=\"wpforms-1958-field_3-container\" class=\"wpforms-field wpforms-field-textarea\" data-field-id=\"3\"><label class=\"wpforms-field-label\" for=\"wpforms-1958-field_3\">Message<\/label><textarea id=\"wpforms-1958-field_3\" class=\"wpforms-field-large\" name=\"wpforms[fields][3]\" aria-errormessage=\"wpforms-1958-field_3-error\" ><\/textarea><\/div><script>\n\t\t\t\t( function() {\n\t\t\t\t\tconst style = document.createElement( 'style' );\n\t\t\t\t\tstyle.appendChild( document.createTextNode( '#wpforms-1958-field_4-container { position: absolute !important; overflow: hidden !important; display: inline !important; height: 1px !important; width: 1px !important; z-index: -1000 !important; padding: 0 !important; } #wpforms-1958-field_4-container input { visibility: hidden; } #wpforms-conversational-form-page #wpforms-1958-field_4-container label { counter-increment: none; }' ) );\n\t\t\t\t\tdocument.head.appendChild( style );\n\t\t\t\t\tdocument.currentScript?.remove();\n\t\t\t\t} )();\n\t\t\t<\/script><\/div><!-- .wpforms-field-container --><div class=\"wpforms-submit-container\" ><input type=\"hidden\" name=\"wpforms[id]\" value=\"1958\"><input type=\"hidden\" name=\"page_title\" value=\"\"><input type=\"hidden\" name=\"page_url\" value=\"https:\/\/www.payxusa.com\/vi\/wp-json\/wp\/v2\/pages\/3228\"><input type=\"hidden\" name=\"url_referer\" value=\"\"><button type=\"submit\" name=\"wpforms[submit]\" id=\"wpforms-submit-1958\" class=\"wpforms-submit\" data-alt-text=\"Sending...\" data-submit-text=\"Submit\" aria-live=\"assertive\" value=\"wpforms-submit\">Submit<\/button><img decoding=\"async\" src=\"https:\/\/www.payxusa.com\/wp-content\/plugins\/wpforms-lite\/assets\/images\/submit-spin.svg\" class=\"wpforms-submit-spinner\" style=\"display: none;\" width=\"26\" height=\"26\" alt=\"Loading\"><\/div><\/form><\/div>  <!-- .wpforms-container -->\t\t\t\t<\/div>\n\t\t\t\t<\/div>\n\t\t\t\t\t<\/div>\n\t\t<\/div>\n\t\t\t\t\t<\/div>\n\t\t<\/section>\n\t\t\t\t\t<\/div>\n\t\t<\/div>\n\t\t\t\t\t<\/div>\n\t\t<\/section>\n\t\t\t\t<\/div>\n\t\t","protected":false},"excerpt":{"rendered":"<p>Chuy\u1ec3n ti\u1ec1n PayX Chi ti\u1ebft D\u1ecbch v\u1ee5 chuy\u1ec3n ti\u1ec1n k\u1ef9 thu\u1eadt s\u1ed1 PayX c\u00e1ch m\u1ea1ng h\u00f3a vi\u1ec7c chuy\u1ec3n ti\u1ec1n qu\u1ed1c t\u1ebf cho c\u00e1 nh\u00e2n v\u00e0 doanh nghi\u1ec7p v\u1eeba v\u00e0 nh\u1ecf. V\u1edbi kh\u1ea3 n\u0103ng thanh to\u00e1n theo th\u1eddi gian th\u1ef1c t\u1eeb Hoa K\u1ef3 \u0111\u1ebfn Ch\u00e2u \u00c1, PayX \u0111\u1ea3m b\u1ea3o thanh to\u00e1n ngay l\u1eadp t\u1ee9c \u0111\u01b0\u1ee3c g\u1eedi <\/p>\n","protected":false},"author":1,"featured_media":0,"parent":0,"menu_order":0,"comment_status":"closed","ping_status":"closed","template":"","meta":{"_acf_changed":false,"footnotes":""},"class_list":["post-3228","page","type-page","status-publish","hentry"],"acf":[],"yoast_head":"<!-- This site is optimized with the Yoast SEO plugin v27.3 - https:\/\/yoast.com\/product\/yoast-seo-wordpress\/ -->\n<title>D\u1ecbch v\u1ee5 chuy\u1ec3n ti\u1ec1n PayX - PayX<\/title>\n<meta name=\"robots\" content=\"index, follow, max-snippet:-1, max-image-preview:large, max-video-preview:-1\" \/>\n<link rel=\"canonical\" href=\"https:\/\/www.payxusa.com\/vi\/dich-vu-chuyen-tien-payx\/\" \/>\n<meta property=\"og:locale\" content=\"vi_VN\" \/>\n<meta property=\"og:type\" content=\"article\" \/>\n<meta property=\"og:title\" content=\"D\u1ecbch v\u1ee5 chuy\u1ec3n ti\u1ec1n PayX - PayX\" \/>\n<meta property=\"og:description\" content=\"Chuy\u1ec3n ti\u1ec1n PayX Chi ti\u1ebft D\u1ecbch v\u1ee5 chuy\u1ec3n ti\u1ec1n k\u1ef9 thu\u1eadt s\u1ed1 PayX c\u00e1ch m\u1ea1ng h\u00f3a vi\u1ec7c chuy\u1ec3n ti\u1ec1n qu\u1ed1c t\u1ebf cho c\u00e1 nh\u00e2n v\u00e0 doanh nghi\u1ec7p v\u1eeba v\u00e0 nh\u1ecf. V\u1edbi kh\u1ea3 n\u0103ng thanh to\u00e1n theo th\u1eddi gian th\u1ef1c t\u1eeb Hoa K\u1ef3 \u0111\u1ebfn Ch\u00e2u \u00c1, PayX \u0111\u1ea3m b\u1ea3o thanh to\u00e1n ngay l\u1eadp t\u1ee9c \u0111\u01b0\u1ee3c g\u1eedi\" \/>\n<meta property=\"og:url\" content=\"https:\/\/www.payxusa.com\/vi\/dich-vu-chuyen-tien-payx\/\" \/>\n<meta property=\"og:site_name\" content=\"PayX\" \/>\n<meta property=\"article:modified_time\" content=\"2025-02-18T06:31:05+00:00\" \/>\n<meta property=\"og:image\" content=\"https:\/\/payxusa.com\/wp-content\/plugins\/wpforms-lite\/assets\/images\/submit-spin.svg\" \/>\n<meta name=\"twitter:card\" content=\"summary_large_image\" \/>\n<meta name=\"twitter:label1\" content=\"Est. reading time\" \/>\n\t<meta name=\"twitter:data1\" content=\"2 minutes\" \/>\n<script type=\"application\/ld+json\" class=\"yoast-schema-graph\">{\"@context\":\"https:\\\/\\\/schema.org\",\"@graph\":[{\"@type\":\"WebPage\",\"@id\":\"https:\\\/\\\/www.payxusa.com\\\/vi\\\/dich-vu-chuyen-tien-payx\\\/\",\"url\":\"https:\\\/\\\/www.payxusa.com\\\/vi\\\/dich-vu-chuyen-tien-payx\\\/\",\"name\":\"D\u1ecbch v\u1ee5 chuy\u1ec3n ti\u1ec1n PayX - PayX\",\"isPartOf\":{\"@id\":\"https:\\\/\\\/www.payxusa.com\\\/vi\\\/#website\"},\"primaryImageOfPage\":{\"@id\":\"https:\\\/\\\/www.payxusa.com\\\/vi\\\/dich-vu-chuyen-tien-payx\\\/#primaryimage\"},\"image\":{\"@id\":\"https:\\\/\\\/www.payxusa.com\\\/vi\\\/dich-vu-chuyen-tien-payx\\\/#primaryimage\"},\"thumbnailUrl\":\"https:\\\/\\\/payxusa.com\\\/wp-content\\\/plugins\\\/wpforms-lite\\\/assets\\\/images\\\/submit-spin.svg\",\"datePublished\":\"2023-09-15T21:03:43+00:00\",\"dateModified\":\"2025-02-18T06:31:05+00:00\",\"breadcrumb\":{\"@id\":\"https:\\\/\\\/www.payxusa.com\\\/vi\\\/dich-vu-chuyen-tien-payx\\\/#breadcrumb\"},\"inLanguage\":\"vi-VN\",\"potentialAction\":[{\"@type\":\"ReadAction\",\"target\":[\"https:\\\/\\\/www.payxusa.com\\\/vi\\\/dich-vu-chuyen-tien-payx\\\/\"]}]},{\"@type\":\"ImageObject\",\"inLanguage\":\"vi-VN\",\"@id\":\"https:\\\/\\\/www.payxusa.com\\\/vi\\\/dich-vu-chuyen-tien-payx\\\/#primaryimage\",\"url\":\"https:\\\/\\\/payxusa.com\\\/wp-content\\\/plugins\\\/wpforms-lite\\\/assets\\\/images\\\/submit-spin.svg\",\"contentUrl\":\"https:\\\/\\\/payxusa.com\\\/wp-content\\\/plugins\\\/wpforms-lite\\\/assets\\\/images\\\/submit-spin.svg\"},{\"@type\":\"BreadcrumbList\",\"@id\":\"https:\\\/\\\/www.payxusa.com\\\/vi\\\/dich-vu-chuyen-tien-payx\\\/#breadcrumb\",\"itemListElement\":[{\"@type\":\"ListItem\",\"position\":1,\"name\":\"Home\",\"item\":\"https:\\\/\\\/www.payxusa.com\\\/vi\\\/\"},{\"@type\":\"ListItem\",\"position\":2,\"name\":\"D\u1ecbch v\u1ee5 chuy\u1ec3n ti\u1ec1n PayX\"}]},{\"@type\":\"WebSite\",\"@id\":\"https:\\\/\\\/www.payxusa.com\\\/vi\\\/#website\",\"url\":\"https:\\\/\\\/www.payxusa.com\\\/vi\\\/\",\"name\":\"PayX\",\"description\":\"Send Money Back Home Instantly\",\"potentialAction\":[{\"@type\":\"SearchAction\",\"target\":{\"@type\":\"EntryPoint\",\"urlTemplate\":\"https:\\\/\\\/www.payxusa.com\\\/vi\\\/?s={search_term_string}\"},\"query-input\":{\"@type\":\"PropertyValueSpecification\",\"valueRequired\":true,\"valueName\":\"search_term_string\"}}],\"inLanguage\":\"vi-VN\"}]}<\/script>\n<!-- \/ Yoast SEO plugin. -->","yoast_head_json":{"title":"D\u1ecbch v\u1ee5 chuy\u1ec3n ti\u1ec1n PayX - PayX","robots":{"index":"index","follow":"follow","max-snippet":"max-snippet:-1","max-image-preview":"max-image-preview:large","max-video-preview":"max-video-preview:-1"},"canonical":"https:\/\/www.payxusa.com\/vi\/dich-vu-chuyen-tien-payx\/","og_locale":"vi_VN","og_type":"article","og_title":"D\u1ecbch v\u1ee5 chuy\u1ec3n ti\u1ec1n PayX - PayX","og_description":"Chuy\u1ec3n ti\u1ec1n PayX Chi ti\u1ebft D\u1ecbch v\u1ee5 chuy\u1ec3n ti\u1ec1n k\u1ef9 thu\u1eadt s\u1ed1 PayX c\u00e1ch m\u1ea1ng h\u00f3a vi\u1ec7c chuy\u1ec3n ti\u1ec1n qu\u1ed1c t\u1ebf cho c\u00e1 nh\u00e2n v\u00e0 doanh nghi\u1ec7p v\u1eeba v\u00e0 nh\u1ecf. V\u1edbi kh\u1ea3 n\u0103ng thanh to\u00e1n theo th\u1eddi gian th\u1ef1c t\u1eeb Hoa K\u1ef3 \u0111\u1ebfn Ch\u00e2u \u00c1, PayX \u0111\u1ea3m b\u1ea3o thanh to\u00e1n ngay l\u1eadp t\u1ee9c \u0111\u01b0\u1ee3c g\u1eedi","og_url":"https:\/\/www.payxusa.com\/vi\/dich-vu-chuyen-tien-payx\/","og_site_name":"PayX","article_modified_time":"2025-02-18T06:31:05+00:00","og_image":[{"url":"https:\/\/payxusa.com\/wp-content\/plugins\/wpforms-lite\/assets\/images\/submit-spin.svg","type":"","width":"","height":""}],"twitter_card":"summary_large_image","twitter_misc":{"Est. reading time":"2 minutes"},"schema":{"@context":"https:\/\/schema.org","@graph":[{"@type":"WebPage","@id":"https:\/\/www.payxusa.com\/vi\/dich-vu-chuyen-tien-payx\/","url":"https:\/\/www.payxusa.com\/vi\/dich-vu-chuyen-tien-payx\/","name":"D\u1ecbch v\u1ee5 chuy\u1ec3n ti\u1ec1n PayX - PayX","isPartOf":{"@id":"https:\/\/www.payxusa.com\/vi\/#website"},"primaryImageOfPage":{"@id":"https:\/\/www.payxusa.com\/vi\/dich-vu-chuyen-tien-payx\/#primaryimage"},"image":{"@id":"https:\/\/www.payxusa.com\/vi\/dich-vu-chuyen-tien-payx\/#primaryimage"},"thumbnailUrl":"https:\/\/payxusa.com\/wp-content\/plugins\/wpforms-lite\/assets\/images\/submit-spin.svg","datePublished":"2023-09-15T21:03:43+00:00","dateModified":"2025-02-18T06:31:05+00:00","breadcrumb":{"@id":"https:\/\/www.payxusa.com\/vi\/dich-vu-chuyen-tien-payx\/#breadcrumb"},"inLanguage":"vi-VN","potentialAction":[{"@type":"ReadAction","target":["https:\/\/www.payxusa.com\/vi\/dich-vu-chuyen-tien-payx\/"]}]},{"@type":"ImageObject","inLanguage":"vi-VN","@id":"https:\/\/www.payxusa.com\/vi\/dich-vu-chuyen-tien-payx\/#primaryimage","url":"https:\/\/payxusa.com\/wp-content\/plugins\/wpforms-lite\/assets\/images\/submit-spin.svg","contentUrl":"https:\/\/payxusa.com\/wp-content\/plugins\/wpforms-lite\/assets\/images\/submit-spin.svg"},{"@type":"BreadcrumbList","@id":"https:\/\/www.payxusa.com\/vi\/dich-vu-chuyen-tien-payx\/#breadcrumb","itemListElement":[{"@type":"ListItem","position":1,"name":"Home","item":"https:\/\/www.payxusa.com\/vi\/"},{"@type":"ListItem","position":2,"name":"D\u1ecbch v\u1ee5 chuy\u1ec3n ti\u1ec1n PayX"}]},{"@type":"WebSite","@id":"https:\/\/www.payxusa.com\/vi\/#website","url":"https:\/\/www.payxusa.com\/vi\/","name":"PayX","description":"Send Money Back Home Instantly","potentialAction":[{"@type":"SearchAction","target":{"@type":"EntryPoint","urlTemplate":"https:\/\/www.payxusa.com\/vi\/?s={search_term_string}"},"query-input":{"@type":"PropertyValueSpecification","valueRequired":true,"valueName":"search_term_string"}}],"inLanguage":"vi-VN"}]}},"_links":{"self":[{"href":"https:\/\/www.payxusa.com\/vi\/wp-json\/wp\/v2\/pages\/3228","targetHints":{"allow":["GET"]}}],"collection":[{"href":"https:\/\/www.payxusa.com\/vi\/wp-json\/wp\/v2\/pages"}],"about":[{"href":"https:\/\/www.payxusa.com\/vi\/wp-json\/wp\/v2\/types\/page"}],"author":[{"embeddable":true,"href":"https:\/\/www.payxusa.com\/vi\/wp-json\/wp\/v2\/users\/1"}],"replies":[{"embeddable":true,"href":"https:\/\/www.payxusa.com\/vi\/wp-json\/wp\/v2\/comments?post=3228"}],"version-history":[{"count":3,"href":"https:\/\/www.payxusa.com\/vi\/wp-json\/wp\/v2\/pages\/3228\/revisions"}],"predecessor-version":[{"id":3843,"href":"https:\/\/www.payxusa.com\/vi\/wp-json\/wp\/v2\/pages\/3228\/revisions\/3843"}],"wp:attachment":[{"href":"https:\/\/www.payxusa.com\/vi\/wp-json\/wp\/v2\/media?parent=3228"}],"curies":[{"name":"wp","href":"https:\/\/api.w.org\/{rel}","templated":true}]}}