{"id":3218,"date":"2023-09-15T21:03:43","date_gmt":"2023-09-15T21:03:43","guid":{"rendered":"https:\/\/payxusa.com\/tam-nhin-su-menh\/"},"modified":"2025-02-18T06:27:21","modified_gmt":"2025-02-18T06:27:21","slug":"tam-nhin-su-menh","status":"publish","type":"page","link":"https:\/\/www.payxusa.com\/vi\/tam-nhin-su-menh\/","title":{"rendered":"T\u1ea7m nh\u00ecn &amp; S\u1ee9 m\u1ec7nh"},"content":{"rendered":"\t\t<div data-elementor-type=\"wp-page\" data-elementor-id=\"3218\" class=\"elementor elementor-3218 elementor-1907\">\n\t\t\t\t\t\t<section class=\"elementor-section elementor-top-section elementor-element elementor-element-f7a145a elementor-section-full_width elementor-section-height-min-height elementor-section-height-default elementor-section-items-middle\" data-id=\"f7a145a\" data-element_type=\"section\" data-e-type=\"section\" data-settings=\"{&quot;background_background&quot;:&quot;classic&quot;}\">\n\t\t\t\t\t\t\t<div class=\"elementor-background-overlay\"><\/div>\n\t\t\t\t\t\t\t<div class=\"elementor-container elementor-column-gap-default\">\n\t\t\t\t\t<div class=\"elementor-column elementor-col-100 elementor-top-column elementor-element elementor-element-70846d2\" data-id=\"70846d2\" data-element_type=\"column\" data-e-type=\"column\">\n\t\t\t<div class=\"elementor-widget-wrap elementor-element-populated\">\n\t\t\t\t\t\t<div class=\"elementor-element elementor-element-efaf92d elementor-widget elementor-widget-heading\" data-id=\"efaf92d\" data-element_type=\"widget\" data-e-type=\"widget\" data-widget_type=\"heading.default\">\n\t\t\t\t<div class=\"elementor-widget-container\">\n\t\t\t\t\t<h2 class=\"elementor-heading-title elementor-size-default\">T\u1ea7m nh\u00ecn &amp; S\u1ee9 m\u1ec7nh<\/h2>\t\t\t\t<\/div>\n\t\t\t\t<\/div>\n\t\t\t\t\t<\/div>\n\t\t<\/div>\n\t\t\t\t\t<\/div>\n\t\t<\/section>\n\t\t\t\t<section class=\"elementor-section elementor-top-section elementor-element elementor-element-3e36e8b elementor-section-full_width elementor-section-height-default elementor-section-height-default\" data-id=\"3e36e8b\" data-element_type=\"section\" data-e-type=\"section\">\n\t\t\t\t\t\t<div class=\"elementor-container elementor-column-gap-default\">\n\t\t\t\t\t<div class=\"elementor-column elementor-col-100 elementor-top-column elementor-element elementor-element-19c17b9\" data-id=\"19c17b9\" data-element_type=\"column\" data-e-type=\"column\">\n\t\t\t<div class=\"elementor-widget-wrap elementor-element-populated\">\n\t\t\t\t\t\t<section class=\"elementor-section elementor-inner-section elementor-element elementor-element-90e9fac elementor-section-boxed elementor-section-height-default elementor-section-height-default\" data-id=\"90e9fac\" data-element_type=\"section\" data-e-type=\"section\">\n\t\t\t\t\t\t<div class=\"elementor-container elementor-column-gap-default\">\n\t\t\t\t\t<div class=\"elementor-column elementor-col-100 elementor-inner-column elementor-element elementor-element-edd6c02\" data-id=\"edd6c02\" data-element_type=\"column\" data-e-type=\"column\">\n\t\t\t<div class=\"elementor-widget-wrap elementor-element-populated\">\n\t\t\t\t\t\t<div class=\"elementor-element elementor-element-cb759a2 elementor-widget elementor-widget-heading\" data-id=\"cb759a2\" data-element_type=\"widget\" data-e-type=\"widget\" data-widget_type=\"heading.default\">\n\t\t\t\t<div class=\"elementor-widget-container\">\n\t\t\t\t\t<h4 class=\"elementor-heading-title elementor-size-default\">T\u1ea7m nh\u00ecn<\/h4>\t\t\t\t<\/div>\n\t\t\t\t<\/div>\n\t\t\t\t<div class=\"elementor-element elementor-element-0299bca elementor-widget elementor-widget-text-editor\" data-id=\"0299bca\" data-element_type=\"widget\" data-e-type=\"widget\" data-widget_type=\"text-editor.default\">\n\t\t\t\t<div class=\"elementor-widget-container\">\n\t\t\t\t\t\t\t\t\t<p>T\u1ea1i PayX, ch\u00fang t\u00f4i h\u00ecnh dung m\u1ed9t th\u1ebf gi\u1edbi n\u01a1i bi\u00ean gi\u1edbi kh\u00f4ng c\u00f2n l\u00e0 r\u00e0o c\u1ea3n \u0111\u1ed1i v\u1edbi quy\u1ec1n n\u0103ng t\u00e0i ch\u00ednh. T\u1ea7m nh\u00ecn c\u1ee7a ch\u00fang t\u00f4i l\u00e0 t\u1ea1o ra m\u1ed9t n\u1ec1n kinh t\u1ebf to\u00e0n c\u1ea7u bao tr\u00f9m b\u1eb1ng c\u00e1ch k\u1ebft n\u1ed1i m\u1ecdi ng\u01b0\u1eddi v\u00e0 doanh nghi\u1ec7p v\u1edbi c\u00e1c gi\u1ea3i ph\u00e1p thanh to\u00e1n s\u00e1ng t\u1ea1o gi\u00fap c\u00e1c giao d\u1ecbch xuy\u00ean bi\u00ean gi\u1edbi tr\u1edf n\u00ean li\u1ec1n m\u1ea1ch, an to\u00e0n v\u00e0 d\u1ec5 ti\u1ebfp c\u1eadn v\u1edbi m\u1ecdi ng\u01b0\u1eddi. <\/p>\t\t\t\t\t\t\t\t<\/div>\n\t\t\t\t<\/div>\n\t\t\t\t<div class=\"elementor-element elementor-element-040116f elementor-widget-divider--view-line elementor-widget elementor-widget-divider\" data-id=\"040116f\" data-element_type=\"widget\" data-e-type=\"widget\" data-widget_type=\"divider.default\">\n\t\t\t\t<div class=\"elementor-widget-container\">\n\t\t\t\t\t\t\t<div class=\"elementor-divider\">\n\t\t\t<span class=\"elementor-divider-separator\">\n\t\t\t\t\t\t<\/span>\n\t\t<\/div>\n\t\t\t\t\t\t<\/div>\n\t\t\t\t<\/div>\n\t\t\t\t<div class=\"elementor-element elementor-element-6b0e8a1 elementor-widget elementor-widget-heading\" data-id=\"6b0e8a1\" data-element_type=\"widget\" data-e-type=\"widget\" data-widget_type=\"heading.default\">\n\t\t\t\t<div class=\"elementor-widget-container\">\n\t\t\t\t\t<h4 class=\"elementor-heading-title elementor-size-default\">Nhi\u1ec7m v\u1ee5<\/h4>\t\t\t\t<\/div>\n\t\t\t\t<\/div>\n\t\t\t\t<div class=\"elementor-element elementor-element-5f9aa83 elementor-widget elementor-widget-text-editor\" data-id=\"5f9aa83\" data-element_type=\"widget\" data-e-type=\"widget\" data-widget_type=\"text-editor.default\">\n\t\t\t\t<div class=\"elementor-widget-container\">\n\t\t\t\t\t\t\t\t\t<p><span style=\"font-weight: 400;\">S\u1ee9 m\u1ec7nh c\u1ee7a ch\u00fang t\u00f4i l\u00e0 thay \u0111\u1ed5i c\u00e1ch th\u1ee9c c\u00e1 nh\u00e2n, doanh nghi\u1ec7p v\u00e0 t\u1ed5 ch\u1ee9c chuy\u1ec3n ti\u1ec1n qua bi\u00ean gi\u1edbi. Ch\u00fang t\u00f4i h\u01b0\u1edbng \u0111\u1ebfn m\u1ee5c ti\u00eau cung c\u1ea5p c\u00e1c d\u1ecbch v\u1ee5 t\u00e0i ch\u00ednh gi\u00e1 c\u1ea3 ph\u1ea3i ch\u0103ng, minh b\u1ea1ch v\u00e0 \u0111\u00e1ng tin c\u1eady, k\u1ebft h\u1ee3p c\u00f4ng ngh\u1ec7 ti\u00ean ti\u1ebfn v\u1edbi cam k\u1ebft s\u00e2u s\u1eafc v\u1ec1 s\u1ef1 h\u00e0i l\u00f2ng c\u1ee7a kh\u00e1ch h\u00e0ng. B\u1eb1ng c\u00e1ch \u01b0u ti\u00ean b\u1ea3o m\u1eadt, tu\u00e2n th\u1ee7 v\u00e0 \u0111\u1ed5i m\u1edbi, ch\u00fang t\u00f4i gi\u00fap kh\u00e1ch h\u00e0ng \u0111\u1ea1t \u0111\u01b0\u1ee3c m\u1ee5c ti\u00eau t\u00e0i ch\u00ednh v\u00e0 t\u1ea1o ra nh\u1eefng k\u1ebft n\u1ed1i c\u00f3 \u00fd ngh\u0129a tr\u00ean to\u00e0n th\u1ebf gi\u1edbi.  <\/span><\/p>\t\t\t\t\t\t\t\t<\/div>\n\t\t\t\t<\/div>\n\t\t\t\t<div class=\"elementor-element elementor-element-133ef4d elementor-widget-divider--view-line elementor-widget elementor-widget-divider\" data-id=\"133ef4d\" data-element_type=\"widget\" data-e-type=\"widget\" data-widget_type=\"divider.default\">\n\t\t\t\t<div class=\"elementor-widget-container\">\n\t\t\t\t\t\t\t<div class=\"elementor-divider\">\n\t\t\t<span class=\"elementor-divider-separator\">\n\t\t\t\t\t\t<\/span>\n\t\t<\/div>\n\t\t\t\t\t\t<\/div>\n\t\t\t\t<\/div>\n\t\t\t\t<div class=\"elementor-element elementor-element-1c52316 elementor-widget elementor-widget-heading\" data-id=\"1c52316\" data-element_type=\"widget\" data-e-type=\"widget\" data-widget_type=\"heading.default\">\n\t\t\t\t<div class=\"elementor-widget-container\">\n\t\t\t\t\t<h4 class=\"elementor-heading-title elementor-size-default\">Gi\u00e1 tr\u1ecb<\/h4>\t\t\t\t<\/div>\n\t\t\t\t<\/div>\n\t\t\t\t<div class=\"elementor-element elementor-element-b74fd95 elementor-widget elementor-widget-text-editor\" data-id=\"b74fd95\" data-element_type=\"widget\" data-e-type=\"widget\" data-widget_type=\"text-editor.default\">\n\t\t\t\t<div class=\"elementor-widget-container\">\n\t\t\t\t\t\t\t\t\t<ol><li><b>L\u00e0m h\u00e0i l\u00f2ng kh\u00e1ch h\u00e0ng:<\/b> <span style=\"font-weight: 400;\">Ch\u00fang t\u00f4i \u01b0u ti\u00ean t\u1ea1o ra nh\u1eefng tr\u1ea3i nghi\u1ec7m \u0111\u1eb7c bi\u1ec7t b\u1eb1ng c\u00e1ch l\u1eafng nghe kh\u00e1ch h\u00e0ng v\u00e0 cung c\u1ea5p c\u00e1c d\u1ecbch v\u1ee5 v\u01b0\u1ee3t qu\u00e1 mong \u0111\u1ee3i c\u1ee7a h\u1ecd.<\/span><\/li><li><b>\u0110\u1ed5i m\u1edbi t\u00e1o b\u1ea1o:<\/b> <span style=\"font-weight: 400;\">Ch\u00fang t\u00f4i \u00e1p d\u1ee5ng c\u00f4ng ngh\u1ec7 v\u00e0 s\u1ef1 s\u00e1ng t\u1ea1o \u0111\u1ec3 th\u00e1ch th\u1ee9c hi\u1ec7n tr\u1ea1ng v\u00e0 mang \u0111\u1ebfn nh\u1eefng \u00fd t\u01b0\u1edfng m\u1edbi cho thanh to\u00e1n xuy\u00ean bi\u00ean gi\u1edbi.<\/span><\/li><li><b>H\u00e0nh \u0111\u1ed9ng v\u1edbi s\u1ef1 ch\u00ednh tr\u1ef1c:<\/b><span style=\"font-weight: 400;\">  Ni\u1ec1m tin l\u00e0 c\u1ed1t l\u00f5i trong nh\u1eefng g\u00ec ch\u00fang t\u00f4i l\u00e0m. Ch\u00fang t\u00f4i ho\u1ea1t \u0111\u1ed9ng minh b\u1ea1ch v\u00e0 duy tr\u00ec c\u00e1c ti\u00eau chu\u1ea9n \u0111\u1ea1o \u0111\u1ee9c cao nh\u1ea5t trong m\u1ecdi giao d\u1ecbch. <\/span><\/li><li><b>Nh\u00e0 v\u00f4 \u0111\u1ecbch v\u1ec1 s\u1ef1 h\u00f2a nh\u1eadp:<\/b> <span style=\"font-weight: 400;\">Ch\u00fang t\u00f4i tin r\u1eb1ng c\u00e1c d\u1ecbch v\u1ee5 t\u00e0i ch\u00ednh n\u00ean \u0111\u01b0\u1ee3c ti\u1ebfp c\u1eadn v\u1edbi t\u1ea5t c\u1ea3 m\u1ecdi ng\u01b0\u1eddi v\u00e0 ch\u00fang t\u00f4i n\u1ed7 l\u1ef1c thu h\u1eb9p kho\u1ea3ng c\u00e1ch v\u00e0 t\u1ea1o c\u01a1 h\u1ed9i cho c\u00e1c c\u1ed9ng \u0111\u1ed3ng ch\u01b0a \u0111\u01b0\u1ee3c ph\u1ee5c v\u1ee5 \u0111\u1ea7y \u0111\u1ee7.<\/span><\/li><li><b>H\u1ee3p t\u00e1c \u0111\u1ec3 th\u00e0nh c\u00f4ng:<\/b><span style=\"font-weight: 400;\">  Quan h\u1ec7 \u0111\u1ed1i t\u00e1c ch\u1eb7t ch\u1ebd l\u00e0 \u0111i\u1ec1u c\u1ea7n thi\u1ebft cho s\u1ee9 m\u1ec7nh c\u1ee7a ch\u00fang t\u00f4i. Ch\u00fang t\u00f4i l\u00e0m vi\u1ec7c ch\u1eb7t ch\u1ebd v\u1edbi c\u00e1c b\u00ean li\u00ean quan \u0111\u1ec3 t\u1ea1o ra c\u00e1c gi\u1ea3i ph\u00e1p ph\u1ee5c v\u1ee5 c\u00e1c nhu c\u1ea7u \u0111a d\u1ea1ng. <\/span><\/li><li><b>C\u00f3 tr\u00e1ch nhi\u1ec7m:<\/b> <span style=\"font-weight: 400;\">Ch\u00fang t\u00f4i ch\u1ecbu tr\u00e1ch nhi\u1ec7m v\u1ec1 h\u00e0nh \u0111\u1ed9ng v\u00e0 k\u1ebft qu\u1ea3 c\u1ee7a m\u00ecnh, kh\u00f4ng ng\u1eebng n\u1ed7 l\u1ef1c c\u1ea3i thi\u1ec7n v\u00e0 mang l\u1ea1i gi\u00e1 tr\u1ecb cho kh\u00e1ch h\u00e0ng.<\/span><\/li><li><b>T\u1eadp trung v\u00e0o b\u1ea3o m\u1eadt:<\/b><span style=\"font-weight: 400;\">  B\u1ea3o v\u1ec7 d\u1eef li\u1ec7u v\u00e0 giao d\u1ecbch c\u1ee7a kh\u00e1ch h\u00e0ng l\u00e0 \u01b0u ti\u00ean h\u00e0ng \u0111\u1ea7u. Ch\u00fang t\u00f4i t\u1eadn d\u1ee5ng c\u00e1c bi\u1ec7n ph\u00e1p b\u1ea3o m\u1eadt ti\u00ean ti\u1ebfn \u0111\u1ec3 \u0111\u1ea3m b\u1ea3o s\u1ef1 an t\u00e2m. <\/span><\/li><li><b>X\u00e2y d\u1ef1ng cho t\u01b0\u01a1ng lai:<\/b> <span style=\"font-weight: 400;\">T\u00ednh b\u1ec1n v\u1eefng v\u00e0 t\u01b0 duy d\u00e0i h\u1ea1n \u0111\u1ecbnh h\u01b0\u1edbng cho c\u00e1c quy\u1ebft \u0111\u1ecbnh c\u1ee7a ch\u00fang t\u00f4i, \u0111\u1ea3m b\u1ea3o ch\u00fang t\u00f4i t\u1ea1o ra gi\u00e1 tr\u1ecb l\u00e2u d\u00e0i cho kh\u00e1ch h\u00e0ng v\u00e0 th\u1ebf gi\u1edbi.<\/span><\/li><\/ol>\t\t\t\t\t\t\t\t<\/div>\n\t\t\t\t<\/div>\n\t\t\t\t<div class=\"elementor-element elementor-element-603ce7c elementor-widget elementor-widget-text-editor\" data-id=\"603ce7c\" data-element_type=\"widget\" data-e-type=\"widget\" data-widget_type=\"text-editor.default\">\n\t\t\t\t<div class=\"elementor-widget-container\">\n\t\t\t\t\t\t\t\t\t<p><span style=\"font-weight: 400;\">B\u1eb1ng c\u00e1ch s\u1ed1ng theo nh\u1eefng gi\u00e1 tr\u1ecb n\u00e0y, PayX n\u1ed7 l\u1ef1c \u0111\u1ecbnh ngh\u0129a l\u1ea1i c\u00e1c kho\u1ea3n thanh to\u00e1n xuy\u00ean bi\u00ean gi\u1edbi v\u00e0 tr\u1edf th\u00e0nh \u0111\u1ed1i t\u00e1c \u0111\u01b0\u1ee3c \u01b0a chu\u1ed9ng cho vi\u1ec7c trao quy\u1ec1n t\u00e0i ch\u00ednh to\u00e0n c\u1ea7u.<\/span><\/p>\t\t\t\t\t\t\t\t<\/div>\n\t\t\t\t<\/div>\n\t\t\t\t\t<\/div>\n\t\t<\/div>\n\t\t\t\t\t<\/div>\n\t\t<\/section>\n\t\t\t\t\t<\/div>\n\t\t<\/div>\n\t\t\t\t\t<\/div>\n\t\t<\/section>\n\t\t\t\t<\/div>\n\t\t","protected":false},"excerpt":{"rendered":"<p>T\u1ea7m nh\u00ecn &amp; S\u1ee9 m\u1ec7nh T\u1ea7m nh\u00ecn T\u1ea1i PayX, ch\u00fang t\u00f4i h\u00ecnh dung m\u1ed9t th\u1ebf gi\u1edbi n\u01a1i bi\u00ean gi\u1edbi kh\u00f4ng c\u00f2n l\u00e0 r\u00e0o c\u1ea3n \u0111\u1ed1i v\u1edbi quy\u1ec1n n\u0103ng t\u00e0i ch\u00ednh. T\u1ea7m nh\u00ecn c\u1ee7a ch\u00fang t\u00f4i l\u00e0 t\u1ea1o ra m\u1ed9t n\u1ec1n kinh t\u1ebf to\u00e0n c\u1ea7u bao tr\u00f9m b\u1eb1ng c\u00e1ch k\u1ebft n\u1ed1i m\u1ecdi ng\u01b0\u1eddi v\u00e0 doanh nghi\u1ec7p <\/p>\n","protected":false},"author":1,"featured_media":0,"parent":0,"menu_order":0,"comment_status":"closed","ping_status":"closed","template":"","meta":{"_acf_changed":false,"footnotes":""},"class_list":["post-3218","page","type-page","status-publish","hentry"],"acf":[],"yoast_head":"<!-- This site is optimized with the Yoast SEO plugin v27.3 - https:\/\/yoast.com\/product\/yoast-seo-wordpress\/ -->\n<title>T\u1ea7m nh\u00ecn &amp; S\u1ee9 m\u1ec7nh - PayX<\/title>\n<meta name=\"robots\" content=\"index, follow, max-snippet:-1, max-image-preview:large, max-video-preview:-1\" \/>\n<link rel=\"canonical\" href=\"https:\/\/www.payxusa.com\/vision-and-mission\/\" \/>\n<meta property=\"og:locale\" content=\"vi_VN\" \/>\n<meta property=\"og:type\" content=\"article\" \/>\n<meta property=\"og:title\" content=\"T\u1ea7m nh\u00ecn &amp; S\u1ee9 m\u1ec7nh - PayX\" \/>\n<meta property=\"og:description\" content=\"T\u1ea7m nh\u00ecn &amp; S\u1ee9 m\u1ec7nh T\u1ea7m nh\u00ecn T\u1ea1i PayX, ch\u00fang t\u00f4i h\u00ecnh dung m\u1ed9t th\u1ebf gi\u1edbi n\u01a1i bi\u00ean gi\u1edbi kh\u00f4ng c\u00f2n l\u00e0 r\u00e0o c\u1ea3n \u0111\u1ed1i v\u1edbi quy\u1ec1n n\u0103ng t\u00e0i ch\u00ednh. T\u1ea7m nh\u00ecn c\u1ee7a ch\u00fang t\u00f4i l\u00e0 t\u1ea1o ra m\u1ed9t n\u1ec1n kinh t\u1ebf to\u00e0n c\u1ea7u bao tr\u00f9m b\u1eb1ng c\u00e1ch k\u1ebft n\u1ed1i m\u1ecdi ng\u01b0\u1eddi v\u00e0 doanh nghi\u1ec7p\" \/>\n<meta property=\"og:url\" content=\"https:\/\/www.payxusa.com\/vision-and-mission\/\" \/>\n<meta property=\"og:site_name\" content=\"PayX\" \/>\n<meta property=\"article:modified_time\" content=\"2025-02-18T06:27:21+00:00\" \/>\n<meta name=\"twitter:card\" content=\"summary_large_image\" \/>\n<meta name=\"twitter:label1\" content=\"Est. reading time\" \/>\n\t<meta name=\"twitter:data1\" content=\"4 minutes\" \/>\n<script type=\"application\/ld+json\" class=\"yoast-schema-graph\">{\"@context\":\"https:\\\/\\\/schema.org\",\"@graph\":[{\"@type\":\"WebPage\",\"@id\":\"https:\\\/\\\/www.payxusa.com\\\/vision-and-mission\\\/\",\"url\":\"https:\\\/\\\/www.payxusa.com\\\/vision-and-mission\\\/\",\"name\":\"T\u1ea7m nh\u00ecn &amp; S\u1ee9 m\u1ec7nh - PayX\",\"isPartOf\":{\"@id\":\"https:\\\/\\\/www.payxusa.com\\\/vi\\\/#website\"},\"datePublished\":\"2023-09-15T21:03:43+00:00\",\"dateModified\":\"2025-02-18T06:27:21+00:00\",\"breadcrumb\":{\"@id\":\"https:\\\/\\\/www.payxusa.com\\\/vision-and-mission\\\/#breadcrumb\"},\"inLanguage\":\"vi-VN\",\"potentialAction\":[{\"@type\":\"ReadAction\",\"target\":[\"https:\\\/\\\/www.payxusa.com\\\/vision-and-mission\\\/\"]}]},{\"@type\":\"BreadcrumbList\",\"@id\":\"https:\\\/\\\/www.payxusa.com\\\/vision-and-mission\\\/#breadcrumb\",\"itemListElement\":[{\"@type\":\"ListItem\",\"position\":1,\"name\":\"Home\",\"item\":\"https:\\\/\\\/www.payxusa.com\\\/vi\\\/\"},{\"@type\":\"ListItem\",\"position\":2,\"name\":\"T\u1ea7m nh\u00ecn &amp; S\u1ee9 m\u1ec7nh\"}]},{\"@type\":\"WebSite\",\"@id\":\"https:\\\/\\\/www.payxusa.com\\\/vi\\\/#website\",\"url\":\"https:\\\/\\\/www.payxusa.com\\\/vi\\\/\",\"name\":\"PayX\",\"description\":\"Send Money Back Home Instantly\",\"potentialAction\":[{\"@type\":\"SearchAction\",\"target\":{\"@type\":\"EntryPoint\",\"urlTemplate\":\"https:\\\/\\\/www.payxusa.com\\\/vi\\\/?s={search_term_string}\"},\"query-input\":{\"@type\":\"PropertyValueSpecification\",\"valueRequired\":true,\"valueName\":\"search_term_string\"}}],\"inLanguage\":\"vi-VN\"}]}<\/script>\n<!-- \/ Yoast SEO plugin. -->","yoast_head_json":{"title":"T\u1ea7m nh\u00ecn &amp; S\u1ee9 m\u1ec7nh - PayX","robots":{"index":"index","follow":"follow","max-snippet":"max-snippet:-1","max-image-preview":"max-image-preview:large","max-video-preview":"max-video-preview:-1"},"canonical":"https:\/\/www.payxusa.com\/vision-and-mission\/","og_locale":"vi_VN","og_type":"article","og_title":"T\u1ea7m nh\u00ecn &amp; S\u1ee9 m\u1ec7nh - PayX","og_description":"T\u1ea7m nh\u00ecn &amp; S\u1ee9 m\u1ec7nh T\u1ea7m nh\u00ecn T\u1ea1i PayX, ch\u00fang t\u00f4i h\u00ecnh dung m\u1ed9t th\u1ebf gi\u1edbi n\u01a1i bi\u00ean gi\u1edbi kh\u00f4ng c\u00f2n l\u00e0 r\u00e0o c\u1ea3n \u0111\u1ed1i v\u1edbi quy\u1ec1n n\u0103ng t\u00e0i ch\u00ednh. T\u1ea7m nh\u00ecn c\u1ee7a ch\u00fang t\u00f4i l\u00e0 t\u1ea1o ra m\u1ed9t n\u1ec1n kinh t\u1ebf to\u00e0n c\u1ea7u bao tr\u00f9m b\u1eb1ng c\u00e1ch k\u1ebft n\u1ed1i m\u1ecdi ng\u01b0\u1eddi v\u00e0 doanh nghi\u1ec7p","og_url":"https:\/\/www.payxusa.com\/vision-and-mission\/","og_site_name":"PayX","article_modified_time":"2025-02-18T06:27:21+00:00","twitter_card":"summary_large_image","twitter_misc":{"Est. reading time":"4 minutes"},"schema":{"@context":"https:\/\/schema.org","@graph":[{"@type":"WebPage","@id":"https:\/\/www.payxusa.com\/vision-and-mission\/","url":"https:\/\/www.payxusa.com\/vision-and-mission\/","name":"T\u1ea7m nh\u00ecn &amp; S\u1ee9 m\u1ec7nh - PayX","isPartOf":{"@id":"https:\/\/www.payxusa.com\/vi\/#website"},"datePublished":"2023-09-15T21:03:43+00:00","dateModified":"2025-02-18T06:27:21+00:00","breadcrumb":{"@id":"https:\/\/www.payxusa.com\/vision-and-mission\/#breadcrumb"},"inLanguage":"vi-VN","potentialAction":[{"@type":"ReadAction","target":["https:\/\/www.payxusa.com\/vision-and-mission\/"]}]},{"@type":"BreadcrumbList","@id":"https:\/\/www.payxusa.com\/vision-and-mission\/#breadcrumb","itemListElement":[{"@type":"ListItem","position":1,"name":"Home","item":"https:\/\/www.payxusa.com\/vi\/"},{"@type":"ListItem","position":2,"name":"T\u1ea7m nh\u00ecn &amp; S\u1ee9 m\u1ec7nh"}]},{"@type":"WebSite","@id":"https:\/\/www.payxusa.com\/vi\/#website","url":"https:\/\/www.payxusa.com\/vi\/","name":"PayX","description":"Send Money Back Home Instantly","potentialAction":[{"@type":"SearchAction","target":{"@type":"EntryPoint","urlTemplate":"https:\/\/www.payxusa.com\/vi\/?s={search_term_string}"},"query-input":{"@type":"PropertyValueSpecification","valueRequired":true,"valueName":"search_term_string"}}],"inLanguage":"vi-VN"}]}},"_links":{"self":[{"href":"https:\/\/www.payxusa.com\/vi\/wp-json\/wp\/v2\/pages\/3218","targetHints":{"allow":["GET"]}}],"collection":[{"href":"https:\/\/www.payxusa.com\/vi\/wp-json\/wp\/v2\/pages"}],"about":[{"href":"https:\/\/www.payxusa.com\/vi\/wp-json\/wp\/v2\/types\/page"}],"author":[{"embeddable":true,"href":"https:\/\/www.payxusa.com\/vi\/wp-json\/wp\/v2\/users\/1"}],"replies":[{"embeddable":true,"href":"https:\/\/www.payxusa.com\/vi\/wp-json\/wp\/v2\/comments?post=3218"}],"version-history":[{"count":2,"href":"https:\/\/www.payxusa.com\/vi\/wp-json\/wp\/v2\/pages\/3218\/revisions"}],"predecessor-version":[{"id":3837,"href":"https:\/\/www.payxusa.com\/vi\/wp-json\/wp\/v2\/pages\/3218\/revisions\/3837"}],"wp:attachment":[{"href":"https:\/\/www.payxusa.com\/vi\/wp-json\/wp\/v2\/media?parent=3218"}],"curies":[{"name":"wp","href":"https:\/\/api.w.org\/{rel}","templated":true}]}}