{"id":3200,"date":"2023-09-15T21:03:43","date_gmt":"2023-09-15T21:03:43","guid":{"rendered":"https:\/\/payxusa.com\/gioi-thieu-ve-chung-toi\/"},"modified":"2025-02-18T06:24:11","modified_gmt":"2025-02-18T06:24:11","slug":"gioi-thieu-ve-chung-toi","status":"publish","type":"page","link":"https:\/\/www.payxusa.com\/vi\/gioi-thieu-ve-chung-toi\/","title":{"rendered":"Gi\u1edbi thi\u1ec7u v\u1ec1 ch\u00fang t\u00f4i"},"content":{"rendered":"\t\t<div data-elementor-type=\"wp-page\" data-elementor-id=\"3200\" class=\"elementor elementor-3200 elementor-2296\">\n\t\t\t\t\t\t<section class=\"elementor-section elementor-top-section elementor-element elementor-element-7ead009 elementor-section-full_width elementor-section-height-min-height elementor-section-height-default elementor-section-items-middle\" data-id=\"7ead009\" data-element_type=\"section\" data-e-type=\"section\" data-settings=\"{&quot;background_background&quot;:&quot;classic&quot;}\">\n\t\t\t\t\t\t\t<div class=\"elementor-background-overlay\"><\/div>\n\t\t\t\t\t\t\t<div class=\"elementor-container elementor-column-gap-default\">\n\t\t\t\t\t<div class=\"elementor-column elementor-col-100 elementor-top-column elementor-element elementor-element-5c1af48\" data-id=\"5c1af48\" data-element_type=\"column\" data-e-type=\"column\">\n\t\t\t<div class=\"elementor-widget-wrap elementor-element-populated\">\n\t\t\t\t\t\t<div class=\"elementor-element elementor-element-829e2d4 elementor-widget elementor-widget-heading\" data-id=\"829e2d4\" data-element_type=\"widget\" data-e-type=\"widget\" data-widget_type=\"heading.default\">\n\t\t\t\t<div class=\"elementor-widget-container\">\n\t\t\t\t\t<h2 class=\"elementor-heading-title elementor-size-default\">Gi\u1edbi thi\u1ec7u v\u1ec1 ch\u00fang t\u00f4i<\/h2>\t\t\t\t<\/div>\n\t\t\t\t<\/div>\n\t\t\t\t\t<\/div>\n\t\t<\/div>\n\t\t\t\t\t<\/div>\n\t\t<\/section>\n\t\t\t\t<section class=\"elementor-section elementor-top-section elementor-element elementor-element-fe31ea2 elementor-section-boxed elementor-section-height-default elementor-section-height-default\" data-id=\"fe31ea2\" data-element_type=\"section\" data-e-type=\"section\">\n\t\t\t\t\t\t<div class=\"elementor-container elementor-column-gap-default\">\n\t\t\t\t\t<div class=\"elementor-column elementor-col-100 elementor-top-column elementor-element elementor-element-2403396\" data-id=\"2403396\" data-element_type=\"column\" data-e-type=\"column\">\n\t\t\t<div class=\"elementor-widget-wrap elementor-element-populated\">\n\t\t\t\t\t\t<section class=\"elementor-section elementor-inner-section elementor-element elementor-element-e733647 elementor-section-boxed elementor-section-height-default elementor-section-height-default\" data-id=\"e733647\" data-element_type=\"section\" data-e-type=\"section\">\n\t\t\t\t\t\t<div class=\"elementor-container elementor-column-gap-default\">\n\t\t\t\t\t<div class=\"elementor-column elementor-col-100 elementor-inner-column elementor-element elementor-element-bdcec8f\" data-id=\"bdcec8f\" data-element_type=\"column\" data-e-type=\"column\">\n\t\t\t<div class=\"elementor-widget-wrap elementor-element-populated\">\n\t\t\t\t\t\t<div class=\"elementor-element elementor-element-75cfc61 elementor-widget elementor-widget-text-editor\" data-id=\"75cfc61\" data-element_type=\"widget\" data-e-type=\"widget\" data-widget_type=\"text-editor.default\">\n\t\t\t\t<div class=\"elementor-widget-container\">\n\t\t\t\t\t\t\t\t\t<p data-renderer-start-pos=\"38\">T\u1ea1i PayX, ch\u00fang t\u00f4i \u0111ang th\u1ef1c hi\u1ec7n s\u1ee9 m\u1ec7nh \u0111\u1ecbnh ngh\u0129a l\u1ea1i c\u00e1ch ti\u1ec1n di chuy\u1ec3n qua bi\u00ean gi\u1edbi. N\u1ec1n t\u1ea3ng c\u1ee7a ch\u00fang t\u00f4i \u0111\u01b0\u1ee3c x\u00e2y d\u1ef1ng \u0111\u1ec3 gi\u00fap vi\u1ec7c g\u1eedi ti\u1ec1n t\u1eeb Hoa K\u1ef3 \u0111\u1ebfn \u0110\u00f4ng Nam \u00c1 tr\u1edf n\u00ean \u0111\u01a1n gi\u1ea3n, an to\u00e0n v\u00e0 gi\u00e1 c\u1ea3 ph\u1ea3i ch\u0103ng. Trong giai \u0111o\u1ea1n \u0111\u1ea7u, ch\u00fang t\u00f4i t\u1eadp trung v\u00e0o h\u00e0nh lang chuy\u1ec3n ti\u1ec1n t\u1eeb Hoa K\u1ef3 \u0111\u1ebfn Vi\u1ec7t Nam. Ch\u00fang t\u00f4i \u0111\u1ea3m b\u1ea3o r\u1eb1ng s\u1ed1 ti\u1ec1n kh\u00f3 ki\u1ebfm c\u1ee7a b\u1ea1n s\u1ebd \u0111\u1ebfn tay nh\u1eefng ng\u01b0\u1eddi th\u00e2n y\u00eau c\u1ee7a b\u1ea1n m\u1ed9t c\u00e1ch nhanh ch\u00f3ng\u2014\u0111\u00fang n\u01a1i h\u1ecd c\u1ea7n nh\u1ea5t.   <\/p>\t\t\t\t\t\t\t\t<\/div>\n\t\t\t\t<\/div>\n\t\t\t\t<div class=\"elementor-element elementor-element-1340bdd elementor-widget elementor-widget-text-editor\" data-id=\"1340bdd\" data-element_type=\"widget\" data-e-type=\"widget\" data-widget_type=\"text-editor.default\">\n\t\t\t\t<div class=\"elementor-widget-container\">\n\t\t\t\t\t\t\t\t\t<p data-renderer-start-pos=\"401\">PayX \u0111\u01b0\u1ee3c truy\u1ec1n c\u1ea3m h\u1ee9ng t\u1eeb nh\u1eefng tr\u1ea3i nghi\u1ec7m mang t\u00ednh chuy\u1ec3n \u0111\u1ed5i c\u1ee7a nh\u00e0 s\u00e1ng l\u1eadp Tim Nguyen trong chuy\u1ebfn \u0111i \u0111\u1ebfn \u0110\u00f4ng Nam \u00c1 n\u0103m 2021. Khi ch\u1ee9ng ki\u1ebfn qu\u00e1 tr\u00ecnh s\u1ed1 h\u00f3a ti\u1ec1n nhanh ch\u00f3ng v\u00e0 vi\u1ec7c \u00e1p d\u1ee5ng r\u1ed9ng r\u00e3i v\u00ed \u0111i\u1ec7n t\u1eed tr\u00ean kh\u1eafp khu v\u1ef1c, anh \u0111\u00e3 t\u1eadn m\u1eaft ch\u1ee9ng ki\u1ebfn nh\u1eefng \u0111\u1ed5i m\u1edbi n\u00e0y trao quy\u1ec1n cho c\u1ed9ng \u0111\u1ed3ng \u0111\u1ecba ph\u01b0\u01a1ng nh\u01b0 th\u1ebf n\u00e0o. \u0110\u1ed3ng th\u1eddi, anh nh\u1eadn ra nh\u1eefng kh\u00f3 kh\u0103n m\u00e0 nh\u1eefng ng\u01b0\u1eddi nh\u1eadp c\u01b0 nh\u01b0 anh ph\u1ea3i \u0111\u1ed1i m\u1eb7t khi g\u1eedi ti\u1ec1n v\u1ec1 nh\u00e0\u2014ph\u00ed cao, th\u1eddi gian x\u1eed l\u00fd ch\u1eadm v\u00e0 ph\u01b0\u01a1ng th\u1ee9c thanh to\u00e1n b\u1eb1ng ti\u1ec1n m\u1eb7t \u0111\u00e3 l\u1ed7i th\u1eddi.  <\/p>\t\t\t\t\t\t\t\t<\/div>\n\t\t\t\t<\/div>\n\t\t\t\t<div class=\"elementor-element elementor-element-9fe4c24 elementor-widget elementor-widget-text-editor\" data-id=\"9fe4c24\" data-element_type=\"widget\" data-e-type=\"widget\" data-widget_type=\"text-editor.default\">\n\t\t\t\t<div class=\"elementor-widget-container\">\n\t\t\t\t\t\t\t\t\t<p data-renderer-start-pos=\"869\">\u0110\u01b0\u1ee3c th\u00fac \u0111\u1ea9y b\u1edfi hi\u1ec3u bi\u1ebft s\u00e2u s\u1eafc n\u00e0y, Tim \u0111\u00e3 h\u00ecnh dung ra m\u1ed9t gi\u1ea3i ph\u00e1p cho th\u1eddi \u0111\u1ea1i hi\u1ec7n \u0111\u1ea1i: m\u1ed9t d\u1ecbch v\u1ee5 chuy\u1ec3n ti\u1ec1n k\u1ef9 thu\u1eadt s\u1ed1 \u01b0u ti\u00ean t\u1ed1c \u0111\u1ed9, kh\u1ea3 n\u0103ng chi tr\u1ea3 v\u00e0 kh\u1ea3 n\u0103ng ti\u1ebfp c\u1eadn. V\u1edbi PayX, ng\u01b0\u1eddi g\u1eedi c\u00f3 th\u1ec3 chuy\u1ec3n ti\u1ec1n tr\u1ef1c ti\u1ebfp \u0111\u1ebfn ng\u01b0\u1eddi nh\u1eadn trong v\u00e0i ph\u00fat\u2014cho d\u00f9 l\u00e0 \u0111\u1ebfn t\u00e0i kho\u1ea3n ng\u00e2n h\u00e0ng hay v\u00ed k\u1ef9 thu\u1eadt s\u1ed1 \u01b0a th\u00edch\u2014m\u00e0 kh\u00f4ng c\u1ea7n \u0111\u1ebfn c\u00e1c trung gian t\u1ed1n k\u00e9m. <\/p>\t\t\t\t\t\t\t\t<\/div>\n\t\t\t\t<\/div>\n\t\t\t\t<div class=\"elementor-element elementor-element-3bd5115 elementor-widget elementor-widget-text-editor\" data-id=\"3bd5115\" data-element_type=\"widget\" data-e-type=\"widget\" data-widget_type=\"text-editor.default\">\n\t\t\t\t<div class=\"elementor-widget-container\">\n\t\t\t\t\t\t\t\t\t<div class=\"Q99tmKgWXEbMbz\" role=\"button\"><div class=\"dAWatUoI4_KOxI\" data-testid=\"comment-container\"><div class=\"OKlwSQ0FyvrPMg WB8EjxpBAw9olv\"><div class=\"Tt9w9y9sSmCNSj _qKWC8hsRYb03d UsFZdUsj8up1NB\"><div><div class=\"TTb5N2DgAn9VHs\"><div class=\"ak-renderer-wrapper is-full-width css-1jke4yk\"><div class=\"css-16sps2l\"><div class=\"ak-renderer-document\"><p data-renderer-start-pos=\"1204\">Cam k\u1ebft c\u1ee7a ch\u00fang t\u00f4i kh\u00f4ng ch\u1ec9 d\u1eebng l\u1ea1i \u1edf s\u1ef1 ti\u1ec7n l\u1ee3i. Ch\u00fang t\u00f4i hi\u1ec3u r\u1eb1ng nhi\u1ec1u ng\u01b0\u1eddi nh\u1eadp c\u01b0 v\u1eabn ch\u01b0a \u0111\u01b0\u1ee3c ph\u1ee5c v\u1ee5 \u0111\u1ea7y \u0111\u1ee7 ho\u1eb7c th\u1eadm ch\u00ed kh\u00f4ng c\u00f3 t\u00e0i kho\u1ea3n ng\u00e2n h\u00e0ng, v\u00e0 ch\u00fang t\u00f4i cam k\u1ebft thu h\u1eb9p kho\u1ea3ng c\u00e1ch n\u00e0y b\u1eb1ng c\u00e1ch cung c\u1ea5p m\u1ed9t n\u1ec1n t\u1ea3ng li\u1ec1n m\u1ea1ch \u0111\u1ea3m b\u1ea3o m\u1ecdi ng\u01b0\u1eddi \u0111\u1ec1u c\u00f3 th\u1ec3 ti\u1ebfp c\u1eadn c\u00e1c d\u1ecbch v\u1ee5 t\u00e0i ch\u00ednh nhanh ch\u00f3ng, an to\u00e0n v\u00e0 \u0111\u00e1ng tin c\u1eady. T\u1ea1i PayX, ch\u00fang t\u00f4i kh\u00f4ng ch\u1ec9 chuy\u1ec3n ti\u1ec1n; ch\u00fang t\u00f4i c\u00f2n k\u1ebft n\u1ed1i c\u1ed9ng \u0111\u1ed3ng, trao quy\u1ec1n cho c\u00e1c gia \u0111\u00ecnh v\u00e0 thay \u0111\u1ed5i cu\u1ed9c s\u1ed1ng trong th\u1eddi \u0111\u1ea1i k\u1ef9 thu\u1eadt s\u1ed1.  <\/p><\/div><\/div><\/div><\/div><\/div><\/div><\/div><\/div><\/div>\t\t\t\t\t\t\t\t<\/div>\n\t\t\t\t<\/div>\n\t\t\t\t\t<\/div>\n\t\t<\/div>\n\t\t\t\t\t<\/div>\n\t\t<\/section>\n\t\t\t\t\t<\/div>\n\t\t<\/div>\n\t\t\t\t\t<\/div>\n\t\t<\/section>\n\t\t\t\t<\/div>\n\t\t","protected":false},"excerpt":{"rendered":"<p>Gi\u1edbi thi\u1ec7u v\u1ec1 ch\u00fang t\u00f4i T\u1ea1i PayX, ch\u00fang t\u00f4i \u0111ang th\u1ef1c hi\u1ec7n s\u1ee9 m\u1ec7nh \u0111\u1ecbnh ngh\u0129a l\u1ea1i c\u00e1ch ti\u1ec1n di chuy\u1ec3n qua bi\u00ean gi\u1edbi. N\u1ec1n t\u1ea3ng c\u1ee7a ch\u00fang t\u00f4i \u0111\u01b0\u1ee3c x\u00e2y d\u1ef1ng \u0111\u1ec3 gi\u00fap vi\u1ec7c g\u1eedi ti\u1ec1n t\u1eeb Hoa K\u1ef3 \u0111\u1ebfn \u0110\u00f4ng Nam \u00c1 tr\u1edf n\u00ean \u0111\u01a1n gi\u1ea3n, an to\u00e0n v\u00e0 gi\u00e1 c\u1ea3 ph\u1ea3i ch\u0103ng. <\/p>\n","protected":false},"author":1,"featured_media":0,"parent":0,"menu_order":0,"comment_status":"closed","ping_status":"closed","template":"","meta":{"_acf_changed":false,"footnotes":""},"class_list":["post-3200","page","type-page","status-publish","hentry"],"acf":[],"yoast_head":"<!-- This site is optimized with the Yoast SEO plugin v27.3 - https:\/\/yoast.com\/product\/yoast-seo-wordpress\/ -->\n<title>Gi\u1edbi thi\u1ec7u v\u1ec1 ch\u00fang t\u00f4i - PayX<\/title>\n<meta name=\"robots\" content=\"index, follow, max-snippet:-1, max-image-preview:large, max-video-preview:-1\" \/>\n<link rel=\"canonical\" href=\"https:\/\/www.payxusa.com\/vi\/gioi-thieu-ve-chung-toi\/\" \/>\n<meta property=\"og:locale\" content=\"vi_VN\" \/>\n<meta property=\"og:type\" content=\"article\" \/>\n<meta property=\"og:title\" content=\"Gi\u1edbi thi\u1ec7u v\u1ec1 ch\u00fang t\u00f4i - PayX\" \/>\n<meta property=\"og:description\" content=\"Gi\u1edbi thi\u1ec7u v\u1ec1 ch\u00fang t\u00f4i T\u1ea1i PayX, ch\u00fang t\u00f4i \u0111ang th\u1ef1c hi\u1ec7n s\u1ee9 m\u1ec7nh \u0111\u1ecbnh ngh\u0129a l\u1ea1i c\u00e1ch ti\u1ec1n di chuy\u1ec3n qua bi\u00ean gi\u1edbi. N\u1ec1n t\u1ea3ng c\u1ee7a ch\u00fang t\u00f4i \u0111\u01b0\u1ee3c x\u00e2y d\u1ef1ng \u0111\u1ec3 gi\u00fap vi\u1ec7c g\u1eedi ti\u1ec1n t\u1eeb Hoa K\u1ef3 \u0111\u1ebfn \u0110\u00f4ng Nam \u00c1 tr\u1edf n\u00ean \u0111\u01a1n gi\u1ea3n, an to\u00e0n v\u00e0 gi\u00e1 c\u1ea3 ph\u1ea3i ch\u0103ng.\" \/>\n<meta property=\"og:url\" content=\"https:\/\/www.payxusa.com\/vi\/gioi-thieu-ve-chung-toi\/\" \/>\n<meta property=\"og:site_name\" content=\"PayX\" \/>\n<meta property=\"article:modified_time\" content=\"2025-02-18T06:24:11+00:00\" \/>\n<meta name=\"twitter:card\" content=\"summary_large_image\" \/>\n<meta name=\"twitter:label1\" content=\"Est. reading time\" \/>\n\t<meta name=\"twitter:data1\" content=\"3 minutes\" \/>\n<script type=\"application\/ld+json\" class=\"yoast-schema-graph\">{\"@context\":\"https:\\\/\\\/schema.org\",\"@graph\":[{\"@type\":\"WebPage\",\"@id\":\"https:\\\/\\\/www.payxusa.com\\\/vi\\\/gioi-thieu-ve-chung-toi\\\/\",\"url\":\"https:\\\/\\\/www.payxusa.com\\\/vi\\\/gioi-thieu-ve-chung-toi\\\/\",\"name\":\"Gi\u1edbi thi\u1ec7u v\u1ec1 ch\u00fang t\u00f4i - PayX\",\"isPartOf\":{\"@id\":\"https:\\\/\\\/www.payxusa.com\\\/vi\\\/#website\"},\"datePublished\":\"2023-09-15T21:03:43+00:00\",\"dateModified\":\"2025-02-18T06:24:11+00:00\",\"breadcrumb\":{\"@id\":\"https:\\\/\\\/www.payxusa.com\\\/vi\\\/gioi-thieu-ve-chung-toi\\\/#breadcrumb\"},\"inLanguage\":\"vi-VN\",\"potentialAction\":[{\"@type\":\"ReadAction\",\"target\":[\"https:\\\/\\\/www.payxusa.com\\\/vi\\\/gioi-thieu-ve-chung-toi\\\/\"]}]},{\"@type\":\"BreadcrumbList\",\"@id\":\"https:\\\/\\\/www.payxusa.com\\\/vi\\\/gioi-thieu-ve-chung-toi\\\/#breadcrumb\",\"itemListElement\":[{\"@type\":\"ListItem\",\"position\":1,\"name\":\"Home\",\"item\":\"https:\\\/\\\/www.payxusa.com\\\/vi\\\/\"},{\"@type\":\"ListItem\",\"position\":2,\"name\":\"Gi\u1edbi thi\u1ec7u v\u1ec1 ch\u00fang t\u00f4i\"}]},{\"@type\":\"WebSite\",\"@id\":\"https:\\\/\\\/www.payxusa.com\\\/vi\\\/#website\",\"url\":\"https:\\\/\\\/www.payxusa.com\\\/vi\\\/\",\"name\":\"PayX\",\"description\":\"Send Money Back Home Instantly\",\"potentialAction\":[{\"@type\":\"SearchAction\",\"target\":{\"@type\":\"EntryPoint\",\"urlTemplate\":\"https:\\\/\\\/www.payxusa.com\\\/vi\\\/?s={search_term_string}\"},\"query-input\":{\"@type\":\"PropertyValueSpecification\",\"valueRequired\":true,\"valueName\":\"search_term_string\"}}],\"inLanguage\":\"vi-VN\"}]}<\/script>\n<!-- \/ Yoast SEO plugin. -->","yoast_head_json":{"title":"Gi\u1edbi thi\u1ec7u v\u1ec1 ch\u00fang t\u00f4i - PayX","robots":{"index":"index","follow":"follow","max-snippet":"max-snippet:-1","max-image-preview":"max-image-preview:large","max-video-preview":"max-video-preview:-1"},"canonical":"https:\/\/www.payxusa.com\/vi\/gioi-thieu-ve-chung-toi\/","og_locale":"vi_VN","og_type":"article","og_title":"Gi\u1edbi thi\u1ec7u v\u1ec1 ch\u00fang t\u00f4i - PayX","og_description":"Gi\u1edbi thi\u1ec7u v\u1ec1 ch\u00fang t\u00f4i T\u1ea1i PayX, ch\u00fang t\u00f4i \u0111ang th\u1ef1c hi\u1ec7n s\u1ee9 m\u1ec7nh \u0111\u1ecbnh ngh\u0129a l\u1ea1i c\u00e1ch ti\u1ec1n di chuy\u1ec3n qua bi\u00ean gi\u1edbi. N\u1ec1n t\u1ea3ng c\u1ee7a ch\u00fang t\u00f4i \u0111\u01b0\u1ee3c x\u00e2y d\u1ef1ng \u0111\u1ec3 gi\u00fap vi\u1ec7c g\u1eedi ti\u1ec1n t\u1eeb Hoa K\u1ef3 \u0111\u1ebfn \u0110\u00f4ng Nam \u00c1 tr\u1edf n\u00ean \u0111\u01a1n gi\u1ea3n, an to\u00e0n v\u00e0 gi\u00e1 c\u1ea3 ph\u1ea3i ch\u0103ng.","og_url":"https:\/\/www.payxusa.com\/vi\/gioi-thieu-ve-chung-toi\/","og_site_name":"PayX","article_modified_time":"2025-02-18T06:24:11+00:00","twitter_card":"summary_large_image","twitter_misc":{"Est. reading time":"3 minutes"},"schema":{"@context":"https:\/\/schema.org","@graph":[{"@type":"WebPage","@id":"https:\/\/www.payxusa.com\/vi\/gioi-thieu-ve-chung-toi\/","url":"https:\/\/www.payxusa.com\/vi\/gioi-thieu-ve-chung-toi\/","name":"Gi\u1edbi thi\u1ec7u v\u1ec1 ch\u00fang t\u00f4i - PayX","isPartOf":{"@id":"https:\/\/www.payxusa.com\/vi\/#website"},"datePublished":"2023-09-15T21:03:43+00:00","dateModified":"2025-02-18T06:24:11+00:00","breadcrumb":{"@id":"https:\/\/www.payxusa.com\/vi\/gioi-thieu-ve-chung-toi\/#breadcrumb"},"inLanguage":"vi-VN","potentialAction":[{"@type":"ReadAction","target":["https:\/\/www.payxusa.com\/vi\/gioi-thieu-ve-chung-toi\/"]}]},{"@type":"BreadcrumbList","@id":"https:\/\/www.payxusa.com\/vi\/gioi-thieu-ve-chung-toi\/#breadcrumb","itemListElement":[{"@type":"ListItem","position":1,"name":"Home","item":"https:\/\/www.payxusa.com\/vi\/"},{"@type":"ListItem","position":2,"name":"Gi\u1edbi thi\u1ec7u v\u1ec1 ch\u00fang t\u00f4i"}]},{"@type":"WebSite","@id":"https:\/\/www.payxusa.com\/vi\/#website","url":"https:\/\/www.payxusa.com\/vi\/","name":"PayX","description":"Send Money Back Home Instantly","potentialAction":[{"@type":"SearchAction","target":{"@type":"EntryPoint","urlTemplate":"https:\/\/www.payxusa.com\/vi\/?s={search_term_string}"},"query-input":{"@type":"PropertyValueSpecification","valueRequired":true,"valueName":"search_term_string"}}],"inLanguage":"vi-VN"}]}},"_links":{"self":[{"href":"https:\/\/www.payxusa.com\/vi\/wp-json\/wp\/v2\/pages\/3200","targetHints":{"allow":["GET"]}}],"collection":[{"href":"https:\/\/www.payxusa.com\/vi\/wp-json\/wp\/v2\/pages"}],"about":[{"href":"https:\/\/www.payxusa.com\/vi\/wp-json\/wp\/v2\/types\/page"}],"author":[{"embeddable":true,"href":"https:\/\/www.payxusa.com\/vi\/wp-json\/wp\/v2\/users\/1"}],"replies":[{"embeddable":true,"href":"https:\/\/www.payxusa.com\/vi\/wp-json\/wp\/v2\/comments?post=3200"}],"version-history":[{"count":2,"href":"https:\/\/www.payxusa.com\/vi\/wp-json\/wp\/v2\/pages\/3200\/revisions"}],"predecessor-version":[{"id":3832,"href":"https:\/\/www.payxusa.com\/vi\/wp-json\/wp\/v2\/pages\/3200\/revisions\/3832"}],"wp:attachment":[{"href":"https:\/\/www.payxusa.com\/vi\/wp-json\/wp\/v2\/media?parent=3200"}],"curies":[{"name":"wp","href":"https:\/\/api.w.org\/{rel}","templated":true}]}}